{"id":58038,"date":"2025-07-31T11:33:42","date_gmt":"2025-07-31T10:33:42","guid":{"rendered":"https:\/\/pracek.si\/racunalniskatrgovina\/?post_type=product&#038;p=58038"},"modified":"2026-01-27T13:23:18","modified_gmt":"2026-01-27T12:23:18","slug":"brezzicna-kartica-intel-prowireless-3945-abg-mini-pcie-802-11abg-24-ghz-54-mbps-wm3945abg","status":"publish","type":"product","link":"https:\/\/pracek.si\/racunalniskatrgovina\/izdelek\/brezzicna-kartica-intel-prowireless-3945-abg-mini-pcie-802-11abg-24-ghz-54-mbps-wm3945abg\/","title":{"rendered":"Brez\u017ei\u010dna kartica Intel PROWireless 3945 ABG Mini PCIe 802.11abg 2,4 GHz 54 Mbps WM3945ABG"},"content":{"rendered":"<p>Nadgradite brez\u017ei\u010dno povezljivost va\u0161ega prenosnika z brez\u017ei\u010dno kartico Intel PRO\/Wireless 3945 ABG Mini PCIe. U\u017eivajte v zanesljivi povezljivosti 802.11a\/b\/g pri 2,4 GHz s hitrostjo do 54 Mb\/s. Izbolj\u0161ajte svojo izku\u0161njo brskanja in mre\u017eenja \u0161e danes!<\/p>\n","protected":false},"excerpt":{"rendered":"<p>Izbolj\u0161ajte brez\u017ei\u010dno povezljivost svojega prenosnika z brez\u017ei\u010dno kartico Intel PRO\/Wireless 3945 ABG Mini PCIe. Ta pristna nadomestna kartica zagotavlja zanesljivo povezljivost 802.11a\/b\/g pri 2,4 GHz s hitrostjo do 54 Mb\/s, kar zagotavlja nemoteno brskanje in izku\u0161njo mre\u017eenja.<\/p>\n<p>Klju\u010dne lastnosti:<\/p>\n<p>&#8211; Originalna zamenjava Intel: Zagotovite zdru\u017eljivost in zanesljivost s pristno nadomestno kartico.<\/p>\n<p>&#8211; Izbolj\u0161ana povezljivost: u\u017eivajte v zanesljivi brez\u017ei\u010dni povezavi 802.11a\/b\/g za brezhibno brskanje in mre\u017eenje.<\/p>\n<p>&#8211; Hitrost in zmogljivost: Izkusite hitrosti do 54 Mb\/s za u\u010dinkovit prenos podatkov in brskanje po internetu.<\/p>\n<p>&#8211; Enostavna namestitev: brez truda nadgradite brez\u017ei\u010dno kartico va\u0161ega prenosnika s preprosto namestitvijo.<\/p>\n<p>&#8211; Zdru\u017eljivost: Zdru\u017eljivo s \u0161iroko paleto prenosnikov, ki podpirajo brez\u017ei\u010dne kartice Mini PCIe.<\/p>\n<p>Nadgradite brez\u017ei\u010dne zmogljivosti svojega prenosnika \u0161e danes z brez\u017ei\u010dno kartico Intel PRO\/Wireless 3945 ABG Mini PCIe. Kupujte z zaupanjem, saj veste, da vlagate v pristen nadomestni del Intel za svojo napravo. \u010ce imate kakr\u0161na koli vpra\u0161anja ali potrebujete pomo\u010d, ne oklevajte in nas kontaktirajte. Tukaj smo, da vam pomagamo izbolj\u0161ati izku\u0161njo brskanja in mre\u017eenja.<\/p>\n","protected":false},"featured_media":47430,"template":"","meta":[],"product_brand":[],"product_cat":[2062],"product_tag":[2061,1818],"class_list":{"0":"post-58038","1":"product","2":"type-product","3":"status-publish","4":"has-post-thumbnail","6":"product_cat-maticne-plosce-in-deli-plosc","7":"product_tag-lenovo","8":"product_tag-rezervni-deli","10":"first","11":"instock","12":"taxable","13":"shipping-taxable","14":"purchasable","15":"product-type-simple"},"_links":{"self":[{"href":"https:\/\/pracek.si\/racunalniskatrgovina\/wp-json\/wp\/v2\/product\/58038","targetHints":{"allow":["GET"]}}],"collection":[{"href":"https:\/\/pracek.si\/racunalniskatrgovina\/wp-json\/wp\/v2\/product"}],"about":[{"href":"https:\/\/pracek.si\/racunalniskatrgovina\/wp-json\/wp\/v2\/types\/product"}],"version-history":[{"count":0,"href":"https:\/\/pracek.si\/racunalniskatrgovina\/wp-json\/wp\/v2\/product\/58038\/revisions"}],"wp:featuredmedia":[{"embeddable":true,"href":"https:\/\/pracek.si\/racunalniskatrgovina\/wp-json\/wp\/v2\/media\/47430"}],"wp:attachment":[{"href":"https:\/\/pracek.si\/racunalniskatrgovina\/wp-json\/wp\/v2\/media?parent=58038"}],"wp:term":[{"taxonomy":"product_brand","embeddable":true,"href":"https:\/\/pracek.si\/racunalniskatrgovina\/wp-json\/wp\/v2\/product_brand?post=58038"},{"taxonomy":"product_cat","embeddable":true,"href":"https:\/\/pracek.si\/racunalniskatrgovina\/wp-json\/wp\/v2\/product_cat?post=58038"},{"taxonomy":"product_tag","embeddable":true,"href":"https:\/\/pracek.si\/racunalniskatrgovina\/wp-json\/wp\/v2\/product_tag?post=58038"}],"curies":[{"name":"wp","href":"https:\/\/api.w.org\/{rel}","templated":true}]}}