{"id":58046,"date":"2025-07-31T11:34:39","date_gmt":"2025-07-31T10:34:39","guid":{"rendered":"https:\/\/pracek.si\/racunalniskatrgovina\/?post_type=product&#038;p=58046"},"modified":"2026-01-27T13:23:37","modified_gmt":"2026-01-27T12:23:37","slug":"power-female-power-dc-in-jack-kabel-za-prenosnik-lenovo-thinkpad-t60-t61-r60-r61","status":"publish","type":"product","link":"https:\/\/pracek.si\/racunalniskatrgovina\/izdelek\/power-female-power-dc-in-jack-kabel-za-prenosnik-lenovo-thinkpad-t60-t61-r60-r61\/","title":{"rendered":"Power Female Power DC In Jack kabel za prenosnik Lenovo Thinkpad T60 T61 R60 R61"},"content":{"rendered":"<p>Zamenjajte napajalni kabel z vti\u010dnico DC-in za prenosni ra\u010dunalnik Lenovo Thinkpad T60, T61, R60 ali R61. Zagotovite zanesljivo napajalno povezavo s tem originalnim nadomestnim delom. Nadgradite vhodno mo\u010d va\u0161ega prenosnika \u0161e danes!<\/p>\n","protected":false},"excerpt":{"rendered":"<p>Zagotovite, da va\u0161 prenosni ra\u010dunalnik Lenovo Thinkpad T60, T61, R60 ali R61 prejme zanesljivo napajanje s kablom Power Female Power DC In Jack. Ta originalni nadomestni del je zasnovan za brezhibno zdru\u017eljivost in enostavno namestitev.<\/p>\n<p>Klju\u010dne lastnosti:<\/p>\n<p>&#8211; Originalna zamenjava Lenovo: Zagotovite zdru\u017eljivost in zanesljivost s pristnim nadomestnim delom.<\/p>\n<p>&#8211; Enostavna namestitev: z enostavno namestitvijo nadgradite vhodno mo\u010d va\u0161ega prenosnika.<\/p>\n<p>&#8211; Zanesljiva napajalna povezljivost: obnovite zanesljivo napajalno povezljivost prenosnika za nemoteno uporabo.<\/p>\n<p>&#8211; Zdru\u017eljivost: zasnovano za uporabo s prenosniki Lenovo Thinkpad T60, T61, R60 in R61.<\/p>\n<p>Nadgradite svoj prenosni ra\u010dunalnik Lenovo Thinkpad \u0161e danes s pristnim kablom Power Female DC In Jack. Kupujte z zaupanjem, saj veste, da vlagate v kakovosten nadomestni del za svojo napravo. \u010ce imate kakr\u0161na koli vpra\u0161anja ali potrebujete pomo\u010d, ne oklevajte in nas kontaktirajte. Tukaj smo, da vam pomagamo vzdr\u017eevati funkcionalnost va\u0161ega prenosnika.<\/p>\n","protected":false},"featured_media":47432,"template":"","meta":[],"product_brand":[],"product_cat":[2055],"product_tag":[2061,1818],"class_list":{"0":"post-58046","1":"product","2":"type-product","3":"status-publish","4":"has-post-thumbnail","6":"product_cat-kabli","7":"product_tag-lenovo","8":"product_tag-rezervni-deli","10":"first","11":"instock","12":"taxable","13":"shipping-taxable","14":"purchasable","15":"product-type-simple"},"_links":{"self":[{"href":"https:\/\/pracek.si\/racunalniskatrgovina\/wp-json\/wp\/v2\/product\/58046","targetHints":{"allow":["GET"]}}],"collection":[{"href":"https:\/\/pracek.si\/racunalniskatrgovina\/wp-json\/wp\/v2\/product"}],"about":[{"href":"https:\/\/pracek.si\/racunalniskatrgovina\/wp-json\/wp\/v2\/types\/product"}],"version-history":[{"count":0,"href":"https:\/\/pracek.si\/racunalniskatrgovina\/wp-json\/wp\/v2\/product\/58046\/revisions"}],"wp:featuredmedia":[{"embeddable":true,"href":"https:\/\/pracek.si\/racunalniskatrgovina\/wp-json\/wp\/v2\/media\/47432"}],"wp:attachment":[{"href":"https:\/\/pracek.si\/racunalniskatrgovina\/wp-json\/wp\/v2\/media?parent=58046"}],"wp:term":[{"taxonomy":"product_brand","embeddable":true,"href":"https:\/\/pracek.si\/racunalniskatrgovina\/wp-json\/wp\/v2\/product_brand?post=58046"},{"taxonomy":"product_cat","embeddable":true,"href":"https:\/\/pracek.si\/racunalniskatrgovina\/wp-json\/wp\/v2\/product_cat?post=58046"},{"taxonomy":"product_tag","embeddable":true,"href":"https:\/\/pracek.si\/racunalniskatrgovina\/wp-json\/wp\/v2\/product_tag?post=58046"}],"curies":[{"name":"wp","href":"https:\/\/api.w.org\/{rel}","templated":true}]}}