{"id":58047,"date":"2025-07-31T11:34:40","date_gmt":"2025-07-31T10:34:40","guid":{"rendered":"https:\/\/pracek.si\/racunalniskatrgovina\/?post_type=product&#038;p=58047"},"modified":"2026-01-27T13:30:17","modified_gmt":"2026-01-27T12:30:17","slug":"ibm-lenovo-thinkpad-t60-t61-r60-r61-x60-x61-bluetooth-card-board-module-39t0497","status":"publish","type":"product","link":"https:\/\/pracek.si\/racunalniskatrgovina\/izdelek\/ibm-lenovo-thinkpad-t60-t61-r60-r61-x60-x61-bluetooth-card-board-module-39t0497\/","title":{"rendered":"IBM Lenovo ThinkPad T60 T61 R60 R61 X60 X61 Bluetooth Card Board Module 39T0497"},"content":{"rendered":"<p>Nadgradite svoj IBM Lenovo ThinkPad T60, T61, R60, R61, X60 ali X61 s tem pristnim modulom kartice Bluetooth Card Board. Zdru\u017eljivo s \u0161tevilko dela 39T0497. Izbolj\u0161ajte povezljivost svojega prenosnika \u0161e danes!<\/p>\n","protected":false},"excerpt":{"rendered":"<p>Izbolj\u0161ajte povezljivost svojega prenosnega ra\u010dunalnika IBM Lenovo ThinkPad T60, T61, R60, R61, X60 ali X61 s pristnim modulom kartice Bluetooth, \u0161tevilka dela 39T0497. Ta avtenti\u010dni nadomestni del, izdelan za zdru\u017eljivost in zanesljivost, zagotavlja brezhibno povezljivost Bluetooth in enostavno namestitev.<\/p>\n<p>Klju\u010dne lastnosti:<\/p>\n<p>&#8211; Originalna zamenjava IBM Lenovo: Zagotovite zdru\u017eljivost in zanesljivost s pristnim nadomestnim delom.<\/p>\n<p>&#8211; Enostavna namestitev: s preprosto namestitvijo brez te\u017eav nadgradite povezljivost prenosnika.<\/p>\n<p>&#8211; Brezhibna povezljivost Bluetooth: u\u017eivajte v izbolj\u0161ani povezljivosti z zanesljivo funkcijo Bluetooth.<\/p>\n<p>&#8211; Zdru\u017eljivost: zasnovano posebej za modele IBM Lenovo ThinkPad T60, T61, R60, R61, X60 in X61.<\/p>\n<p>&#8211; Vzdr\u017eljiva konstrukcija: izdelana tako, da prenese vsakodnevno uporabo, kar zagotavlja dolgo \u017eivljenjsko dobo in zanesljivost.<\/p>\n<p>Nadgradite svoj prenosni ra\u010dunalnik IBM Lenovo ThinkPad \u0161e danes s pristnim modulom kartice Bluetooth Card Board. Kupujte z zaupanjem, saj veste, da vlagate v kakovosten nadomestni del za svojo napravo. \u010ce imate kakr\u0161na koli vpra\u0161anja ali potrebujete pomo\u010d, ne oklevajte in nas kontaktirajte. Tukaj smo, da vam pomagamo izbolj\u0161ati povezljivost va\u0161ega prenosnika.<\/p>\n","protected":false},"featured_media":47434,"template":"","meta":[],"product_brand":[],"product_cat":[2062],"product_tag":[2061,1818],"class_list":{"0":"post-58047","1":"product","2":"type-product","3":"status-publish","4":"has-post-thumbnail","6":"product_cat-maticne-plosce-in-deli-plosc","7":"product_tag-lenovo","8":"product_tag-rezervni-deli","10":"first","11":"instock","12":"taxable","13":"shipping-taxable","14":"purchasable","15":"product-type-simple"},"_links":{"self":[{"href":"https:\/\/pracek.si\/racunalniskatrgovina\/wp-json\/wp\/v2\/product\/58047","targetHints":{"allow":["GET"]}}],"collection":[{"href":"https:\/\/pracek.si\/racunalniskatrgovina\/wp-json\/wp\/v2\/product"}],"about":[{"href":"https:\/\/pracek.si\/racunalniskatrgovina\/wp-json\/wp\/v2\/types\/product"}],"version-history":[{"count":0,"href":"https:\/\/pracek.si\/racunalniskatrgovina\/wp-json\/wp\/v2\/product\/58047\/revisions"}],"wp:featuredmedia":[{"embeddable":true,"href":"https:\/\/pracek.si\/racunalniskatrgovina\/wp-json\/wp\/v2\/media\/47434"}],"wp:attachment":[{"href":"https:\/\/pracek.si\/racunalniskatrgovina\/wp-json\/wp\/v2\/media?parent=58047"}],"wp:term":[{"taxonomy":"product_brand","embeddable":true,"href":"https:\/\/pracek.si\/racunalniskatrgovina\/wp-json\/wp\/v2\/product_brand?post=58047"},{"taxonomy":"product_cat","embeddable":true,"href":"https:\/\/pracek.si\/racunalniskatrgovina\/wp-json\/wp\/v2\/product_cat?post=58047"},{"taxonomy":"product_tag","embeddable":true,"href":"https:\/\/pracek.si\/racunalniskatrgovina\/wp-json\/wp\/v2\/product_tag?post=58047"}],"curies":[{"name":"wp","href":"https:\/\/api.w.org\/{rel}","templated":true}]}}