{"id":58051,"date":"2025-07-31T11:34:40","date_gmt":"2025-07-31T10:34:40","guid":{"rendered":"https:\/\/pracek.si\/racunalniskatrgovina\/?post_type=product&#038;p=58051"},"modified":"2025-07-31T11:37:54","modified_gmt":"2025-07-31T10:37:54","slug":"ibm-lenovo-thinkpad-dvd-cdrw-ultrabay-slim-combo-drive-ii-za-fru-39t2687","status":"publish","type":"product","link":"https:\/\/pracek.si\/racunalniskatrgovina\/izdelek\/ibm-lenovo-thinkpad-dvd-cdrw-ultrabay-slim-combo-drive-ii-za-fru-39t2687\/","title":{"rendered":"IBM Lenovo ThinkPad DVD-CDRW Ultrabay Slim Combo Drive II za FRU 39T2687"},"content":{"rendered":"<p>Izbolj\u0161ajte zmogljivosti va\u0161ega IBM Lenovo ThinkPad s tem DVD-CDRW Ultrabay Slim Combo Drive II. Zdru\u017eljivo s FRU: 39T2687. Nadgradite funkcionalnost svoje naprave \u0161e danes!<\/p>\n","protected":false},"excerpt":{"rendered":"<p>Nadgradite funkcionalnost va\u0161ega IBM Lenovo ThinkPad z DVD-CDRW Ultrabay Slim Combo Drive II, zdru\u017eljivim s FRU: 39T2687. Ta avtenti\u010dni pogon, izdelan za zanesljivost in zmogljivost, zagotavlja brezhibno delovanje in enostavno namestitev.<\/p>\n<p>Klju\u010dne lastnosti:<\/p>\n<p>&#8211; Originalna zamenjava IBM Lenovo: Zagotovite zdru\u017eljivost in zanesljivost s pristnim nadomestnim pogonom.<\/p>\n<p>&#8211; Enostavna namestitev: nadgradite funkcionalnost va\u0161e naprave brez truda s preprosto namestitvijo.<\/p>\n<p>&#8211; Izbolj\u0161ane zmogljivosti: u\u017eivajte v udobju zmo\u017enosti zapisovanja DVD-jev in CD-jev s tem vsestranskim kombiniranim pogonom.<\/p>\n<p>&#8211; Zdru\u017eljivost: Zasnovan za brezhibno delovanje z va\u0161im IBM Lenovo ThinkPad za izbolj\u0161ano funkcionalnost.<\/p>\n<p>Nadgradite svoj IBM Lenovo ThinkPad danes z DVD-CDRW Ultrabay Slim Combo Drive II. Kupujte z zaupanjem, saj veste, da vlagate v kakovosten nadomestni del za svojo napravo. \u010ce imate kakr\u0161na koli vpra\u0161anja ali potrebujete pomo\u010d, ne oklevajte in nas kontaktirajte. Tukaj smo, da vam pomagamo izbolj\u0161ati zmogljivosti va\u0161e naprave.<\/p>\n","protected":false},"featured_media":47453,"template":"","meta":[],"product_brand":[],"product_cat":[2062],"product_tag":[2061,1818],"class_list":{"0":"post-58051","1":"product","2":"type-product","3":"status-publish","4":"has-post-thumbnail","6":"product_cat-maticne-plosce-in-deli-plosc","7":"product_tag-lenovo","8":"product_tag-rezervni-deli","10":"first","11":"instock","12":"taxable","13":"shipping-taxable","14":"purchasable","15":"product-type-simple"},"_links":{"self":[{"href":"https:\/\/pracek.si\/racunalniskatrgovina\/wp-json\/wp\/v2\/product\/58051","targetHints":{"allow":["GET"]}}],"collection":[{"href":"https:\/\/pracek.si\/racunalniskatrgovina\/wp-json\/wp\/v2\/product"}],"about":[{"href":"https:\/\/pracek.si\/racunalniskatrgovina\/wp-json\/wp\/v2\/types\/product"}],"version-history":[{"count":0,"href":"https:\/\/pracek.si\/racunalniskatrgovina\/wp-json\/wp\/v2\/product\/58051\/revisions"}],"wp:featuredmedia":[{"embeddable":true,"href":"https:\/\/pracek.si\/racunalniskatrgovina\/wp-json\/wp\/v2\/media\/47453"}],"wp:attachment":[{"href":"https:\/\/pracek.si\/racunalniskatrgovina\/wp-json\/wp\/v2\/media?parent=58051"}],"wp:term":[{"taxonomy":"product_brand","embeddable":true,"href":"https:\/\/pracek.si\/racunalniskatrgovina\/wp-json\/wp\/v2\/product_brand?post=58051"},{"taxonomy":"product_cat","embeddable":true,"href":"https:\/\/pracek.si\/racunalniskatrgovina\/wp-json\/wp\/v2\/product_cat?post=58051"},{"taxonomy":"product_tag","embeddable":true,"href":"https:\/\/pracek.si\/racunalniskatrgovina\/wp-json\/wp\/v2\/product_tag?post=58051"}],"curies":[{"name":"wp","href":"https:\/\/api.w.org\/{rel}","templated":true}]}}