{"id":58071,"date":"2025-07-31T11:36:37","date_gmt":"2025-07-31T10:36:37","guid":{"rendered":"https:\/\/pracek.si\/racunalniskatrgovina\/?post_type=product&#038;p=58071"},"modified":"2026-01-27T13:32:07","modified_gmt":"2026-01-27T12:32:07","slug":"originalni-modem-lenovo-3000-kabel-42t0806","status":"publish","type":"product","link":"https:\/\/pracek.si\/racunalniskatrgovina\/izdelek\/originalni-modem-lenovo-3000-kabel-42t0806\/","title":{"rendered":"Originalni modem Lenovo 3000 + kabel 42T0806"},"content":{"rendered":"<p>Nadgradite svoj Lenovo 3000 s tem pristnim kompletom modema in kabla. Enostaven za namestitev in zdru\u017eljiv s \u0161tevilko dela 42T0806. Izbolj\u0161ajte povezljivost svojega prenosnika \u0161e danes!<\/p>\n","protected":false},"excerpt":{"rendered":"<p>Izbolj\u0161ajte povezljivost va\u0161ega prenosnika Lenovo 3000 z originalnim kompletom modema in kabla, \u0161tevilka dela 42T0806. Ta avtenti\u010dni nadomestni del, zasnovan za brezhibno zdru\u017eljivost in zanesljivo delovanje, zagotavlja, da bo va\u0161 prenosnik brez te\u017eav povezan.<\/p>\n<p>Klju\u010dne lastnosti:<\/p>\n<p>&#8211; Originalna zamenjava Lenovo: Zagotovite zdru\u017eljivost in zanesljivost s pristnim nadomestnim delom.<\/p>\n<p>&#8211; Enostavna namestitev: enostavno nadgradite povezljivost va\u0161e naprave s preprosto namestitvijo.<\/p>\n<p>&#8211; Izbolj\u0161ana povezljivost: Izbolj\u0161ajte zmo\u017enost va\u0161ega prenosnika za povezovanje z omre\u017eji s tem zanesljivim modemom in kompletom kablov.<\/p>\n<p>&#8211; Vzdr\u017eljiva konstrukcija: izdelana za dolgotrajno delovanje, kar zagotavlja, da bo va\u0161 prenosnik ves \u010das povezan.<\/p>\n<p>Nadgradite svoj prenosni ra\u010dunalnik Lenovo 3000 \u0161e danes s pristnim kompletom modema in kabla. Kupujte z zaupanjem, saj veste, da vlagate v kakovosten nadomestni del za svojo napravo. \u010ce imate kakr\u0161na koli vpra\u0161anja ali potrebujete pomo\u010d, ne oklevajte in nas kontaktirajte. Tukaj smo, da vam pomagamo izbolj\u0161ati funkcionalnost va\u0161e naprave.<\/p>\n","protected":false},"featured_media":47480,"template":"","meta":[],"product_brand":[],"product_cat":[2062],"product_tag":[2061,1818],"class_list":{"0":"post-58071","1":"product","2":"type-product","3":"status-publish","4":"has-post-thumbnail","6":"product_cat-maticne-plosce-in-deli-plosc","7":"product_tag-lenovo","8":"product_tag-rezervni-deli","10":"first","11":"instock","12":"taxable","13":"shipping-taxable","14":"purchasable","15":"product-type-simple"},"_links":{"self":[{"href":"https:\/\/pracek.si\/racunalniskatrgovina\/wp-json\/wp\/v2\/product\/58071","targetHints":{"allow":["GET"]}}],"collection":[{"href":"https:\/\/pracek.si\/racunalniskatrgovina\/wp-json\/wp\/v2\/product"}],"about":[{"href":"https:\/\/pracek.si\/racunalniskatrgovina\/wp-json\/wp\/v2\/types\/product"}],"version-history":[{"count":0,"href":"https:\/\/pracek.si\/racunalniskatrgovina\/wp-json\/wp\/v2\/product\/58071\/revisions"}],"wp:featuredmedia":[{"embeddable":true,"href":"https:\/\/pracek.si\/racunalniskatrgovina\/wp-json\/wp\/v2\/media\/47480"}],"wp:attachment":[{"href":"https:\/\/pracek.si\/racunalniskatrgovina\/wp-json\/wp\/v2\/media?parent=58071"}],"wp:term":[{"taxonomy":"product_brand","embeddable":true,"href":"https:\/\/pracek.si\/racunalniskatrgovina\/wp-json\/wp\/v2\/product_brand?post=58071"},{"taxonomy":"product_cat","embeddable":true,"href":"https:\/\/pracek.si\/racunalniskatrgovina\/wp-json\/wp\/v2\/product_cat?post=58071"},{"taxonomy":"product_tag","embeddable":true,"href":"https:\/\/pracek.si\/racunalniskatrgovina\/wp-json\/wp\/v2\/product_tag?post=58071"}],"curies":[{"name":"wp","href":"https:\/\/api.w.org\/{rel}","templated":true}]}}