{"id":58073,"date":"2025-07-31T11:36:37","date_gmt":"2025-07-31T10:36:37","guid":{"rendered":"https:\/\/pracek.si\/racunalniskatrgovina\/?post_type=product&#038;p=58073"},"modified":"2026-01-27T13:32:48","modified_gmt":"2026-01-27T12:32:48","slug":"originalna-podkartica-trdega-diska-lenovo-thinkpad-92p6237-x60-x61s","status":"publish","type":"product","link":"https:\/\/pracek.si\/racunalniskatrgovina\/izdelek\/originalna-podkartica-trdega-diska-lenovo-thinkpad-92p6237-x60-x61s\/","title":{"rendered":"Originalna podkartica trdega diska Lenovo Thinkpad 92P6237 X60 X61s"},"content":{"rendered":"<p>Nadgradite svoj Lenovo Thinkpad X60 ali X61 s to pristno podkartico za trdi disk. Enostaven za namestitev in zdru\u017eljiv s \u0161tevilko dela 92P6237. Izbolj\u0161ajte zmogljivost svojega prenosnika \u0161e danes!<\/p>\n","protected":false},"excerpt":{"rendered":"<p>Izbolj\u0161ajte zmogljivost in zmogljivost shranjevanja va\u0161ega prenosnika Lenovo Thinkpad X60 ali X61 z originalno podkartico trdega diska, \u0161tevilka dela 92P6237. Ta avtenti\u010dni nadomestni del je zasnovan za optimalno zdru\u017eljivost in zanesljivo delovanje ter zagotavlja nemoteno in u\u010dinkovito delovanje va\u0161e naprave.<\/p>\n<p>Klju\u010dne lastnosti:<\/p>\n<p>&#8211; Originalna zamenjava Lenovo: Zagotovite zdru\u017eljivost in zanesljivost s pristnim nadomestnim delom.<\/p>\n<p>&#8211; Enostavna namestitev: Nadgradite svojo napravo brez truda s preprosto namestitvijo.<\/p>\n<p>&#8211; Izbolj\u0161ana zmogljivost: izbolj\u0161ajte zmogljivost svojega prenosnika s to visokokakovostno podkartico.<\/p>\n<p>&#8211; Zanesljivo delovanje: Izdelan za izpolnjevanje strogih standardov dru\u017ebe Lenovo za dolgo \u017eivljenjsko dobo in zanesljivost.<\/p>\n<p>Nadgradite svoj Lenovo Thinkpad X60 ali X61 \u0161e danes s pristno podkartico za trdi disk. Kupujte z zaupanjem, saj veste, da vlagate v kakovosten nadomestni del za svojo napravo. \u010ce imate kakr\u0161na koli vpra\u0161anja ali potrebujete pomo\u010d, ne oklevajte in nas kontaktirajte. Tukaj smo, da vam pomagamo izbolj\u0161ati funkcionalnost in zmogljivost va\u0161ega prenosnika.<\/p>\n","protected":false},"featured_media":47484,"template":"","meta":[],"product_brand":[],"product_cat":[2062],"product_tag":[2061,1818],"class_list":{"0":"post-58073","1":"product","2":"type-product","3":"status-publish","4":"has-post-thumbnail","6":"product_cat-maticne-plosce-in-deli-plosc","7":"product_tag-lenovo","8":"product_tag-rezervni-deli","10":"first","11":"instock","12":"taxable","13":"shipping-taxable","14":"purchasable","15":"product-type-simple"},"_links":{"self":[{"href":"https:\/\/pracek.si\/racunalniskatrgovina\/wp-json\/wp\/v2\/product\/58073","targetHints":{"allow":["GET"]}}],"collection":[{"href":"https:\/\/pracek.si\/racunalniskatrgovina\/wp-json\/wp\/v2\/product"}],"about":[{"href":"https:\/\/pracek.si\/racunalniskatrgovina\/wp-json\/wp\/v2\/types\/product"}],"version-history":[{"count":0,"href":"https:\/\/pracek.si\/racunalniskatrgovina\/wp-json\/wp\/v2\/product\/58073\/revisions"}],"wp:featuredmedia":[{"embeddable":true,"href":"https:\/\/pracek.si\/racunalniskatrgovina\/wp-json\/wp\/v2\/media\/47484"}],"wp:attachment":[{"href":"https:\/\/pracek.si\/racunalniskatrgovina\/wp-json\/wp\/v2\/media?parent=58073"}],"wp:term":[{"taxonomy":"product_brand","embeddable":true,"href":"https:\/\/pracek.si\/racunalniskatrgovina\/wp-json\/wp\/v2\/product_brand?post=58073"},{"taxonomy":"product_cat","embeddable":true,"href":"https:\/\/pracek.si\/racunalniskatrgovina\/wp-json\/wp\/v2\/product_cat?post=58073"},{"taxonomy":"product_tag","embeddable":true,"href":"https:\/\/pracek.si\/racunalniskatrgovina\/wp-json\/wp\/v2\/product_tag?post=58073"}],"curies":[{"name":"wp","href":"https:\/\/api.w.org\/{rel}","templated":true}]}}