{"id":58085,"date":"2025-07-31T11:37:40","date_gmt":"2025-07-31T10:37:40","guid":{"rendered":"https:\/\/pracek.si\/racunalniskatrgovina\/?post_type=product&#038;p=58085"},"modified":"2026-01-27T16:48:21","modified_gmt":"2026-01-27T15:48:21","slug":"originalna-bluetooth-kartica-lenovo-thinkpad-t61-39t0497","status":"publish","type":"product","link":"https:\/\/pracek.si\/racunalniskatrgovina\/izdelek\/originalna-bluetooth-kartica-lenovo-thinkpad-t61-39t0497\/","title":{"rendered":"Originalna Bluetooth kartica Lenovo Thinkpad T61 39T0497"},"content":{"rendered":"<p>Nadgradite svoj Lenovo Thinkpad T61 s to pristno kartico Bluetooth. Enostaven za namestitev in zdru\u017eljiv s \u0161tevilko dela 39T0497. Izbolj\u0161ajte povezljivost svojega prenosnika \u0161e danes!<\/p>\n","protected":false},"excerpt":{"rendered":"<p>Izbolj\u0161ajte povezljivost va\u0161ega prenosnika Lenovo Thinkpad T61 z originalno kartico Bluetooth, \u0161tevilka dela 39T0497. Ta avtenti\u010dni nadomestni del, izdelan za zdru\u017eljivost in zanesljivost, zagotavlja brezhibno delovanje Bluetooth in enostavno namestitev.<\/p>\n<p>Klju\u010dne lastnosti:<\/p>\n<p>&#8211; Originalna zamenjava Lenovo: Zagotovite zdru\u017eljivost in zanesljivost s pristnim nadomestnim delom.<\/p>\n<p>&#8211; Enostavna namestitev: s preprosto namestitvijo brez te\u017eav nadgradite povezljivost prenosnika.<\/p>\n<p>&#8211; Izbolj\u0161ana funkcija Bluetooth: u\u017eivajte v brezhibni povezavi Bluetooth za izbolj\u0161ano vsestranskost.<\/p>\n<p>&#8211; Zdru\u017eljivost: Zasnovan za brezhibno delovanje z modelom Lenovo Thinkpad T61.<\/p>\n<p>&#8211; Zagotavljanje kakovosti: izdelano po visokokakovostnih standardih dru\u017ebe Lenovo, kar zagotavlja dolgo \u017eivljenjsko dobo in zanesljivost.<\/p>\n<p>Nadgradite svoj prenosni ra\u010dunalnik Lenovo Thinkpad T61 \u0161e danes s pristno kartico Bluetooth. Kupujte z zaupanjem, saj veste, da vlagate v kakovosten nadomestni del za svojo napravo. \u010ce imate kakr\u0161na koli vpra\u0161anja ali potrebujete pomo\u010d, ne oklevajte in nas kontaktirajte. Tukaj smo, da vam pomagamo izbolj\u0161ati funkcionalnost va\u0161ega prenosnika.<\/p>\n","protected":false},"featured_media":47502,"template":"","meta":[],"product_brand":[],"product_cat":[2062],"product_tag":[2061,1818],"class_list":{"0":"post-58085","1":"product","2":"type-product","3":"status-publish","4":"has-post-thumbnail","6":"product_cat-maticne-plosce-in-deli-plosc","7":"product_tag-lenovo","8":"product_tag-rezervni-deli","10":"first","11":"instock","12":"taxable","13":"shipping-taxable","14":"purchasable","15":"product-type-simple"},"_links":{"self":[{"href":"https:\/\/pracek.si\/racunalniskatrgovina\/wp-json\/wp\/v2\/product\/58085","targetHints":{"allow":["GET"]}}],"collection":[{"href":"https:\/\/pracek.si\/racunalniskatrgovina\/wp-json\/wp\/v2\/product"}],"about":[{"href":"https:\/\/pracek.si\/racunalniskatrgovina\/wp-json\/wp\/v2\/types\/product"}],"version-history":[{"count":0,"href":"https:\/\/pracek.si\/racunalniskatrgovina\/wp-json\/wp\/v2\/product\/58085\/revisions"}],"wp:featuredmedia":[{"embeddable":true,"href":"https:\/\/pracek.si\/racunalniskatrgovina\/wp-json\/wp\/v2\/media\/47502"}],"wp:attachment":[{"href":"https:\/\/pracek.si\/racunalniskatrgovina\/wp-json\/wp\/v2\/media?parent=58085"}],"wp:term":[{"taxonomy":"product_brand","embeddable":true,"href":"https:\/\/pracek.si\/racunalniskatrgovina\/wp-json\/wp\/v2\/product_brand?post=58085"},{"taxonomy":"product_cat","embeddable":true,"href":"https:\/\/pracek.si\/racunalniskatrgovina\/wp-json\/wp\/v2\/product_cat?post=58085"},{"taxonomy":"product_tag","embeddable":true,"href":"https:\/\/pracek.si\/racunalniskatrgovina\/wp-json\/wp\/v2\/product_tag?post=58085"}],"curies":[{"name":"wp","href":"https:\/\/api.w.org\/{rel}","templated":true}]}}