{"id":58100,"date":"2025-07-31T11:38:41","date_gmt":"2025-07-31T10:38:41","guid":{"rendered":"https:\/\/pracek.si\/racunalniskatrgovina\/?post_type=product&#038;p=58100"},"modified":"2025-07-31T11:41:54","modified_gmt":"2025-07-31T10:41:54","slug":"originalni-video-kabel-asus-1225b-lcd-1422-017b000","status":"publish","type":"product","link":"https:\/\/pracek.si\/racunalniskatrgovina\/izdelek\/originalni-video-kabel-asus-1225b-lcd-1422-017b000\/","title":{"rendered":"Originalni video kabel Asus 1225B LCD 1422-017B000"},"content":{"rendered":"<p>Nadgradite zaslon va\u0161ega Asusa 1225B s tem pristnim video kablom LCD. Enostaven za namestitev in zdru\u017eljiv s \u0161tevilko dela 1422-017B000. Izbolj\u0161ajte kakovost zaslona svojega prenosnika \u0161e danes!<\/p>\n","protected":false},"excerpt":{"rendered":"<p>Izbolj\u0161ajte kakovost zaslona svojega prenosnika Asus 1225B z originalnim video kablom LCD, \u0161tevilka dela 1422-017B000. Ta avtenti\u010dni nadomestni del, izdelan za vzdr\u017eljivost in zdru\u017eljivost, zagotavlja zanesljivo delovanje in enostavno namestitev.<\/p>\n<p>Klju\u010dne lastnosti:<\/p>\n<p>&#8211; Originalna zamenjava Asus: Zagotovite zdru\u017eljivost in zanesljivost s pristnim nadomestnim delom.<\/p>\n<p>&#8211; Enostavna namestitev: Nadgradite zaslon svojega prenosnika brez truda s preprosto namestitvijo.<\/p>\n<p>&#8211; Izbolj\u0161ana kakovost zaslona: izbolj\u0161ajte zaslon svojega prenosnika za jasnej\u0161e in ostrej\u0161e slike.<\/p>\n<p>&#8211; Vzdr\u017eljiva konstrukcija: izdelana tako, da prenese uporabo, kar zagotavlja dolgo \u017eivljenjsko dobo in zanesljivost.<\/p>\n<p>Nadgradite svoj prenosni ra\u010dunalnik Asus 1225B \u0161e danes s pristnim video kablom LCD. Kupujte z zaupanjem, saj veste, da vlagate v kakovosten nadomestni del za svojo napravo. \u010ce imate kakr\u0161na koli vpra\u0161anja ali potrebujete pomo\u010d, ne oklevajte in nas kontaktirajte. Tukaj smo, da vam pomagamo izbolj\u0161ati kakovost zaslona va\u0161ega prenosnika.<\/p>\n","protected":false},"featured_media":47537,"template":"","meta":[],"product_brand":[],"product_cat":[2055],"product_tag":[2065,1818],"class_list":{"0":"post-58100","1":"product","2":"type-product","3":"status-publish","4":"has-post-thumbnail","6":"product_cat-kabli","7":"product_tag-asus","8":"product_tag-rezervni-deli","10":"first","11":"instock","12":"taxable","13":"shipping-taxable","14":"purchasable","15":"product-type-simple"},"_links":{"self":[{"href":"https:\/\/pracek.si\/racunalniskatrgovina\/wp-json\/wp\/v2\/product\/58100","targetHints":{"allow":["GET"]}}],"collection":[{"href":"https:\/\/pracek.si\/racunalniskatrgovina\/wp-json\/wp\/v2\/product"}],"about":[{"href":"https:\/\/pracek.si\/racunalniskatrgovina\/wp-json\/wp\/v2\/types\/product"}],"version-history":[{"count":0,"href":"https:\/\/pracek.si\/racunalniskatrgovina\/wp-json\/wp\/v2\/product\/58100\/revisions"}],"wp:featuredmedia":[{"embeddable":true,"href":"https:\/\/pracek.si\/racunalniskatrgovina\/wp-json\/wp\/v2\/media\/47537"}],"wp:attachment":[{"href":"https:\/\/pracek.si\/racunalniskatrgovina\/wp-json\/wp\/v2\/media?parent=58100"}],"wp:term":[{"taxonomy":"product_brand","embeddable":true,"href":"https:\/\/pracek.si\/racunalniskatrgovina\/wp-json\/wp\/v2\/product_brand?post=58100"},{"taxonomy":"product_cat","embeddable":true,"href":"https:\/\/pracek.si\/racunalniskatrgovina\/wp-json\/wp\/v2\/product_cat?post=58100"},{"taxonomy":"product_tag","embeddable":true,"href":"https:\/\/pracek.si\/racunalniskatrgovina\/wp-json\/wp\/v2\/product_tag?post=58100"}],"curies":[{"name":"wp","href":"https:\/\/api.w.org\/{rel}","templated":true}]}}