{"id":58112,"date":"2025-07-31T11:39:45","date_gmt":"2025-07-31T10:39:45","guid":{"rendered":"https:\/\/pracek.si\/racunalniskatrgovina\/?post_type=product&#038;p=58112"},"modified":"2026-01-27T16:49:38","modified_gmt":"2026-01-27T15:49:38","slug":"nosilec-za-pritrditev-okvirja-trdih-diskov-asus-eee-pc-1225b-hdd-caddy","status":"publish","type":"product","link":"https:\/\/pracek.si\/racunalniskatrgovina\/izdelek\/nosilec-za-pritrditev-okvirja-trdih-diskov-asus-eee-pc-1225b-hdd-caddy\/","title":{"rendered":"Nosilec za pritrditev okvirja trdih diskov ASUS EEE PC 1225B HDD Caddy"},"content":{"rendered":"<p>Nadgradite prostor za shranjevanje va\u0161ega ASUS EEE PC 1225B s tem nosilcem za namestitev okvirja trdih diskov HDD Caddy. Enostaven za namestitev in zdru\u017eljiv z razli\u010dnimi trdimi diski. Pove\u010dajte kapaciteto pomnilnika va\u0161e naprave \u0161e danes!<\/p>\n","protected":false},"excerpt":{"rendered":"<p>Pove\u010dajte zmogljivost shranjevanja va\u0161ega ASUS EEE PC 1225B z nosilcem za pritrditev okvirja trdih diskov HDD Caddy. Ta nosilec, zasnovan za vzdr\u017eljivost in zdru\u017eljivost, zagotavlja zanesljivo delovanje in enostavno namestitev.<\/p>\n<p>Klju\u010dne lastnosti:<\/p>\n<p>&#8211; Zdru\u017eljivo z ASUS EEE PC 1225B: zagotovite zdru\u017eljivost z va\u0161o napravo.<\/p>\n<p>&#8211; Enostavna namestitev: Brez truda nadgradite pomnilni\u0161ko zmogljivost va\u0161e naprave s preprosto namestitvijo.<\/p>\n<p>&#8211; Izbolj\u0161an prostor za shranjevanje: pove\u010dajte kapaciteto prenosnika za shranjevanje za izbolj\u0161ano funkcionalnost.<\/p>\n<p>&#8211; Vzdr\u017eljiva konstrukcija: izdelana tako, da prenese uporabo, kar zagotavlja dolgo \u017eivljenjsko dobo in zanesljivost.<\/p>\n<p>Nadgradite svoj ASUS EEE PC 1225B \u0161e danes z nosilcem za pritrditev okvirja trdih diskov HDD Caddy. Kupujte z zaupanjem, saj veste, da vlagate v kakovosten dodatek za svojo napravo. \u010ce imate kakr\u0161na koli vpra\u0161anja ali potrebujete pomo\u010d, nas kontaktirajte. Tukaj smo, da vam pomagamo izbolj\u0161ati zmogljivosti shranjevanja v va\u0161i napravi.<\/p>\n","protected":false},"featured_media":47550,"template":"","meta":[],"product_brand":[],"product_cat":[2051],"product_tag":[2065,1818],"class_list":{"0":"post-58112","1":"product","2":"type-product","3":"status-publish","4":"has-post-thumbnail","6":"product_cat-ohisje-prenosnika","7":"product_tag-asus","8":"product_tag-rezervni-deli","10":"first","11":"instock","12":"taxable","13":"shipping-taxable","14":"purchasable","15":"product-type-simple"},"_links":{"self":[{"href":"https:\/\/pracek.si\/racunalniskatrgovina\/wp-json\/wp\/v2\/product\/58112","targetHints":{"allow":["GET"]}}],"collection":[{"href":"https:\/\/pracek.si\/racunalniskatrgovina\/wp-json\/wp\/v2\/product"}],"about":[{"href":"https:\/\/pracek.si\/racunalniskatrgovina\/wp-json\/wp\/v2\/types\/product"}],"version-history":[{"count":0,"href":"https:\/\/pracek.si\/racunalniskatrgovina\/wp-json\/wp\/v2\/product\/58112\/revisions"}],"wp:featuredmedia":[{"embeddable":true,"href":"https:\/\/pracek.si\/racunalniskatrgovina\/wp-json\/wp\/v2\/media\/47550"}],"wp:attachment":[{"href":"https:\/\/pracek.si\/racunalniskatrgovina\/wp-json\/wp\/v2\/media?parent=58112"}],"wp:term":[{"taxonomy":"product_brand","embeddable":true,"href":"https:\/\/pracek.si\/racunalniskatrgovina\/wp-json\/wp\/v2\/product_brand?post=58112"},{"taxonomy":"product_cat","embeddable":true,"href":"https:\/\/pracek.si\/racunalniskatrgovina\/wp-json\/wp\/v2\/product_cat?post=58112"},{"taxonomy":"product_tag","embeddable":true,"href":"https:\/\/pracek.si\/racunalniskatrgovina\/wp-json\/wp\/v2\/product_tag?post=58112"}],"curies":[{"name":"wp","href":"https:\/\/api.w.org\/{rel}","templated":true}]}}