{"id":58148,"date":"2025-07-31T11:42:42","date_gmt":"2025-07-31T10:42:42","guid":{"rendered":"https:\/\/pracek.si\/racunalniskatrgovina\/?post_type=product&#038;p=58148"},"modified":"2026-01-27T20:12:38","modified_gmt":"2026-01-27T19:12:38","slug":"originalni-pokrov-tipkovnice-prenosnega-racunalnika-lenovo-thinkpad-x230-60-4ra02-021-2","status":"publish","type":"product","link":"https:\/\/pracek.si\/racunalniskatrgovina\/izdelek\/originalni-pokrov-tipkovnice-prenosnega-racunalnika-lenovo-thinkpad-x230-60-4ra02-021-2\/","title":{"rendered":"Originalni pokrov tipkovnice prenosnega ra\u010dunalnika Lenovo Thinkpad X230 60.4RA02.021"},"content":{"rendered":"<p>Izbolj\u0161ajte videz va\u0161ega Lenovo Thinkpad X230 s tem pristnim pokrovom za tipkovnico. Enostaven za namestitev in zdru\u017eljiv s \u0161tevilko dela 60.4RA02.021. Nadgradite estetiko svojega prenosnika \u0161e danes!<\/p>\n","protected":false},"excerpt":{"rendered":"<p>Izbolj\u0161ajte videz svojega prenosnika Lenovo Thinkpad X230 z originalnim pokrovom za tipkovnico, \u0161tevilka dela 60.4RA02.021. Ta avtenti\u010dni nadomestni del, izdelan z mislijo na natan\u010dnost in zanesljivost, ne izbolj\u0161a le videza va\u0161ega prenosnika, temve\u010d nudi tudi dodatno za\u0161\u010dito na podro\u010dju tipkovnice.<\/p>\n<p>Klju\u010dne lastnosti:<\/p>\n<p>&#8211; Originalna zamenjava Lenovo: Zagotovite zdru\u017eljivost in zanesljivost s pristnim nadomestnim delom.<\/p>\n<p>&#8211; Enostavna namestitev: Brez truda nadgradite estetiko svojega prenosnika s preprosto namestitvijo, brez strokovne pomo\u010di.<\/p>\n<p>&#8211; Izbolj\u0161an videz: spremenite videz va\u0161ega Lenovo Thinkpad X230 s tem elegantnim pokrovom za tipkovnico.<\/p>\n<p>\u2013 Dodatna za\u0161\u010dita: Za\u0161\u010ditite obmo\u010dje tipkovnice pred prahom, umazanijo in morebitnimi po\u0161kodbami s tem robustnim pokrovom.<\/p>\n<p>Nadgradite svoj prenosni ra\u010dunalnik Lenovo Thinkpad X230 \u0161e danes s pristnim pokrovom za tipkovnico. Kupujte z zaupanjem, saj veste, da vlagate v kakovosten nadomestni del za svojo napravo. \u010ce imate kakr\u0161na koli vpra\u0161anja ali potrebujete pomo\u010d, ne oklevajte in nas kontaktirajte. Tukaj smo, da vam pomagamo izbolj\u0161ati estetiko va\u0161e naprave.<\/p>\n","protected":false},"featured_media":47620,"template":"","meta":[],"product_brand":[],"product_cat":[2051],"product_tag":[2061,1818],"class_list":{"0":"post-58148","1":"product","2":"type-product","3":"status-publish","4":"has-post-thumbnail","6":"product_cat-ohisje-prenosnika","7":"product_tag-lenovo","8":"product_tag-rezervni-deli","10":"first","11":"instock","12":"taxable","13":"shipping-taxable","14":"purchasable","15":"product-type-simple"},"_links":{"self":[{"href":"https:\/\/pracek.si\/racunalniskatrgovina\/wp-json\/wp\/v2\/product\/58148","targetHints":{"allow":["GET"]}}],"collection":[{"href":"https:\/\/pracek.si\/racunalniskatrgovina\/wp-json\/wp\/v2\/product"}],"about":[{"href":"https:\/\/pracek.si\/racunalniskatrgovina\/wp-json\/wp\/v2\/types\/product"}],"version-history":[{"count":0,"href":"https:\/\/pracek.si\/racunalniskatrgovina\/wp-json\/wp\/v2\/product\/58148\/revisions"}],"wp:featuredmedia":[{"embeddable":true,"href":"https:\/\/pracek.si\/racunalniskatrgovina\/wp-json\/wp\/v2\/media\/47620"}],"wp:attachment":[{"href":"https:\/\/pracek.si\/racunalniskatrgovina\/wp-json\/wp\/v2\/media?parent=58148"}],"wp:term":[{"taxonomy":"product_brand","embeddable":true,"href":"https:\/\/pracek.si\/racunalniskatrgovina\/wp-json\/wp\/v2\/product_brand?post=58148"},{"taxonomy":"product_cat","embeddable":true,"href":"https:\/\/pracek.si\/racunalniskatrgovina\/wp-json\/wp\/v2\/product_cat?post=58148"},{"taxonomy":"product_tag","embeddable":true,"href":"https:\/\/pracek.si\/racunalniskatrgovina\/wp-json\/wp\/v2\/product_tag?post=58148"}],"curies":[{"name":"wp","href":"https:\/\/api.w.org\/{rel}","templated":true}]}}