{"id":58160,"date":"2025-07-31T11:43:46","date_gmt":"2025-07-31T10:43:46","guid":{"rendered":"https:\/\/pracek.si\/racunalniskatrgovina\/?post_type=product&#038;p=58160"},"modified":"2025-07-31T11:46:52","modified_gmt":"2025-07-31T10:46:52","slug":"originalni-bralnik-prstnih-odtisov-lenovo-thinkpad-fru-48-4qe17-011-48-4qe18-011","status":"publish","type":"product","link":"https:\/\/pracek.si\/racunalniskatrgovina\/izdelek\/originalni-bralnik-prstnih-odtisov-lenovo-thinkpad-fru-48-4qe17-011-48-4qe18-011\/","title":{"rendered":"Originalni bralnik prstnih odtisov Lenovo ThinkPad FRU 48.4QE17.011 48.4QE18.011"},"content":{"rendered":"<p>Nadgradite svoj Lenovo ThinkPad s tem pristnim bralnikom prstnih odtisov FRU. Enostaven za namestitev in zdru\u017eljiv s \u0161tevilkama delov 48.4QE17.011 in 48.4QE18.011. Izbolj\u0161ajte varnost svoje naprave \u0161e danes!<\/p>\n","protected":false},"excerpt":{"rendered":"<p>Izbolj\u0161ajte varnost va\u0161ega Lenovo ThinkPada z originalnim bralnikom prstnih odtisov FRU, zdru\u017eljivim s \u0161tevilkama delov 48.4QE17.011 in 48.4QE18.011. Ta avtenti\u010dni nadomestni del, izdelan za vzdr\u017eljivost in zanesljivost, zagotavlja brezhibno integracijo in izbolj\u0161ano za\u0161\u010dito va\u0161e naprave.<\/p>\n<p>Klju\u010dne lastnosti:<\/p>\n<p>&#8211; Originalna zamenjava Lenovo: Zagotovite zdru\u017eljivost in zanesljivost s pristnim bralnikom prstnih odtisov FRU.<\/p>\n<p>&#8211; Enostavna namestitev: Brez te\u017eav nadgradite varnost va\u0161e naprave s preprosto namestitvijo.<\/p>\n<p>&#8211; Izbolj\u0161ana varnost: Za\u0161\u010ditite svoje podatke in napravo z napredno tehnologijo za prepoznavanje prstnih odtisov.<\/p>\n<p>&#8211; Vzdr\u017eljiva konstrukcija: izdelana tako, da prenese vsakodnevno uporabo, kar zagotavlja dolgo \u017eivljenjsko dobo in zanesljivost.<\/p>\n<p>Nadgradite svoj Lenovo ThinkPad \u0161e danes s pristnim bralnikom prstnih odtisov FRU. Kupujte z zaupanjem, saj veste, da vlagate v kakovosten nadomestni del za svojo napravo. \u010ce imate kakr\u0161na koli vpra\u0161anja ali potrebujete pomo\u010d, ne oklevajte in nas kontaktirajte. Tukaj smo, da vam pomagamo pove\u010dati varnost va\u0161e naprave.<\/p>\n","protected":false},"featured_media":47639,"template":"","meta":[],"product_brand":[],"product_cat":[2062],"product_tag":[2061,1818],"class_list":{"0":"post-58160","1":"product","2":"type-product","3":"status-publish","4":"has-post-thumbnail","6":"product_cat-maticne-plosce-in-deli-plosc","7":"product_tag-lenovo","8":"product_tag-rezervni-deli","10":"first","11":"instock","12":"taxable","13":"shipping-taxable","14":"purchasable","15":"product-type-simple"},"_links":{"self":[{"href":"https:\/\/pracek.si\/racunalniskatrgovina\/wp-json\/wp\/v2\/product\/58160","targetHints":{"allow":["GET"]}}],"collection":[{"href":"https:\/\/pracek.si\/racunalniskatrgovina\/wp-json\/wp\/v2\/product"}],"about":[{"href":"https:\/\/pracek.si\/racunalniskatrgovina\/wp-json\/wp\/v2\/types\/product"}],"version-history":[{"count":0,"href":"https:\/\/pracek.si\/racunalniskatrgovina\/wp-json\/wp\/v2\/product\/58160\/revisions"}],"wp:featuredmedia":[{"embeddable":true,"href":"https:\/\/pracek.si\/racunalniskatrgovina\/wp-json\/wp\/v2\/media\/47639"}],"wp:attachment":[{"href":"https:\/\/pracek.si\/racunalniskatrgovina\/wp-json\/wp\/v2\/media?parent=58160"}],"wp:term":[{"taxonomy":"product_brand","embeddable":true,"href":"https:\/\/pracek.si\/racunalniskatrgovina\/wp-json\/wp\/v2\/product_brand?post=58160"},{"taxonomy":"product_cat","embeddable":true,"href":"https:\/\/pracek.si\/racunalniskatrgovina\/wp-json\/wp\/v2\/product_cat?post=58160"},{"taxonomy":"product_tag","embeddable":true,"href":"https:\/\/pracek.si\/racunalniskatrgovina\/wp-json\/wp\/v2\/product_tag?post=58160"}],"curies":[{"name":"wp","href":"https:\/\/api.w.org\/{rel}","templated":true}]}}