{"id":58162,"date":"2025-07-31T11:43:47","date_gmt":"2025-07-31T10:43:47","guid":{"rendered":"https:\/\/pracek.si\/racunalniskatrgovina\/?post_type=product&#038;p=58162"},"modified":"2026-01-27T20:12:52","modified_gmt":"2026-01-27T19:12:52","slug":"originalni-pokrov-lenovo-thinkpad-x220-x220i-x230-x230i-pomnilnik-ram-04w6948","status":"publish","type":"product","link":"https:\/\/pracek.si\/racunalniskatrgovina\/izdelek\/originalni-pokrov-lenovo-thinkpad-x220-x220i-x230-x230i-pomnilnik-ram-04w6948\/","title":{"rendered":"Originalni pokrov Lenovo Thinkpad X220 X220I X230 X230I pomnilnik RAM 04W6948"},"content":{"rendered":"<p>Nadgradite zmogljivost va\u0161ega Lenovo Thinkpad X220\/X220I\/X230\/X230I s tem pristnim pokrovom Memory RAM. Enostaven za namestitev in zdru\u017eljiv s \u0161tevilko dela 04W6948.<\/p>\n","protected":false},"excerpt":{"rendered":"<p>Izbolj\u0161ajte zmogljivost va\u0161ega prenosnega ra\u010dunalnika Lenovo Thinkpad X220\/X220I\/X230\/X230I z originalnim pokrovom Memory RAM, \u0161tevilka dela 04W6948.<\/p>\n<p>Klju\u010dne lastnosti:<\/p>\n<p>&#8211; Originalna zamenjava Lenovo: Zagotovite zdru\u017eljivost in zanesljivost s pristnim nadomestnim delom.<\/p>\n<p>&#8211; Enostavna namestitev: Z enostavno namestitvijo nadgradite zmogljivost svojega prenosnika.<\/p>\n<p>&#8211; Zdru\u017eljivost: zasnovano posebej za modele Lenovo Thinkpad X220, X220I, X230 in X230I.<\/p>\n<p>Nadgradite svoj prenosni ra\u010dunalnik Lenovo Thinkpad X220\/X220I\/X230\/X230I \u0161e danes z originalnim pokrovom Memory RAM. Kupujte z zaupanjem, saj veste, da vlagate v kakovosten nadomestni del za svojo napravo. \u010ce imate kakr\u0161na koli vpra\u0161anja ali potrebujete pomo\u010d, ne oklevajte in nas kontaktirajte. Tukaj smo, da vam pomagamo izbolj\u0161ati zmogljivost va\u0161ega prenosnika.<\/p>\n","protected":false},"featured_media":47644,"template":"","meta":[],"product_brand":[],"product_cat":[2051],"product_tag":[2061,1818],"class_list":{"0":"post-58162","1":"product","2":"type-product","3":"status-publish","4":"has-post-thumbnail","6":"product_cat-ohisje-prenosnika","7":"product_tag-lenovo","8":"product_tag-rezervni-deli","10":"first","11":"instock","12":"taxable","13":"shipping-taxable","14":"purchasable","15":"product-type-simple"},"_links":{"self":[{"href":"https:\/\/pracek.si\/racunalniskatrgovina\/wp-json\/wp\/v2\/product\/58162","targetHints":{"allow":["GET"]}}],"collection":[{"href":"https:\/\/pracek.si\/racunalniskatrgovina\/wp-json\/wp\/v2\/product"}],"about":[{"href":"https:\/\/pracek.si\/racunalniskatrgovina\/wp-json\/wp\/v2\/types\/product"}],"version-history":[{"count":0,"href":"https:\/\/pracek.si\/racunalniskatrgovina\/wp-json\/wp\/v2\/product\/58162\/revisions"}],"wp:featuredmedia":[{"embeddable":true,"href":"https:\/\/pracek.si\/racunalniskatrgovina\/wp-json\/wp\/v2\/media\/47644"}],"wp:attachment":[{"href":"https:\/\/pracek.si\/racunalniskatrgovina\/wp-json\/wp\/v2\/media?parent=58162"}],"wp:term":[{"taxonomy":"product_brand","embeddable":true,"href":"https:\/\/pracek.si\/racunalniskatrgovina\/wp-json\/wp\/v2\/product_brand?post=58162"},{"taxonomy":"product_cat","embeddable":true,"href":"https:\/\/pracek.si\/racunalniskatrgovina\/wp-json\/wp\/v2\/product_cat?post=58162"},{"taxonomy":"product_tag","embeddable":true,"href":"https:\/\/pracek.si\/racunalniskatrgovina\/wp-json\/wp\/v2\/product_tag?post=58162"}],"curies":[{"name":"wp","href":"https:\/\/api.w.org\/{rel}","templated":true}]}}