{"id":58173,"date":"2025-07-31T11:44:38","date_gmt":"2025-07-31T10:44:38","guid":{"rendered":"https:\/\/pracek.si\/racunalniskatrgovina\/?post_type=product&#038;p=58173"},"modified":"2026-01-28T09:09:38","modified_gmt":"2026-01-28T08:09:38","slug":"h5321-deli-prenosnika-lenovo-thinkpad-x220-t430-wwan-3g-umts-hsdp","status":"publish","type":"product","link":"https:\/\/pracek.si\/racunalniskatrgovina\/izdelek\/h5321-deli-prenosnika-lenovo-thinkpad-x220-t430-wwan-3g-umts-hsdp\/","title":{"rendered":"H5321 Deli prenosnika Lenovo ThinkPad X220 T430 WWAN 3G UMTS HSDP"},"content":{"rendered":"<p>Izbolj\u0161ajte svoj Lenovo ThinkPad X220 ali T430 s hitro povezavo WWAN s tem modulom H5321 3G UMTS HSDP. Nadgradite svoj prenosnik, da ostanete povezani na poti z zanesljivim dostopom do interneta 3G, kjer koli \u017ee ste.<\/p>\n","protected":false},"excerpt":{"rendered":"<p>Nadgradite svoj prenosni ra\u010dunalnik Lenovo ThinkPad X220 ali T430 z modulom H5321 WWAN 3G UMTS HSDP in u\u017eivajte v hitri internetni povezljivosti, kamorkoli greste. Ta modul, zasnovan za brezhibno integracijo in zanesljivo delovanje, vam omogo\u010da, da ostanete povezani na poti s hitrim dostopom do interneta 3G.<\/p>\n<p>Ne glede na to, ali potujete zaradi slu\u017ebe ali preprosto potrebujete dostop do interneta, ko ste stran od dostopnih to\u010dk Wi-Fi, ta modul WWAN zagotavlja priro\u010dno re\u0161itev za dostop do interneta od kjer koli. Z namestitvijo plug-and-play je nadgradnja va\u0161ega prenosnika na povezljivost 3G hitra in enostavna, kar vam omogo\u010da, da v hipu u\u017eivate v prednostih mobilnega internetnega dostopa.<\/p>\n<p>Izkusite svobodo in udobje, da ostanete povezani na poti z modulom H5321 WWAN 3G UMTS HSDP za prenosnike Lenovo ThinkPad X220 in T430. Naro\u010dite svojo \u0161e danes in u\u017eivajte v zanesljivem dostopu do interneta, kamor koli vas popeljejo va\u0161e dogodiv\u0161\u010dine.<\/p>\n","protected":false},"featured_media":47664,"template":"","meta":[],"product_brand":[],"product_cat":[2062],"product_tag":[2061,1818],"class_list":{"0":"post-58173","1":"product","2":"type-product","3":"status-publish","4":"has-post-thumbnail","6":"product_cat-maticne-plosce-in-deli-plosc","7":"product_tag-lenovo","8":"product_tag-rezervni-deli","10":"first","11":"instock","12":"taxable","13":"shipping-taxable","14":"purchasable","15":"product-type-simple"},"_links":{"self":[{"href":"https:\/\/pracek.si\/racunalniskatrgovina\/wp-json\/wp\/v2\/product\/58173","targetHints":{"allow":["GET"]}}],"collection":[{"href":"https:\/\/pracek.si\/racunalniskatrgovina\/wp-json\/wp\/v2\/product"}],"about":[{"href":"https:\/\/pracek.si\/racunalniskatrgovina\/wp-json\/wp\/v2\/types\/product"}],"version-history":[{"count":0,"href":"https:\/\/pracek.si\/racunalniskatrgovina\/wp-json\/wp\/v2\/product\/58173\/revisions"}],"wp:featuredmedia":[{"embeddable":true,"href":"https:\/\/pracek.si\/racunalniskatrgovina\/wp-json\/wp\/v2\/media\/47664"}],"wp:attachment":[{"href":"https:\/\/pracek.si\/racunalniskatrgovina\/wp-json\/wp\/v2\/media?parent=58173"}],"wp:term":[{"taxonomy":"product_brand","embeddable":true,"href":"https:\/\/pracek.si\/racunalniskatrgovina\/wp-json\/wp\/v2\/product_brand?post=58173"},{"taxonomy":"product_cat","embeddable":true,"href":"https:\/\/pracek.si\/racunalniskatrgovina\/wp-json\/wp\/v2\/product_cat?post=58173"},{"taxonomy":"product_tag","embeddable":true,"href":"https:\/\/pracek.si\/racunalniskatrgovina\/wp-json\/wp\/v2\/product_tag?post=58173"}],"curies":[{"name":"wp","href":"https:\/\/api.w.org\/{rel}","templated":true}]}}