{"id":58183,"date":"2025-07-31T11:45:39","date_gmt":"2025-07-31T10:45:39","guid":{"rendered":"https:\/\/pracek.si\/racunalniskatrgovina\/?post_type=product&#038;p=58183"},"modified":"2026-01-28T09:10:45","modified_gmt":"2026-01-28T08:10:45","slug":"hdd-trdi-disk-caddy-pokrov-za-lenovo-ibm-x220-x220i-x230-x230i-deli-prenosnika","status":"publish","type":"product","link":"https:\/\/pracek.si\/racunalniskatrgovina\/izdelek\/hdd-trdi-disk-caddy-pokrov-za-lenovo-ibm-x220-x220i-x230-x230i-deli-prenosnika\/","title":{"rendered":"HDD trdi disk Caddy pokrov za Lenovo IBM X220 X220i X230 X230i deli prenosnika"},"content":{"rendered":"<p>Zamenjajte svoj stari ali po\u0161kodovan pokrov ohi\u0161ja trdega diska s tem visokokakovostnim nadomestkom, zasnovanim posebej za prenosnike Lenovo IBM X220, X220i, X230 in X230i. Ta pokrov, ki ga je enostavno namestiti in zdr\u017eati, zagotavlja, da va\u0161 trdi disk ostane varen in za\u0161\u010diten.<\/p>\n","protected":false},"excerpt":{"rendered":"<p>Nadgradite svoj prenosnik Lenovo IBM X220, X220i, X230 ali X230i s pokrovom za trdi disk HDD Caddy Cover, zasnovanim za varno in zanesljivo shranjevanje. Ta pokrov, izdelan z mislijo na vzdr\u017eljivost, zagotavlja za\u0161\u010dito va\u0161ega trdega diska, hkrati pa omogo\u010da enostaven dostop za vzdr\u017eevanje ali nadgradnjo.<\/p>\n<p>Zamenjajte obrabljen ali po\u0161kodovan pokrov s tem visokokakovostnim nadomestkom, da bo va\u0161 trdi disk ostal varno na mestu. Ta ovitek je zdru\u017eljiv z modeli Lenovo IBM X220, X220i, X230 in X230i, zato je enostaven za namestitev, zaradi \u010desar je popolna re\u0161itev za potrebe po popravilu va\u0161ega prenosnika.<\/p>\n<p>Ta prevleka je izdelana iz trpe\u017enih materialov in je zasnovana tako, da prenese vsakodnevno uporabo in zagotavlja dolgotrajno delovanje. Naj bo va\u0161 trdi disk varen in za\u0161\u010diten s pokrovom za trdi disk HDD Caddy Cover za prenosnike Lenovo IBM X220, X220i, X230 in X230i. Naro\u010dite svojega \u0161e danes in u\u017eivajte v miru, saj veste, da so va\u0161i podatki za\u0161\u010diteni.<\/p>\n","protected":false},"featured_media":47674,"template":"","meta":[],"product_brand":[],"product_cat":[2051],"product_tag":[2061,1818],"class_list":{"0":"post-58183","1":"product","2":"type-product","3":"status-publish","4":"has-post-thumbnail","6":"product_cat-ohisje-prenosnika","7":"product_tag-lenovo","8":"product_tag-rezervni-deli","10":"first","11":"instock","12":"taxable","13":"shipping-taxable","14":"purchasable","15":"product-type-simple"},"_links":{"self":[{"href":"https:\/\/pracek.si\/racunalniskatrgovina\/wp-json\/wp\/v2\/product\/58183","targetHints":{"allow":["GET"]}}],"collection":[{"href":"https:\/\/pracek.si\/racunalniskatrgovina\/wp-json\/wp\/v2\/product"}],"about":[{"href":"https:\/\/pracek.si\/racunalniskatrgovina\/wp-json\/wp\/v2\/types\/product"}],"version-history":[{"count":0,"href":"https:\/\/pracek.si\/racunalniskatrgovina\/wp-json\/wp\/v2\/product\/58183\/revisions"}],"wp:featuredmedia":[{"embeddable":true,"href":"https:\/\/pracek.si\/racunalniskatrgovina\/wp-json\/wp\/v2\/media\/47674"}],"wp:attachment":[{"href":"https:\/\/pracek.si\/racunalniskatrgovina\/wp-json\/wp\/v2\/media?parent=58183"}],"wp:term":[{"taxonomy":"product_brand","embeddable":true,"href":"https:\/\/pracek.si\/racunalniskatrgovina\/wp-json\/wp\/v2\/product_brand?post=58183"},{"taxonomy":"product_cat","embeddable":true,"href":"https:\/\/pracek.si\/racunalniskatrgovina\/wp-json\/wp\/v2\/product_cat?post=58183"},{"taxonomy":"product_tag","embeddable":true,"href":"https:\/\/pracek.si\/racunalniskatrgovina\/wp-json\/wp\/v2\/product_tag?post=58183"}],"curies":[{"name":"wp","href":"https:\/\/api.w.org\/{rel}","templated":true}]}}