{"id":58193,"date":"2025-07-31T11:46:39","date_gmt":"2025-07-31T10:46:39","guid":{"rendered":"https:\/\/pracek.si\/racunalniskatrgovina\/?post_type=product&#038;p=58193"},"modified":"2025-07-31T11:49:46","modified_gmt":"2025-07-31T10:49:46","slug":"originalni-spodnji-pokrov-fujitsu-lifebook-s936-originalni-nadomestni-deli-prenosnika","status":"publish","type":"product","link":"https:\/\/pracek.si\/racunalniskatrgovina\/izdelek\/originalni-spodnji-pokrov-fujitsu-lifebook-s936-originalni-nadomestni-deli-prenosnika\/","title":{"rendered":"Originalni spodnji pokrov Fujitsu Lifebook S936, originalni nadomestni deli prenosnika"},"content":{"rendered":"<p>Zamenjajte po\u0161kodovan spodnji pokrov va\u0161ega Fujitsu Lifebook S936 s tem originalnim delom. Izdelan za popolno prileganje in vzdr\u017eljivost, zagotavlja celovitost in za\u0161\u010dito va\u0161ega prenosnika.<\/p>\n","protected":false},"excerpt":{"rendered":"<p>Obnovite videz in funkcionalnost svojega Fujitsu Lifebook S936 s tem originalnim spodnjim pokrovom. Ta originalni nadomestni del, zasnovan posebej za Lifebook S936, zagotavlja popolno prileganje in izjemno vzdr\u017eljivost, kar zagotavlja, da bo va\u0161 prenosnik ostal za\u0161\u010diten in ohranil svoj eleganten videz.<\/p>\n<p>Proizveden v skladu z najvi\u0161jimi standardi kakovosti, ta nadomestek spodnjega pokrova ponuja vrhunsko konstrukcijo in odpornost ter odli\u010dno za\u0161\u010dito pred vsakodnevno obrabo. Ne glede na to, ali ste po\u0161kodovali obstoje\u010di pokrov ali preprosto \u017eelite osve\u017eiti zunanjost prenosnika, je ta originalni del idealna re\u0161itev.<\/p>\n<p>Ta spodnji pokrov, ki je enostaven za namestitev in je izdelan iz visokokakovostnih materialov, bo pomagal za\u0161\u010dititi notranje komponente va\u0161ega Fujitsu Lifebook S936, hkrati pa bo izbolj\u0161al njegov splo\u0161ni videz. Natan\u010dna zasnova zagotavlja popolno poravnavo vseh vrat, zra\u010dnikov in konektorjev ter tako ohranja popolno funkcionalnost va\u0161e naprave.<\/p>\n<p>Izberite originalne dele Fujitsu za neprimerljivo kakovost in zanesljivost. Naro\u010dite originalni spodnji pokrov za Fujitsu Lifebook S936 \u0161e danes in zagotovite svojemu prenosniku za\u0161\u010dito in estetiko, ki si jo zaslu\u017ei.<\/p>\n","protected":false},"featured_media":47682,"template":"","meta":[],"product_brand":[],"product_cat":[2051],"product_tag":[1818],"class_list":{"0":"post-58193","1":"product","2":"type-product","3":"status-publish","4":"has-post-thumbnail","6":"product_cat-ohisje-prenosnika","7":"product_tag-rezervni-deli","9":"first","10":"instock","11":"taxable","12":"shipping-taxable","13":"purchasable","14":"product-type-simple"},"_links":{"self":[{"href":"https:\/\/pracek.si\/racunalniskatrgovina\/wp-json\/wp\/v2\/product\/58193","targetHints":{"allow":["GET"]}}],"collection":[{"href":"https:\/\/pracek.si\/racunalniskatrgovina\/wp-json\/wp\/v2\/product"}],"about":[{"href":"https:\/\/pracek.si\/racunalniskatrgovina\/wp-json\/wp\/v2\/types\/product"}],"version-history":[{"count":0,"href":"https:\/\/pracek.si\/racunalniskatrgovina\/wp-json\/wp\/v2\/product\/58193\/revisions"}],"wp:featuredmedia":[{"embeddable":true,"href":"https:\/\/pracek.si\/racunalniskatrgovina\/wp-json\/wp\/v2\/media\/47682"}],"wp:attachment":[{"href":"https:\/\/pracek.si\/racunalniskatrgovina\/wp-json\/wp\/v2\/media?parent=58193"}],"wp:term":[{"taxonomy":"product_brand","embeddable":true,"href":"https:\/\/pracek.si\/racunalniskatrgovina\/wp-json\/wp\/v2\/product_brand?post=58193"},{"taxonomy":"product_cat","embeddable":true,"href":"https:\/\/pracek.si\/racunalniskatrgovina\/wp-json\/wp\/v2\/product_cat?post=58193"},{"taxonomy":"product_tag","embeddable":true,"href":"https:\/\/pracek.si\/racunalniskatrgovina\/wp-json\/wp\/v2\/product_tag?post=58193"}],"curies":[{"name":"wp","href":"https:\/\/api.w.org\/{rel}","templated":true}]}}