{"id":58194,"date":"2025-07-31T11:46:39","date_gmt":"2025-07-31T10:46:39","guid":{"rendered":"https:\/\/pracek.si\/racunalniskatrgovina\/?post_type=product&#038;p=58194"},"modified":"2025-07-31T11:49:50","modified_gmt":"2025-07-31T10:49:50","slug":"originalni-nadomestni-deli-prenosnika-fujitsu-lifebook-s936-za-naslon-za-dlani","status":"publish","type":"product","link":"https:\/\/pracek.si\/racunalniskatrgovina\/izdelek\/originalni-nadomestni-deli-prenosnika-fujitsu-lifebook-s936-za-naslon-za-dlani\/","title":{"rendered":"Originalni nadomestni deli prenosnika Fujitsu Lifebook S936 za naslon za dlani"},"content":{"rendered":"<p>Obnovite videz in funkcionalnost svojega Fujitsu Lifebook S936 s tem originalnim naslonom za dlani. Zasnovan za popolno prileganje in vzdr\u017eljivost, zagotavlja udobno tipkanje in brezhibno integracijo z va\u0161im prenosnikom.<\/p>\n","protected":false},"excerpt":{"rendered":"<p>Izbolj\u0161ajte videz in uporabnost svojega Fujitsu Lifebook S936 z originalnim naslonom za dlani, zasnovanim posebej za ta model. Ta visokokakovosten nadomestni del zagotavlja popolno prileganje in ohranja elegantno obliko va\u0161ega prenosnika ter zagotavlja udobno in trajno izku\u0161njo tipkanja.<\/p>\n<p>Ta originalni naslon za dlani, izdelan z mislijo na natan\u010dnost in vzdr\u017eljivost, je idealna re\u0161itev za zamenjavo obrabljenega ali po\u0161kodovanega naslona za dlani. Brezhibno se integrira z va\u0161im Fujitsu Lifebook S936 ter mu povrne prvotni videz in ob\u010dutek, hkrati pa ohrani splo\u0161no estetiko in funkcionalnost prenosnika.<\/p>\n<p>Ta zamenjava za naslon za dlani, ki je enostavna za namestitev in je zasnovana tako, da nudi enostavno re\u0161itev za izbolj\u0161anje uporabnosti va\u0161ega prenosnika. Visokokakovostni materiali, uporabljeni v njegovi izdelavi, zagotavljajo, da lahko prenese redno uporabo, kar vam zagotavlja zanesljivo in dolgotrajno re\u0161itev.<\/p>\n<p>Ne glede na to, ali \u017eelite zamenjati po\u0161kodovan naslon za dlani ali preprosto nadgraditi videz svojega prenosnika, je originalni naslon za dlani Fujitsu Lifebook S936 odli\u010dna izbira. Izkusite udobje in kakovost originalnega nadomestnega dela ter z zaupanjem obnovite funkcionalnost in estetiko svojega prenosnika.<\/p>\n<p>Naro\u010dite originalni naslon za dlani za Fujitsu Lifebook S936 \u0161e danes in dajte svojemu prenosniku sve\u017e, nov videz.<\/p>\n","protected":false},"featured_media":47696,"template":"","meta":[],"product_brand":[],"product_cat":[2051],"product_tag":[2063,1818],"class_list":{"0":"post-58194","1":"product","2":"type-product","3":"status-publish","4":"has-post-thumbnail","6":"product_cat-ohisje-prenosnika","7":"product_tag-fujitsu","8":"product_tag-rezervni-deli","10":"first","11":"instock","12":"taxable","13":"shipping-taxable","14":"purchasable","15":"product-type-simple"},"_links":{"self":[{"href":"https:\/\/pracek.si\/racunalniskatrgovina\/wp-json\/wp\/v2\/product\/58194","targetHints":{"allow":["GET"]}}],"collection":[{"href":"https:\/\/pracek.si\/racunalniskatrgovina\/wp-json\/wp\/v2\/product"}],"about":[{"href":"https:\/\/pracek.si\/racunalniskatrgovina\/wp-json\/wp\/v2\/types\/product"}],"version-history":[{"count":0,"href":"https:\/\/pracek.si\/racunalniskatrgovina\/wp-json\/wp\/v2\/product\/58194\/revisions"}],"wp:featuredmedia":[{"embeddable":true,"href":"https:\/\/pracek.si\/racunalniskatrgovina\/wp-json\/wp\/v2\/media\/47696"}],"wp:attachment":[{"href":"https:\/\/pracek.si\/racunalniskatrgovina\/wp-json\/wp\/v2\/media?parent=58194"}],"wp:term":[{"taxonomy":"product_brand","embeddable":true,"href":"https:\/\/pracek.si\/racunalniskatrgovina\/wp-json\/wp\/v2\/product_brand?post=58194"},{"taxonomy":"product_cat","embeddable":true,"href":"https:\/\/pracek.si\/racunalniskatrgovina\/wp-json\/wp\/v2\/product_cat?post=58194"},{"taxonomy":"product_tag","embeddable":true,"href":"https:\/\/pracek.si\/racunalniskatrgovina\/wp-json\/wp\/v2\/product_tag?post=58194"}],"curies":[{"name":"wp","href":"https:\/\/api.w.org\/{rel}","templated":true}]}}