{"id":58196,"date":"2025-07-31T11:46:40","date_gmt":"2025-07-31T10:46:40","guid":{"rendered":"https:\/\/pracek.si\/racunalniskatrgovina\/?post_type=product&#038;p=58196"},"modified":"2025-07-31T11:49:58","modified_gmt":"2025-07-31T10:49:58","slug":"originalni-zadnji-pokrov-lcd-zaslona-prenosnika-fujitsu-lifebook-s936-zgornji-pokrov-rabljeni-deli-prenosnika","status":"publish","type":"product","link":"https:\/\/pracek.si\/racunalniskatrgovina\/izdelek\/originalni-zadnji-pokrov-lcd-zaslona-prenosnika-fujitsu-lifebook-s936-zgornji-pokrov-rabljeni-deli-prenosnika\/","title":{"rendered":"Originalni zadnji pokrov LCD zaslona prenosnika Fujitsu LifeBook S936, zgornji pokrov, rabljeni deli prenosnika"},"content":{"rendered":"<p>Obnovite videz svojega Fujitsu LifeBook S936 s tem originalnim zgornjim pokrovom hrbtne strani zaslona LCD. Ta originalni rabljeni del zagotavlja popolno prileganje in kon\u010dno obdelavo, zaradi \u010desar je va\u0161 prenosnik znova videti kot nov.<\/p>\n","protected":false},"excerpt":{"rendered":"<p>O\u017eivite svoj prenosni ra\u010dunalnik Fujitsu LifeBook S936 z originalnim zadnjim pokrovom zadnjega pokrova prenosnega ra\u010dunalnika Fujitsu LifeBook S936 LCD. Ta originalni rabljeni del je zasnovan tako, da se popolnoma prilega va\u0161emu prenosniku, kar zagotavlja brezhiben in profesionalen videz.<\/p>\n<p>Izdelan po enakih visokih standardih kot originalne komponente, ta zgornji pokrov zadnjega pokrova ponuja vzdr\u017eljivost in kakovost, ki ju pri\u010dakujete od Fujitsuja. Ne glede na to, ali je va\u0161 trenutni pokrov po\u0161kodovan, opraskan ali preprosto obrabljen, ta nadomestni del nudi odli\u010dno re\u0161itev za obnovitev videza va\u0161ega prenosnika in za\u0161\u010dito njegovih notranjih komponent.<\/p>\n<p>Zgornji pokrov zadnjega pokrova originalnega LCD-zaslona prenosnega ra\u010dunalnika Fujitsu LifeBook S936 je enostaven za namestitev, zaradi \u010desar je priro\u010dna izbira tako za profesionalne tehnike kot za DIY navdu\u0161ence. Vsak pokrov je bil skrbno pregledan, da se zagotovi skladnost s strogimi standardi kakovosti Fujitsu, kar vam zagotavlja zanesljiv in stro\u0161kovno u\u010dinkovit na\u010din za ohranjanje estetske in strukturne celovitosti va\u0161ega prenosnika.<\/p>\n<p>Izkusite zadovoljstvo ob uporabi originalnih delov Fujitsu in svojemu prenosniku dajte nov zagon. Naro\u010dite originalni zgornji pokrov zadnjega pokrova prenosnega ra\u010dunalnika Fujitsu LifeBook S936 \u0161e danes in u\u017eivajte v popolnem prileganju in zaklju\u010dku.<\/p>\n","protected":false},"featured_media":47702,"template":"","meta":[],"product_brand":[],"product_cat":[2051],"product_tag":[2063,1818],"class_list":{"0":"post-58196","1":"product","2":"type-product","3":"status-publish","4":"has-post-thumbnail","6":"product_cat-ohisje-prenosnika","7":"product_tag-fujitsu","8":"product_tag-rezervni-deli","10":"first","11":"instock","12":"taxable","13":"shipping-taxable","14":"purchasable","15":"product-type-simple"},"_links":{"self":[{"href":"https:\/\/pracek.si\/racunalniskatrgovina\/wp-json\/wp\/v2\/product\/58196","targetHints":{"allow":["GET"]}}],"collection":[{"href":"https:\/\/pracek.si\/racunalniskatrgovina\/wp-json\/wp\/v2\/product"}],"about":[{"href":"https:\/\/pracek.si\/racunalniskatrgovina\/wp-json\/wp\/v2\/types\/product"}],"version-history":[{"count":0,"href":"https:\/\/pracek.si\/racunalniskatrgovina\/wp-json\/wp\/v2\/product\/58196\/revisions"}],"wp:featuredmedia":[{"embeddable":true,"href":"https:\/\/pracek.si\/racunalniskatrgovina\/wp-json\/wp\/v2\/media\/47702"}],"wp:attachment":[{"href":"https:\/\/pracek.si\/racunalniskatrgovina\/wp-json\/wp\/v2\/media?parent=58196"}],"wp:term":[{"taxonomy":"product_brand","embeddable":true,"href":"https:\/\/pracek.si\/racunalniskatrgovina\/wp-json\/wp\/v2\/product_brand?post=58196"},{"taxonomy":"product_cat","embeddable":true,"href":"https:\/\/pracek.si\/racunalniskatrgovina\/wp-json\/wp\/v2\/product_cat?post=58196"},{"taxonomy":"product_tag","embeddable":true,"href":"https:\/\/pracek.si\/racunalniskatrgovina\/wp-json\/wp\/v2\/product_tag?post=58196"}],"curies":[{"name":"wp","href":"https:\/\/api.w.org\/{rel}","templated":true}]}}