{"id":58198,"date":"2025-07-31T11:46:40","date_gmt":"2025-07-31T10:46:40","guid":{"rendered":"https:\/\/pracek.si\/racunalniskatrgovina\/?post_type=product&#038;p=58198"},"modified":"2026-01-30T08:16:06","modified_gmt":"2026-01-30T07:16:06","slug":"originalni-deli-prenosnega-racunalnika-fujitsu-lifebook-s936-sierra-wireless-em7305-z-vgrajenim-modulom-z-modemom-m-2","status":"publish","type":"product","link":"https:\/\/pracek.si\/racunalniskatrgovina\/izdelek\/originalni-deli-prenosnega-racunalnika-fujitsu-lifebook-s936-sierra-wireless-em7305-z-vgrajenim-modulom-z-modemom-m-2\/","title":{"rendered":"Originalni deli prenosnega ra\u010dunalnika Fujitsu LifeBook S936 Sierra Wireless EM7305 z vgrajenim modulom z modemom M.2"},"content":{"rendered":"<p>Izbolj\u0161ajte povezljivost va\u0161ega Fujitsu LifeBook S936 s tem originalnim vgrajenim modulom Sierra Wireless EM7305. Ta modem M.2, zasnovan za zagotavljanje zanesljivega in hitrega dostopa do interneta, je odli\u010dna re\u0161itev za omre\u017ene potrebe va\u0161ega prenosnika.<\/p>\n","protected":false},"excerpt":{"rendered":"<p>Nadgradite povezljivost va\u0161ega prenosnika Fujitsu LifeBook S936 z originalnim vgrajenim modulom Fujitsu LifeBook S936 Sierra Wireless EM7305. Ta modemski modul M.2, zasnovan za brezhibno integracijo in izjemno zmogljivost, je zasnovan za izbolj\u0161anje omre\u017enih zmogljivosti va\u0161ega prenosnika.<\/p>\n<p>S prvotno kakovostjo Fujitsu ta vgrajeni modul Sierra Wireless EM7305 zagotavlja zanesljiv in hiter dostop do interneta, ne glede na to, ali brskate po spletu, pretakate vsebino ali vodite spletne sestanke. Izkusite hitrej\u0161e prenose, bolj teko\u010de video klice in izbolj\u0161ano splo\u0161no povezljivost s tem bistvenim dodatkom za prenosnik.<\/p>\n<p>Ta modemski modul M.2, ki je enostaven za namestitev in izdelan za dolgotrajno uporabo, ponuja re\u0161itev brez te\u017eav za nadgradnjo omre\u017enih zmogljivosti va\u0161ega prenosnika. Preprosto vstavite modul v re\u017eo M.2 va\u0161ega prenosnika in u\u017eivajte v izbolj\u0161ani povezljivosti v nekaj minutah.<\/p>\n<p>Popeljite svoj Fujitsu LifeBook S936 na vi\u0161jo raven z originalnim vgrajenim modulom Fujitsu LifeBook S936 Sierra Wireless EM7305. Naro\u010dite svojo \u0161e danes in u\u017eivajte v zanesljivem in hitrem dostopu do interneta, kamor koli greste.<\/p>\n","protected":false},"featured_media":47711,"template":"","meta":[],"product_brand":[],"product_cat":[2062],"product_tag":[2063,1818],"class_list":{"0":"post-58198","1":"product","2":"type-product","3":"status-publish","4":"has-post-thumbnail","6":"product_cat-maticne-plosce-in-deli-plosc","7":"product_tag-fujitsu","8":"product_tag-rezervni-deli","10":"first","11":"instock","12":"taxable","13":"shipping-taxable","14":"purchasable","15":"product-type-simple"},"_links":{"self":[{"href":"https:\/\/pracek.si\/racunalniskatrgovina\/wp-json\/wp\/v2\/product\/58198","targetHints":{"allow":["GET"]}}],"collection":[{"href":"https:\/\/pracek.si\/racunalniskatrgovina\/wp-json\/wp\/v2\/product"}],"about":[{"href":"https:\/\/pracek.si\/racunalniskatrgovina\/wp-json\/wp\/v2\/types\/product"}],"version-history":[{"count":0,"href":"https:\/\/pracek.si\/racunalniskatrgovina\/wp-json\/wp\/v2\/product\/58198\/revisions"}],"wp:featuredmedia":[{"embeddable":true,"href":"https:\/\/pracek.si\/racunalniskatrgovina\/wp-json\/wp\/v2\/media\/47711"}],"wp:attachment":[{"href":"https:\/\/pracek.si\/racunalniskatrgovina\/wp-json\/wp\/v2\/media?parent=58198"}],"wp:term":[{"taxonomy":"product_brand","embeddable":true,"href":"https:\/\/pracek.si\/racunalniskatrgovina\/wp-json\/wp\/v2\/product_brand?post=58198"},{"taxonomy":"product_cat","embeddable":true,"href":"https:\/\/pracek.si\/racunalniskatrgovina\/wp-json\/wp\/v2\/product_cat?post=58198"},{"taxonomy":"product_tag","embeddable":true,"href":"https:\/\/pracek.si\/racunalniskatrgovina\/wp-json\/wp\/v2\/product_tag?post=58198"}],"curies":[{"name":"wp","href":"https:\/\/api.w.org\/{rel}","templated":true}]}}