{"id":58205,"date":"2025-07-31T11:47:41","date_gmt":"2025-07-31T10:47:41","guid":{"rendered":"https:\/\/pracek.si\/racunalniskatrgovina\/?post_type=product&#038;p=58205"},"modified":"2026-01-30T08:16:22","modified_gmt":"2026-01-30T07:16:22","slug":"originalni-levi-in-desni-tecaji-za-par-pokrovov-za-prenosni-racunalnik-fujitsu-lifebook-s936-lcd","status":"publish","type":"product","link":"https:\/\/pracek.si\/racunalniskatrgovina\/izdelek\/originalni-levi-in-desni-tecaji-za-par-pokrovov-za-prenosni-racunalnik-fujitsu-lifebook-s936-lcd\/","title":{"rendered":"Originalni levi in desni te\u010daji za par pokrovov za prenosni ra\u010dunalnik Fujitsu LifeBook S936 LCD"},"content":{"rendered":"<p>Povrnite stabilnost in funkcionalnost LCD-zaslona prenosnega ra\u010dunalnika Fujitsu LifeBook S936 s tem parom originalnih levih in desnih pokrovov te\u010dajev. Ti originalni pokrovi za te\u010daje so zasnovani tako, da zagotavljajo varno prileganje in brezhibno delovanje, zato so bistveni za vsako popravilo ali nadgradnjo prenosnika.<\/p>\n","protected":false},"excerpt":{"rendered":"<p>Zagotovite vzdr\u017eljivost in dolgo \u017eivljenjsko dobo va\u0161ega prenosnika Fujitsu LifeBook S936 z originalnim LCD zaslonom prenosnika Fujitsu LifeBook S936 z levim &amp; Pokrovi za par desnih te\u010dajev. Ti pristni pokrovi s te\u010daji, izdelani z mislijo na natan\u010dnost in zdru\u017eljivost, so zasnovani tako, da popolnoma dopolnjujejo va\u0161o napravo ter zagotavljajo varno in stabilno povezavo za va\u0161 LCD zaslon.<\/p>\n<p>Z izvirno kakovostjo Fujitsu so ti pokrovi te\u010dajev idealna re\u0161itev za zamenjavo po\u0161kodovanih ali izrabljenih komponent. Ne glede na to, ali imate te\u017eave z ohlapnimi ali zlomljenimi te\u010daji ali preprosto \u017eelite nadgraditi videz svojega prenosnika, ti originalni nadomestni deli nudijo popolno prileganje in delovanje.<\/p>\n<p>Ti pokrovi te\u010dajev, ki so enostavni za namestitev in so izdelani za dolgotrajno uporabo, zagotavljajo, da LCD-zaslon va\u0161ega prenosnega ra\u010dunalnika Fujitsu LifeBook S936 ostane varno na svojem mestu in prepre\u010duje nihanje ali neporavnanost. Z njihovo vzdr\u017eljivo konstrukcijo in zanesljivim delovanjem lahko zaupate, da bo va\u0161 prenosnik \u0161e naprej deloval po najbolj\u0161ih mo\u010deh.<\/p>\n<p>Izkusite razliko, ki jo lahko naredijo originalni deli Fujitsu, in zagotovijo stabilnost in funkcionalnost va\u0161ega prenosnika z originalnim levim LCD zaslonom prenosnika Fujitsu LifeBook S936 &amp; Pokrovi za par desnih te\u010dajev. Naro\u010dite svojega \u0161e danes in u\u017eivajte v miru, saj veste, da je va\u0161 prenosnik za\u0161\u010diten s komponentami pristne kakovosti.<\/p>\n","protected":false},"featured_media":47715,"template":"","meta":[],"product_brand":[],"product_cat":[2051],"product_tag":[2063,1818],"class_list":{"0":"post-58205","1":"product","2":"type-product","3":"status-publish","4":"has-post-thumbnail","6":"product_cat-ohisje-prenosnika","7":"product_tag-fujitsu","8":"product_tag-rezervni-deli","10":"first","11":"instock","12":"taxable","13":"shipping-taxable","14":"purchasable","15":"product-type-simple"},"_links":{"self":[{"href":"https:\/\/pracek.si\/racunalniskatrgovina\/wp-json\/wp\/v2\/product\/58205","targetHints":{"allow":["GET"]}}],"collection":[{"href":"https:\/\/pracek.si\/racunalniskatrgovina\/wp-json\/wp\/v2\/product"}],"about":[{"href":"https:\/\/pracek.si\/racunalniskatrgovina\/wp-json\/wp\/v2\/types\/product"}],"version-history":[{"count":0,"href":"https:\/\/pracek.si\/racunalniskatrgovina\/wp-json\/wp\/v2\/product\/58205\/revisions"}],"wp:featuredmedia":[{"embeddable":true,"href":"https:\/\/pracek.si\/racunalniskatrgovina\/wp-json\/wp\/v2\/media\/47715"}],"wp:attachment":[{"href":"https:\/\/pracek.si\/racunalniskatrgovina\/wp-json\/wp\/v2\/media?parent=58205"}],"wp:term":[{"taxonomy":"product_brand","embeddable":true,"href":"https:\/\/pracek.si\/racunalniskatrgovina\/wp-json\/wp\/v2\/product_brand?post=58205"},{"taxonomy":"product_cat","embeddable":true,"href":"https:\/\/pracek.si\/racunalniskatrgovina\/wp-json\/wp\/v2\/product_cat?post=58205"},{"taxonomy":"product_tag","embeddable":true,"href":"https:\/\/pracek.si\/racunalniskatrgovina\/wp-json\/wp\/v2\/product_tag?post=58205"}],"curies":[{"name":"wp","href":"https:\/\/api.w.org\/{rel}","templated":true}]}}