{"id":58215,"date":"2025-07-31T11:48:38","date_gmt":"2025-07-31T10:48:38","guid":{"rendered":"https:\/\/pracek.si\/racunalniskatrgovina\/?post_type=product&#038;p=58215"},"modified":"2025-07-31T11:52:09","modified_gmt":"2025-07-31T10:52:09","slug":"originalni-modul-bralnika-kartic-sd-za-prenosni-racunalnik-fujitsu-lifebook-s936-cp693532-x5-originalni-del","status":"publish","type":"product","link":"https:\/\/pracek.si\/racunalniskatrgovina\/izdelek\/originalni-modul-bralnika-kartic-sd-za-prenosni-racunalnik-fujitsu-lifebook-s936-cp693532-x5-originalni-del\/","title":{"rendered":"Originalni modul bralnika kartic SD za prenosni ra\u010dunalnik Fujitsu LifeBook S936 CP693532-X5 Originalni del"},"content":{"rendered":"<p>Obnovite funkcionalnost bralnika kartic SD va\u0161ega prenosnika Fujitsu LifeBook S936 s tem originalnim modulom bralnika kartic SD. Ta originalni del, zasnovan za brezhibno integracijo z va\u0161o napravo, zagotavlja zanesljivo delovanje in enostavno namestitev.<\/p>\n","protected":false},"excerpt":{"rendered":"<p>O\u017eivite funkcionalnost bralnika kartic SD va\u0161ega prenosnika Fujitsu LifeBook S936 z originalnim modulom bralnika kartic SD prenosnika Fujitsu LifeBook S936 CP693532-X5. Ta originalni del, izdelan z mislijo na natan\u010dnost in zdru\u017eljivost, je zasnovan tako, da se brezhibno integrira z va\u0161o napravo, kar zagotavlja optimalno delovanje in zanesljivost.<\/p>\n<p>Ta modul bralnika kartic SD, ki se pona\u0161a z originalno kakovostjo Fujitsu, je popolna re\u0161itev za povrnitev bralnika kartic SD va\u0161ega prenosnika v prvotno stanje. Ne glede na to, ali imate te\u017eave s trenutnim modulom ali preprosto \u017eelite nadgraditi, je ta originalni nadomestni del zasnovan tako, da izpolnjuje najvi\u0161je standarde kakovosti in zdru\u017eljivosti.<\/p>\n<p>Ta nadomestni modul bralnika kartic SD, ki je enostaven za namestitev in izdelan za dolgotrajno uporabo, ponuja enostavno re\u0161itev za potrebe po popravilu va\u0161ega prenosnika. S svojo vzdr\u017eljivo konstrukcijo in zanesljivim delovanjem lahko zaupate, da bo va\u0161 Fujitsu LifeBook S936 spet pripravljen za delovanje v trenutku.<\/p>\n<p>Izkusite razliko, ki jo lahko naredijo originalni deli Fujitsu, in zagotovite, da bo va\u0161 prenosnik \u0161e naprej deloval po najbolj\u0161ih mo\u010deh z originalnim modulom bralnika kartic SD za prenosni ra\u010dunalnik Fujitsu LifeBook S936 CP693532-X5. Naro\u010dite svojega \u0161e danes in z zaupanjem povrnite funkcionalnost svojega prenosnika.<\/p>\n","protected":false},"featured_media":47726,"template":"","meta":[],"product_brand":[],"product_cat":[2062],"product_tag":[2063,1818],"class_list":{"0":"post-58215","1":"product","2":"type-product","3":"status-publish","4":"has-post-thumbnail","6":"product_cat-maticne-plosce-in-deli-plosc","7":"product_tag-fujitsu","8":"product_tag-rezervni-deli","10":"first","11":"instock","12":"taxable","13":"shipping-taxable","14":"purchasable","15":"product-type-simple"},"_links":{"self":[{"href":"https:\/\/pracek.si\/racunalniskatrgovina\/wp-json\/wp\/v2\/product\/58215","targetHints":{"allow":["GET"]}}],"collection":[{"href":"https:\/\/pracek.si\/racunalniskatrgovina\/wp-json\/wp\/v2\/product"}],"about":[{"href":"https:\/\/pracek.si\/racunalniskatrgovina\/wp-json\/wp\/v2\/types\/product"}],"version-history":[{"count":0,"href":"https:\/\/pracek.si\/racunalniskatrgovina\/wp-json\/wp\/v2\/product\/58215\/revisions"}],"wp:featuredmedia":[{"embeddable":true,"href":"https:\/\/pracek.si\/racunalniskatrgovina\/wp-json\/wp\/v2\/media\/47726"}],"wp:attachment":[{"href":"https:\/\/pracek.si\/racunalniskatrgovina\/wp-json\/wp\/v2\/media?parent=58215"}],"wp:term":[{"taxonomy":"product_brand","embeddable":true,"href":"https:\/\/pracek.si\/racunalniskatrgovina\/wp-json\/wp\/v2\/product_brand?post=58215"},{"taxonomy":"product_cat","embeddable":true,"href":"https:\/\/pracek.si\/racunalniskatrgovina\/wp-json\/wp\/v2\/product_cat?post=58215"},{"taxonomy":"product_tag","embeddable":true,"href":"https:\/\/pracek.si\/racunalniskatrgovina\/wp-json\/wp\/v2\/product_tag?post=58215"}],"curies":[{"name":"wp","href":"https:\/\/api.w.org\/{rel}","templated":true}]}}