{"id":58217,"date":"2025-07-31T11:48:39","date_gmt":"2025-07-31T10:48:39","guid":{"rendered":"https:\/\/pracek.si\/racunalniskatrgovina\/?post_type=product&#038;p=58217"},"modified":"2026-01-30T08:16:53","modified_gmt":"2026-01-30T07:16:53","slug":"originalni-deli-za-prenosni-racunalnik-fujitsu-lifebook-s936-docking-station-adapter-cp693580-z5","status":"publish","type":"product","link":"https:\/\/pracek.si\/racunalniskatrgovina\/izdelek\/originalni-deli-za-prenosni-racunalnik-fujitsu-lifebook-s936-docking-station-adapter-cp693580-z5\/","title":{"rendered":"Originalni deli za prenosni ra\u010dunalnik Fujitsu Lifebook S936 Docking Station Adapter CP693580-z5"},"content":{"rendered":"<p>Nadgradite svoj Fujitsu Lifebook S936 s tem pristnim adapterjem za priklopno postajo. Ta visokokakovosten adapter, zasnovan za brezhibno zdru\u017eljivost in enostavno namestitev, zagotavlja zanesljivo povezavo z va\u0161o priklopno postajo in tako izbolj\u0161a funkcionalnost va\u0161ega prenosnika.<\/p>\n","protected":false},"excerpt":{"rendered":"<p>Pove\u010dajte vsestranskost in produktivnost va\u0161ega Fujitsu Lifebook S936 z originalnim adapterjem za priklopno postajo Fujitsu Lifebook S936 CP693580-z5. Ta adapter za priklopno postajo, zasnovan za brezhibno integracijo z va\u0161o napravo, ponuja priro\u010dno re\u0161itev za raz\u0161iritev zmogljivosti va\u0161ega prenosnika.<\/p>\n<p>Izdelan z natan\u010dnostjo in zasnovan za zanesljivost, ta originalni adapter Fujitsu zagotavlja varno povezavo z va\u0161o priklopno postajo, kar vam omogo\u010da enostavno povezovanje zunanjih naprav, kot so monitorji, tipkovnice in mi\u0161ke. Ne glede na to, ali ste v pisarni ali na poti, ta adapter zagotavlja prilagodljivost, ki jo potrebujete, da ostanete produktivni.<\/p>\n<p>Izkusite udobje originalnih delov Fujitsu in odklenite polni potencial svojega Lifebooka S936 z originalnim adapterjem za priklopno postajo Fujitsu Lifebook S936 CP693580-z5. Nadgradite svoj prenosnik \u0161e danes in u\u017eivajte v izbolj\u0161ani povezljivosti in funkcionalnosti, kamor koli greste.<\/p>\n","protected":false},"featured_media":47739,"template":"","meta":[],"product_brand":[],"product_cat":[2062],"product_tag":[2063,1818],"class_list":{"0":"post-58217","1":"product","2":"type-product","3":"status-publish","4":"has-post-thumbnail","6":"product_cat-maticne-plosce-in-deli-plosc","7":"product_tag-fujitsu","8":"product_tag-rezervni-deli","10":"first","11":"instock","12":"taxable","13":"shipping-taxable","14":"purchasable","15":"product-type-simple"},"_links":{"self":[{"href":"https:\/\/pracek.si\/racunalniskatrgovina\/wp-json\/wp\/v2\/product\/58217","targetHints":{"allow":["GET"]}}],"collection":[{"href":"https:\/\/pracek.si\/racunalniskatrgovina\/wp-json\/wp\/v2\/product"}],"about":[{"href":"https:\/\/pracek.si\/racunalniskatrgovina\/wp-json\/wp\/v2\/types\/product"}],"version-history":[{"count":0,"href":"https:\/\/pracek.si\/racunalniskatrgovina\/wp-json\/wp\/v2\/product\/58217\/revisions"}],"wp:featuredmedia":[{"embeddable":true,"href":"https:\/\/pracek.si\/racunalniskatrgovina\/wp-json\/wp\/v2\/media\/47739"}],"wp:attachment":[{"href":"https:\/\/pracek.si\/racunalniskatrgovina\/wp-json\/wp\/v2\/media?parent=58217"}],"wp:term":[{"taxonomy":"product_brand","embeddable":true,"href":"https:\/\/pracek.si\/racunalniskatrgovina\/wp-json\/wp\/v2\/product_brand?post=58217"},{"taxonomy":"product_cat","embeddable":true,"href":"https:\/\/pracek.si\/racunalniskatrgovina\/wp-json\/wp\/v2\/product_cat?post=58217"},{"taxonomy":"product_tag","embeddable":true,"href":"https:\/\/pracek.si\/racunalniskatrgovina\/wp-json\/wp\/v2\/product_tag?post=58217"}],"curies":[{"name":"wp","href":"https:\/\/api.w.org\/{rel}","templated":true}]}}