{"id":58218,"date":"2025-07-31T11:48:39","date_gmt":"2025-07-31T10:48:39","guid":{"rendered":"https:\/\/pracek.si\/racunalniskatrgovina\/?post_type=product&#038;p=58218"},"modified":"2025-07-31T11:52:53","modified_gmt":"2025-07-31T10:52:53","slug":"originalni-deli-prenosnika-fujitsu-lifebook-s936-usb-plosca-s-kablom-cp693550-z5","status":"publish","type":"product","link":"https:\/\/pracek.si\/racunalniskatrgovina\/izdelek\/originalni-deli-prenosnika-fujitsu-lifebook-s936-usb-plosca-s-kablom-cp693550-z5\/","title":{"rendered":"Originalni deli prenosnika Fujitsu LIFEBOOK S936 USB plo\u0161\u010da s kablom CP693550-Z5"},"content":{"rendered":"<p>O\u017eivite svoj Fujitsu LIFEBOOK S936 s to pristno USB plo\u0161\u010do s kablom. Obnovite brezhibno povezljivost in funkcionalnost svojega prenosnika s tem visokokakovostnim nadomestnim delom, zasnovanim za enostavno namestitev in zanesljivo delovanje.<\/p>\n","protected":false},"excerpt":{"rendered":"<p>Izbolj\u0161ajte zmogljivost in uporabnost va\u0161ega Fujitsu LIFEBOOK S936 z originalno USB plo\u0161\u010do Fujitsu LIFEBOOK S936 s kablom CP693550-Z5. Ta nadomestna plo\u0161\u010da USB, izdelana z natan\u010dnostjo in zasnovana za zdru\u017eljivost, zagotavlja brezhibno povezljivost in optimalno funkcionalnost va\u0161ega prenosnika.<\/p>\n<p>Ta plo\u0161\u010da USB s kablom, ki se pona\u0161a s pristno kakovostjo Fujitsu, je idealna re\u0161itev za obnovitev ali nadgradnjo povezave USB va\u0161ega prenosnika. Ne glede na to, ali imate te\u017eave s trenutno plo\u0161\u010do ali preprosto i\u0161\u010dete izbolj\u0161avo, je ta originalni nadomestni del zasnovan tako, da izpolnjuje najvi\u0161je standarde kakovosti in zdru\u017eljivosti.<\/p>\n<p>Ta nadomestna plo\u0161\u010da USB s svojo zasnovo, ki jo je enostavno namestiti, in vzdr\u017eljivo konstrukcijo ponuja enostavno re\u0161itev za potrebe popravila va\u0161ega prenosnika. Povrnite svojemu Fujitsu LIFEBOOK S936 njegov polni potencial s tem zanesljivim in u\u010dinkovitim nadomestnim delom.<\/p>\n<p>Izkusite razliko, ki jo lahko naredijo originalni deli Fujitsu, in zagotovite, da bo va\u0161 prenosnik \u0161e naprej deloval po najbolj\u0161ih mo\u010deh z originalno plo\u0161\u010do USB Fujitsu LIFEBOOK S936 s kablom CP693550-Z5. Naro\u010dite svojega \u0161e danes in samozavestno u\u017eivajte v brezhibni povezavi USB.<\/p>\n","protected":false},"featured_media":47741,"template":"","meta":[],"product_brand":[],"product_cat":[2062],"product_tag":[2063,1818],"class_list":{"0":"post-58218","1":"product","2":"type-product","3":"status-publish","4":"has-post-thumbnail","6":"product_cat-maticne-plosce-in-deli-plosc","7":"product_tag-fujitsu","8":"product_tag-rezervni-deli","10":"first","11":"instock","12":"taxable","13":"shipping-taxable","14":"purchasable","15":"product-type-simple"},"_links":{"self":[{"href":"https:\/\/pracek.si\/racunalniskatrgovina\/wp-json\/wp\/v2\/product\/58218","targetHints":{"allow":["GET"]}}],"collection":[{"href":"https:\/\/pracek.si\/racunalniskatrgovina\/wp-json\/wp\/v2\/product"}],"about":[{"href":"https:\/\/pracek.si\/racunalniskatrgovina\/wp-json\/wp\/v2\/types\/product"}],"version-history":[{"count":0,"href":"https:\/\/pracek.si\/racunalniskatrgovina\/wp-json\/wp\/v2\/product\/58218\/revisions"}],"wp:featuredmedia":[{"embeddable":true,"href":"https:\/\/pracek.si\/racunalniskatrgovina\/wp-json\/wp\/v2\/media\/47741"}],"wp:attachment":[{"href":"https:\/\/pracek.si\/racunalniskatrgovina\/wp-json\/wp\/v2\/media?parent=58218"}],"wp:term":[{"taxonomy":"product_brand","embeddable":true,"href":"https:\/\/pracek.si\/racunalniskatrgovina\/wp-json\/wp\/v2\/product_brand?post=58218"},{"taxonomy":"product_cat","embeddable":true,"href":"https:\/\/pracek.si\/racunalniskatrgovina\/wp-json\/wp\/v2\/product_cat?post=58218"},{"taxonomy":"product_tag","embeddable":true,"href":"https:\/\/pracek.si\/racunalniskatrgovina\/wp-json\/wp\/v2\/product_tag?post=58218"}],"curies":[{"name":"wp","href":"https:\/\/api.w.org\/{rel}","templated":true}]}}