{"id":58220,"date":"2025-07-31T11:48:40","date_gmt":"2025-07-31T10:48:40","guid":{"rendered":"https:\/\/pracek.si\/racunalniskatrgovina\/?post_type=product&#038;p=58220"},"modified":"2026-01-30T08:17:10","modified_gmt":"2026-01-30T07:17:10","slug":"original-fujitsu-lifebook-s936-laptop-dc-power-jack-socket-kabel-rabljen","status":"publish","type":"product","link":"https:\/\/pracek.si\/racunalniskatrgovina\/izdelek\/original-fujitsu-lifebook-s936-laptop-dc-power-jack-socket-kabel-rabljen\/","title":{"rendered":"Original Fujitsu LifeBook S936 Laptop DC Power Jack Socket &amp; Kabel &#8211; rabljen"},"content":{"rendered":"<p>Obnovite napajanje prenosnika Fujitsu LifeBook S936 s to pristno vti\u010dnico in kablom za napajanje z enosmernim tokom. Ta rabljen, a popolnoma funkcionalen del zagotavlja zanesljivo povezljivost in napajanje ter ponuja stro\u0161kovno u\u010dinkovito re\u0161itev za potrebe po popravilu va\u0161ega prenosnika.<\/p>\n","protected":false},"excerpt":{"rendered":"<p>O\u017eivite napajanje va\u0161ega prenosnika Fujitsu LifeBook S936 z originalno vti\u010dnico za napajanje z enosmernim tokom &amp; Kabel. Ta bistveni nadomestni del je zasnovan za obnovitev zanesljive napajalne povezave in zagotavlja brezhibno delovanje va\u0161e naprave.<\/p>\n<p>Ta rabljena, a popolnoma delujo\u010da vti\u010dnica in kabel za napajanje z enosmernim tokom, ki sta izdelana s pristno kakovostjo Fujitsu, ponujata stro\u0161kovno u\u010dinkovito re\u0161itev za potrebe po popravilu va\u0161ega prenosnika. Ne glede na to, ali imate te\u017eave s trenutno napajalno vti\u010dnico ali preprosto \u017eelite nadgraditi, ta originalni nadomestni del zagotavlja zdru\u017eljivost in zmogljivost, ki ji lahko zaupate.<\/p>\n<p>Ta napajalna vti\u010dnica za enosmerni tok in nadomestni kabel, ki sta enostavna za namestitev in izdelana za dolgotrajno uporabo, zagotavljata dosledno napajanje va\u0161ega prenosnika Fujitsu LifeBook S936. Z njegovim zanesljivim delovanjem ste lahko prepri\u010dani, da bo va\u0161 prenosnik v hipu ponovno pripravljen za delovanje.<\/p>\n<p>Izkusite razliko, ki jo lahko naredijo originalni deli Fujitsu, in zagotovite, da bo va\u0161 prenosnik \u0161e naprej deloval po najbolj\u0161ih mo\u010deh z originalnim prenosnim ra\u010dunalnikom Fujitsu LifeBook S936 DC Power Jack Socket &amp; Kabel. Naro\u010dite svojo \u0161e danes in zanesljivo obnovite zanesljivo napajanje svoje naprave.<\/p>\n","protected":false},"featured_media":47746,"template":"","meta":[],"product_brand":[],"product_cat":[2062],"product_tag":[2063,1818],"class_list":{"0":"post-58220","1":"product","2":"type-product","3":"status-publish","4":"has-post-thumbnail","6":"product_cat-maticne-plosce-in-deli-plosc","7":"product_tag-fujitsu","8":"product_tag-rezervni-deli","10":"first","11":"instock","12":"taxable","13":"shipping-taxable","14":"purchasable","15":"product-type-simple"},"_links":{"self":[{"href":"https:\/\/pracek.si\/racunalniskatrgovina\/wp-json\/wp\/v2\/product\/58220","targetHints":{"allow":["GET"]}}],"collection":[{"href":"https:\/\/pracek.si\/racunalniskatrgovina\/wp-json\/wp\/v2\/product"}],"about":[{"href":"https:\/\/pracek.si\/racunalniskatrgovina\/wp-json\/wp\/v2\/types\/product"}],"version-history":[{"count":0,"href":"https:\/\/pracek.si\/racunalniskatrgovina\/wp-json\/wp\/v2\/product\/58220\/revisions"}],"wp:featuredmedia":[{"embeddable":true,"href":"https:\/\/pracek.si\/racunalniskatrgovina\/wp-json\/wp\/v2\/media\/47746"}],"wp:attachment":[{"href":"https:\/\/pracek.si\/racunalniskatrgovina\/wp-json\/wp\/v2\/media?parent=58220"}],"wp:term":[{"taxonomy":"product_brand","embeddable":true,"href":"https:\/\/pracek.si\/racunalniskatrgovina\/wp-json\/wp\/v2\/product_brand?post=58220"},{"taxonomy":"product_cat","embeddable":true,"href":"https:\/\/pracek.si\/racunalniskatrgovina\/wp-json\/wp\/v2\/product_cat?post=58220"},{"taxonomy":"product_tag","embeddable":true,"href":"https:\/\/pracek.si\/racunalniskatrgovina\/wp-json\/wp\/v2\/product_tag?post=58220"}],"curies":[{"name":"wp","href":"https:\/\/api.w.org\/{rel}","templated":true}]}}