{"id":58233,"date":"2025-07-31T11:49:41","date_gmt":"2025-07-31T10:49:41","guid":{"rendered":"https:\/\/pracek.si\/racunalniskatrgovina\/?post_type=product&#038;p=58233"},"modified":"2025-07-31T11:54:04","modified_gmt":"2025-07-31T10:54:04","slug":"originalni-deli-prenosnika-fujitsu-lifebook-ah552sl-maticna-plosca-prenosnika-cp589397-01","status":"publish","type":"product","link":"https:\/\/pracek.si\/racunalniskatrgovina\/izdelek\/originalni-deli-prenosnika-fujitsu-lifebook-ah552sl-maticna-plosca-prenosnika-cp589397-01\/","title":{"rendered":"Originalni deli prenosnika Fujitsu Lifebook AH552SL mati\u010dna plo\u0161\u010da prenosnika CP589397-01"},"content":{"rendered":"<p>O\u017eivite svoj prenosni ra\u010dunalnik Fujitsu Lifebook AH552\/SL s to pristno mati\u010dno plo\u0161\u010do. Ta visokokakovosten nadomestni del, zasnovan za brezhibno zdru\u017eljivost in vrhunsko zmogljivost, zagotavlja nemoteno delovanje va\u0161ega prenosnika v prihodnjih letih.<\/p>\n","protected":false},"excerpt":{"rendered":"<p>Nadgradite zmogljivost svojega prenosnika Fujitsu Lifebook AH552\/SL z originalno mati\u010dno plo\u0161\u010do prenosnika Fujitsu Lifebook AH552\/SL CP589397-01. Ta nadomestna mati\u010dna plo\u0161\u010da, izdelana z mislijo na natan\u010dnost in zanesljivost, je zasnovana za brezhibno integracijo z va\u0161o napravo, kar zagotavlja optimalno funkcionalnost in vzdr\u017eljivost.<\/p>\n<p>Ta mati\u010dna plo\u0161\u010da s pristno kakovostjo Fujitsu je idealna re\u0161itev za povrnitev zmogljivosti va\u0161ega prenosnika v prvotno stanje. Ne glede na to, ali imate te\u017eave z va\u0161o trenutno mati\u010dno plo\u0161\u010do ali preprosto i\u0161\u010dete nadgradnjo, je ta originalni nadomestni del zasnovan tako, da izpolnjuje najvi\u0161je standarde kakovosti in zdru\u017eljivosti.<\/p>\n<p>Namestitev te mati\u010dne plo\u0161\u010de je enostavna in zagotavlja re\u0161itev brez te\u017eav za potrebe po popravilu va\u0161ega prenosnika. S svojo vzdr\u017eljivo konstrukcijo in zanesljivim delovanjem lahko zaupate, da bo va\u0161 prenosnik Fujitsu Lifebook AH552\/SL deloval z najve\u010djim potencialom.<\/p>\n<p>Izkusite razliko, ki jo lahko ustvarijo originalni deli Fujitsu, in zagotovite, da bo va\u0161 prenosnik \u0161e naprej blestel z originalno mati\u010dno plo\u0161\u010do prenosnika Fujitsu Lifebook AH552\/SL CP589397-01. Naro\u010dite zdaj in samozavestno pomladite zmogljivost svojega prenosnika.<\/p>\n","protected":false},"featured_media":47761,"template":"","meta":[],"product_brand":[],"product_cat":[2062],"product_tag":[2063,1818],"class_list":{"0":"post-58233","1":"product","2":"type-product","3":"status-publish","4":"has-post-thumbnail","6":"product_cat-maticne-plosce-in-deli-plosc","7":"product_tag-fujitsu","8":"product_tag-rezervni-deli","10":"first","11":"instock","12":"taxable","13":"shipping-taxable","14":"purchasable","15":"product-type-simple"},"_links":{"self":[{"href":"https:\/\/pracek.si\/racunalniskatrgovina\/wp-json\/wp\/v2\/product\/58233","targetHints":{"allow":["GET"]}}],"collection":[{"href":"https:\/\/pracek.si\/racunalniskatrgovina\/wp-json\/wp\/v2\/product"}],"about":[{"href":"https:\/\/pracek.si\/racunalniskatrgovina\/wp-json\/wp\/v2\/types\/product"}],"version-history":[{"count":0,"href":"https:\/\/pracek.si\/racunalniskatrgovina\/wp-json\/wp\/v2\/product\/58233\/revisions"}],"wp:featuredmedia":[{"embeddable":true,"href":"https:\/\/pracek.si\/racunalniskatrgovina\/wp-json\/wp\/v2\/media\/47761"}],"wp:attachment":[{"href":"https:\/\/pracek.si\/racunalniskatrgovina\/wp-json\/wp\/v2\/media?parent=58233"}],"wp:term":[{"taxonomy":"product_brand","embeddable":true,"href":"https:\/\/pracek.si\/racunalniskatrgovina\/wp-json\/wp\/v2\/product_brand?post=58233"},{"taxonomy":"product_cat","embeddable":true,"href":"https:\/\/pracek.si\/racunalniskatrgovina\/wp-json\/wp\/v2\/product_cat?post=58233"},{"taxonomy":"product_tag","embeddable":true,"href":"https:\/\/pracek.si\/racunalniskatrgovina\/wp-json\/wp\/v2\/product_tag?post=58233"}],"curies":[{"name":"wp","href":"https:\/\/api.w.org\/{rel}","templated":true}]}}