{"id":58250,"date":"2025-07-31T11:51:53","date_gmt":"2025-07-31T10:51:53","guid":{"rendered":"https:\/\/pracek.si\/racunalniskatrgovina\/?post_type=product&#038;p=58250"},"modified":"2025-07-31T11:55:00","modified_gmt":"2025-07-31T10:55:00","slug":"originalni-nadomestni-deli-za-prenosni-racunalnik-usb-za-modul-plosce-fujitsu-lifebook-ah552","status":"publish","type":"product","link":"https:\/\/pracek.si\/racunalniskatrgovina\/izdelek\/originalni-nadomestni-deli-za-prenosni-racunalnik-usb-za-modul-plosce-fujitsu-lifebook-ah552\/","title":{"rendered":"Originalni nadomestni deli za prenosni ra\u010dunalnik USB za modul plo\u0161\u010de Fujitsu LifeBook AH552"},"content":{"rendered":"<p>Zamenjajte okvarjeni modul plo\u0161\u010de USB Fujitsu LifeBook AH552 s tem originalnim nadomestnim delom. Ta modul plo\u0161\u010de USB, zasnovan za zdru\u017eljivost in zmogljivost, zagotavlja brezhibno povezljivost in funkcionalnost va\u0161ega prenosnika.<\/p>\n","protected":false},"excerpt":{"rendered":"<p>Izbolj\u0161ajte povezljivost in zmogljivost va\u0161ega Fujitsu LifeBook AH552 z originalnim modulom plo\u0161\u010de USB Fujitsu LifeBook AH552. Ta nadomestni del, ki je posebej zasnovan tako, da ustreza natan\u010dnim specifikacijam va\u0161ega prenosnika, zagotavlja popolno prileganje in zanesljivo delovanje.<\/p>\n<p>Ta modul plo\u0161\u010de USB, izdelan iz natan\u010dnih in visokokakovostnih materialov, je idealna re\u0161itev za zamenjavo okvarjene ali po\u0161kodovane komponente. Njegova brezhibna integracija z va\u0161im Fujitsu LifeBook AH552 zagotavlja, da bo va\u0161 prenosnik \u0161e naprej deloval po najbolj\u0161ih mo\u010deh.<\/p>\n<p>Ta pristni nadomestni modul plo\u0161\u010de USB je enostaven za namestitev in izdelan tako, da traja ter ponuja zanesljivo re\u0161itev za potrebe po popravilu va\u0161ega prenosnika. S svojo robustno konstrukcijo in zanesljivim delovanjem lahko zaupate, da bo povezljivost USB va\u0161ega prenosnika ponovno vzpostavljena u\u010dinkovito in uspe\u0161no.<\/p>\n<p>Fotografije na seznamu so resni\u010dne fotografije delov, ki jih boste prejeli, kar zagotavlja, da boste dobili to\u010dno tisto, kar potrebujete. \u010ceprav ne nudimo navodil za zamenjavo delov, je na\u0161a skupina za podporo na voljo za pomo\u010d pri morebitnih vpra\u0161anjih. Za dodatno pomo\u010d se preprosto obrnite na nas.<\/p>\n<p>Naro\u010dite pristen modul plo\u0161\u010de USB Fujitsu LifeBook AH552 \u0161e danes in izkusite prednosti visokokakovostnih in zanesljivih delov prenosnika. Poskrbite za nemoteno delovanje va\u0161ega prenosnika in u\u017eivajte v neprekinjeni povezljivosti s tem bistvenim nadomestnim delom.<\/p>\n","protected":false},"featured_media":47792,"template":"","meta":[],"product_brand":[],"product_cat":[2062],"product_tag":[2063,1818],"class_list":{"0":"post-58250","1":"product","2":"type-product","3":"status-publish","4":"has-post-thumbnail","6":"product_cat-maticne-plosce-in-deli-plosc","7":"product_tag-fujitsu","8":"product_tag-rezervni-deli","10":"first","11":"instock","12":"taxable","13":"shipping-taxable","14":"purchasable","15":"product-type-simple"},"_links":{"self":[{"href":"https:\/\/pracek.si\/racunalniskatrgovina\/wp-json\/wp\/v2\/product\/58250","targetHints":{"allow":["GET"]}}],"collection":[{"href":"https:\/\/pracek.si\/racunalniskatrgovina\/wp-json\/wp\/v2\/product"}],"about":[{"href":"https:\/\/pracek.si\/racunalniskatrgovina\/wp-json\/wp\/v2\/types\/product"}],"version-history":[{"count":0,"href":"https:\/\/pracek.si\/racunalniskatrgovina\/wp-json\/wp\/v2\/product\/58250\/revisions"}],"wp:featuredmedia":[{"embeddable":true,"href":"https:\/\/pracek.si\/racunalniskatrgovina\/wp-json\/wp\/v2\/media\/47792"}],"wp:attachment":[{"href":"https:\/\/pracek.si\/racunalniskatrgovina\/wp-json\/wp\/v2\/media?parent=58250"}],"wp:term":[{"taxonomy":"product_brand","embeddable":true,"href":"https:\/\/pracek.si\/racunalniskatrgovina\/wp-json\/wp\/v2\/product_brand?post=58250"},{"taxonomy":"product_cat","embeddable":true,"href":"https:\/\/pracek.si\/racunalniskatrgovina\/wp-json\/wp\/v2\/product_cat?post=58250"},{"taxonomy":"product_tag","embeddable":true,"href":"https:\/\/pracek.si\/racunalniskatrgovina\/wp-json\/wp\/v2\/product_tag?post=58250"}],"curies":[{"name":"wp","href":"https:\/\/api.w.org\/{rel}","templated":true}]}}