{"id":58261,"date":"2025-07-31T11:52:47","date_gmt":"2025-07-31T10:52:47","guid":{"rendered":"https:\/\/pracek.si\/racunalniskatrgovina\/?post_type=product&#038;p=58261"},"modified":"2025-07-31T11:56:54","modified_gmt":"2025-07-31T10:56:54","slug":"deli-za-nastavek-za-trdi-disk-fujitsu-lifebook-ah552-hdd-caddy-za-prenosnike","status":"publish","type":"product","link":"https:\/\/pracek.si\/racunalniskatrgovina\/izdelek\/deli-za-nastavek-za-trdi-disk-fujitsu-lifebook-ah552-hdd-caddy-za-prenosnike\/","title":{"rendered":"Deli za nastavek za trdi disk Fujitsu LifeBook AH552 HDD Caddy za prenosnike"},"content":{"rendered":"<p>Nadgradite svoj Fujitsu LifeBook AH552 s tem nosilcem za trdi disk HDD Caddy. Ta visokokakovosten nosilec, zasnovan za enostavno namestitev, vam omogo\u010da, da svojemu prenosniku dodate dodaten trdi disk, s \u010dimer pove\u010date zmogljivost shranjevanja in zmogljivost.<\/p>\n","protected":false},"excerpt":{"rendered":"<p>Izbolj\u0161ajte zmogljivost shranjevanja in zmogljivost va\u0161ega Fujitsu LifeBook AH552 z nosilcem za trdi disk Fujitsu LifeBook AH552 HDD Caddy. Ta priro\u010den nosilec vam omogo\u010da, da svojemu prenosnemu ra\u010dunalniku dodate dodaten trdi disk in tako zagotovite ve\u010d prostora za shranjevanje datotek, dokumentov in ve\u010dpredstavnosti.<\/p>\n<p>Ta ohi\u0161je za HDD, izdelano z mislijo na natan\u010dnost in vzdr\u017eljivost, je zasnovano za brezhibno integracijo z va\u0161im Fujitsu LifeBook AH552, kar zagotavlja varno in stabilno prileganje. Namestitev je hitra in enostavna, kar vam omogo\u010da, da v hipu nadgradite kapaciteto pomnilnika prenosnika.<\/p>\n<p>Ne glede na to, ali potrebujete dodaten prostor za svojo nara\u0161\u010dajo\u010do zbirko datotek ali \u017eelite izbolj\u0161ati delovanje svojega prenosnika z namensko re\u0161itvijo za shranjevanje, je nosilec za trdi disk Fujitsu LifeBook AH552 HDD Caddy odli\u010dna izbira. Investirajte v ta visokokakovosten caddy \u0161e danes in dvignite svoj prenosnik na naslednjo raven.<\/p>\n","protected":false},"featured_media":47814,"template":"","meta":[],"product_brand":[],"product_cat":[2062],"product_tag":[2063,1818],"class_list":{"0":"post-58261","1":"product","2":"type-product","3":"status-publish","4":"has-post-thumbnail","6":"product_cat-maticne-plosce-in-deli-plosc","7":"product_tag-fujitsu","8":"product_tag-rezervni-deli","10":"first","11":"instock","12":"taxable","13":"shipping-taxable","14":"purchasable","15":"product-type-simple"},"_links":{"self":[{"href":"https:\/\/pracek.si\/racunalniskatrgovina\/wp-json\/wp\/v2\/product\/58261","targetHints":{"allow":["GET"]}}],"collection":[{"href":"https:\/\/pracek.si\/racunalniskatrgovina\/wp-json\/wp\/v2\/product"}],"about":[{"href":"https:\/\/pracek.si\/racunalniskatrgovina\/wp-json\/wp\/v2\/types\/product"}],"version-history":[{"count":0,"href":"https:\/\/pracek.si\/racunalniskatrgovina\/wp-json\/wp\/v2\/product\/58261\/revisions"}],"wp:featuredmedia":[{"embeddable":true,"href":"https:\/\/pracek.si\/racunalniskatrgovina\/wp-json\/wp\/v2\/media\/47814"}],"wp:attachment":[{"href":"https:\/\/pracek.si\/racunalniskatrgovina\/wp-json\/wp\/v2\/media?parent=58261"}],"wp:term":[{"taxonomy":"product_brand","embeddable":true,"href":"https:\/\/pracek.si\/racunalniskatrgovina\/wp-json\/wp\/v2\/product_brand?post=58261"},{"taxonomy":"product_cat","embeddable":true,"href":"https:\/\/pracek.si\/racunalniskatrgovina\/wp-json\/wp\/v2\/product_cat?post=58261"},{"taxonomy":"product_tag","embeddable":true,"href":"https:\/\/pracek.si\/racunalniskatrgovina\/wp-json\/wp\/v2\/product_tag?post=58261"}],"curies":[{"name":"wp","href":"https:\/\/api.w.org\/{rel}","templated":true}]}}