{"id":58270,"date":"2025-07-31T11:53:48","date_gmt":"2025-07-31T10:53:48","guid":{"rendered":"https:\/\/pracek.si\/racunalniskatrgovina\/?post_type=product&#038;p=58270"},"modified":"2025-07-31T11:57:05","modified_gmt":"2025-07-31T10:57:05","slug":"originalni-prenosnik-fujitsu-lifebook-ah552-dvdrom-drive-writer-model-ts-u633-zamenjava","status":"publish","type":"product","link":"https:\/\/pracek.si\/racunalniskatrgovina\/izdelek\/originalni-prenosnik-fujitsu-lifebook-ah552-dvdrom-drive-writer-model-ts-u633-zamenjava\/","title":{"rendered":"Originalni prenosnik Fujitsu LifeBook AH552 DVDROM Drive Writer model TS-U633 zamenjava"},"content":{"rendered":"<p>O\u017eivite opti\u010dni pogon va\u0161ega prenosnika Fujitsu LifeBook AH552 s tem pristnim nadomestnim zapisovalnikom pogonov DVD-ROM model TS-U633. Ta visokokakovosten pogon, zasnovan za brezhibno zdru\u017eljivost in zmogljivost, ponuja zanesljive zmo\u017enosti branja in zapisovanja diskov za vse va\u0161e multimedijske potrebe.<\/p>\n","protected":false},"excerpt":{"rendered":"<p>Nadgradite opti\u010dni pogon va\u0161ega prenosnega ra\u010dunalnika Fujitsu LifeBook AH552 z originalnim nadomestnim pogonom DVDROM za prenosni ra\u010dunalnik Fujitsu LifeBook AH552 model TS-U633. Ne glede na to, ali \u017eelite zamenjati pokvarjeni pogon ali \u017eelite raz\u0161iriti zmogljivosti svojega prenosnika, je ta originalni nadomestni del odli\u010dna re\u0161itev.<\/p>\n<p>Izdelan z mislijo na natan\u010dnost in zdru\u017eljivost, ta nadomestni model pogona DVD-ROM TS-U633 ponuja brezhibno integracijo z va\u0161im Fujitsu LifeBook AH552, kar zagotavlja optimalno zmogljivost in zanesljivost. U\u017eivajte v zanesljivih zmo\u017enostih branja in zapisovanja diskov za vse va\u0161e multimedijske potrebe, od gledanja filmov do zapisovanja CD-jev in DVD-jev.<\/p>\n<p>Ta nadomestni zapisovalnik pogonov DVD-ROM model TS-U633, ki je enostaven za namestitev in je narejen tako, da traja, zagotavlja re\u0161itev brez te\u017eav za potrebe po popravilu va\u0161ega prenosnika. Preprosto zamenjajte svoj stari disk s tem pristnim nadomestnim delom in u\u017eivajte v izbolj\u0161ani funkcionalnosti in zmogljivosti.<\/p>\n<p>Izkusite razliko, ki jo lahko prinesejo originalni deli Fujitsu, in zagotovite, da bo va\u0161 prenosni ra\u010dunalnik Fujitsu LifeBook AH552 \u0161e naprej izpolnjeval va\u0161e potrebe z nadomestnim pogonom DVDROM za prenosni ra\u010dunalnik Fujitsu LifeBook AH552 model TS-U633. Naro\u010dite svojega \u0161e danes in dvignite svoj prenosnik na naslednjo raven.<\/p>\n","protected":false},"featured_media":47820,"template":"","meta":[],"product_brand":[],"product_cat":[2062],"product_tag":[2063,1818],"class_list":{"0":"post-58270","1":"product","2":"type-product","3":"status-publish","4":"has-post-thumbnail","6":"product_cat-maticne-plosce-in-deli-plosc","7":"product_tag-fujitsu","8":"product_tag-rezervni-deli","10":"first","11":"instock","12":"taxable","13":"shipping-taxable","14":"purchasable","15":"product-type-simple"},"_links":{"self":[{"href":"https:\/\/pracek.si\/racunalniskatrgovina\/wp-json\/wp\/v2\/product\/58270","targetHints":{"allow":["GET"]}}],"collection":[{"href":"https:\/\/pracek.si\/racunalniskatrgovina\/wp-json\/wp\/v2\/product"}],"about":[{"href":"https:\/\/pracek.si\/racunalniskatrgovina\/wp-json\/wp\/v2\/types\/product"}],"version-history":[{"count":0,"href":"https:\/\/pracek.si\/racunalniskatrgovina\/wp-json\/wp\/v2\/product\/58270\/revisions"}],"wp:featuredmedia":[{"embeddable":true,"href":"https:\/\/pracek.si\/racunalniskatrgovina\/wp-json\/wp\/v2\/media\/47820"}],"wp:attachment":[{"href":"https:\/\/pracek.si\/racunalniskatrgovina\/wp-json\/wp\/v2\/media?parent=58270"}],"wp:term":[{"taxonomy":"product_brand","embeddable":true,"href":"https:\/\/pracek.si\/racunalniskatrgovina\/wp-json\/wp\/v2\/product_brand?post=58270"},{"taxonomy":"product_cat","embeddable":true,"href":"https:\/\/pracek.si\/racunalniskatrgovina\/wp-json\/wp\/v2\/product_cat?post=58270"},{"taxonomy":"product_tag","embeddable":true,"href":"https:\/\/pracek.si\/racunalniskatrgovina\/wp-json\/wp\/v2\/product_tag?post=58270"}],"curies":[{"name":"wp","href":"https:\/\/api.w.org\/{rel}","templated":true}]}}