{"id":58273,"date":"2025-07-31T11:53:49","date_gmt":"2025-07-31T10:53:49","guid":{"rendered":"https:\/\/pracek.si\/racunalniskatrgovina\/?post_type=product&#038;p=58273"},"modified":"2025-07-31T11:57:58","modified_gmt":"2025-07-31T10:57:58","slug":"originalni-nadomestni-deli-za-14-palcni-naslon-za-dlani-za-prenosnik-lenovo-thinkpad-t430s-fru-04w3495","status":"publish","type":"product","link":"https:\/\/pracek.si\/racunalniskatrgovina\/izdelek\/originalni-nadomestni-deli-za-14-palcni-naslon-za-dlani-za-prenosnik-lenovo-thinkpad-t430s-fru-04w3495\/","title":{"rendered":"Originalni nadomestni deli za 14-pal\u010dni naslon za dlani za prenosnik Lenovo ThinkPad T430s FRU 04W3495"},"content":{"rendered":"<p>Obnovite eleganten videz in funkcionalnost va\u0161ega Lenovo ThinkPad T430s s tem pristnim nadomestkom za naslon za dlani. Ta visokokakovostni naslon za dlani FRU 04W3495, izdelan po natan\u010dnih specifikacijah, je enostaven za namestitev, kar zagotavlja brezhibno popravilo va\u0161ega prenosnika.<\/p>\n","protected":false},"excerpt":{"rendered":"<p>O\u017eivite videz in uporabnost va\u0161ega Lenovo ThinkPad T430s z originalnim 14-pal\u010dnim naslonom za dlani za prenosni ra\u010dunalnik Lenovo ThinkPad T430s FRU 04W3495. Ta nadomestni naslon za dlani je zasnovan tako, da izpolnjuje stroge standarde Lenovo, in je izdelan z natan\u010dnostjo, da zagotovi popolno prileganje in brezhibno integracijo z va\u0161im prenosnikom.<\/p>\n<p>Odlikuje ga vzdr\u017eljiva konstrukcija in pristna kakovost Lenovo, zato je ta nadomestni naslon za dlani idealna re\u0161itev za povrnitev va\u0161ega prenosnika v prvotno stanje. Ne glede na to, ali imate opravka s po\u0161kodovanim naslonom za dlani ali preprosto \u017eelite osve\u017eiti videz svoje naprave, ta originalni nadomestni del zagotavlja zmogljivost in zanesljivost, ki jo potrebujete.<\/p>\n<p>Namestitev je preprosta, zahvaljujo\u010d uporabniku prijazni zasnovi tega nadomestnega naslona za dlani. Z navodili, ki jih je enostavno slediti, in namestitvijo brez te\u017eav bo va\u0161 Lenovo ThinkPad T430s v hipu izgledal in deloval kot nov.<\/p>\n<p>Vlagajte v kakovost in zanesljivost originalnih delov Lenovo in zagotovite, da bo va\u0161 prenosnik \u0161e naprej deloval po najbolj\u0161ih mo\u010deh. Ne dovolite, da bi po\u0161kodovan naslon za dlani zmanj\u0161al va\u0161o ra\u010dunalni\u0161ko izku\u0161njo \u2013 nadgradite na originalni naslon za dlani za 14-pal\u010dni prenosnik Lenovo ThinkPad T430s FRU 04W3495 \u0161e danes.<\/p>\n","protected":false},"featured_media":47835,"template":"","meta":[],"product_brand":[],"product_cat":[2051],"product_tag":[2061,1818],"class_list":{"0":"post-58273","1":"product","2":"type-product","3":"status-publish","4":"has-post-thumbnail","6":"product_cat-ohisje-prenosnika","7":"product_tag-lenovo","8":"product_tag-rezervni-deli","10":"first","11":"instock","12":"taxable","13":"shipping-taxable","14":"purchasable","15":"product-type-simple"},"_links":{"self":[{"href":"https:\/\/pracek.si\/racunalniskatrgovina\/wp-json\/wp\/v2\/product\/58273","targetHints":{"allow":["GET"]}}],"collection":[{"href":"https:\/\/pracek.si\/racunalniskatrgovina\/wp-json\/wp\/v2\/product"}],"about":[{"href":"https:\/\/pracek.si\/racunalniskatrgovina\/wp-json\/wp\/v2\/types\/product"}],"version-history":[{"count":0,"href":"https:\/\/pracek.si\/racunalniskatrgovina\/wp-json\/wp\/v2\/product\/58273\/revisions"}],"wp:featuredmedia":[{"embeddable":true,"href":"https:\/\/pracek.si\/racunalniskatrgovina\/wp-json\/wp\/v2\/media\/47835"}],"wp:attachment":[{"href":"https:\/\/pracek.si\/racunalniskatrgovina\/wp-json\/wp\/v2\/media?parent=58273"}],"wp:term":[{"taxonomy":"product_brand","embeddable":true,"href":"https:\/\/pracek.si\/racunalniskatrgovina\/wp-json\/wp\/v2\/product_brand?post=58273"},{"taxonomy":"product_cat","embeddable":true,"href":"https:\/\/pracek.si\/racunalniskatrgovina\/wp-json\/wp\/v2\/product_cat?post=58273"},{"taxonomy":"product_tag","embeddable":true,"href":"https:\/\/pracek.si\/racunalniskatrgovina\/wp-json\/wp\/v2\/product_tag?post=58273"}],"curies":[{"name":"wp","href":"https:\/\/api.w.org\/{rel}","templated":true}]}}