{"id":58274,"date":"2025-07-31T11:53:49","date_gmt":"2025-07-31T10:53:49","guid":{"rendered":"https:\/\/pracek.si\/racunalniskatrgovina\/?post_type=product&#038;p=58274"},"modified":"2025-07-31T11:58:00","modified_gmt":"2025-07-31T10:58:00","slug":"originalni-deli-prenosnika-lenovo-thinkpad-x1-fingerprint-reader-bd-55-4qe03-011-48-4qe18-011","status":"publish","type":"product","link":"https:\/\/pracek.si\/racunalniskatrgovina\/izdelek\/originalni-deli-prenosnika-lenovo-thinkpad-x1-fingerprint-reader-bd-55-4qe03-011-48-4qe18-011\/","title":{"rendered":"Originalni deli prenosnika Lenovo ThinkPad X1 Fingerprint Reader BD 55.4QE03.011 48.4QE18.011"},"content":{"rendered":"<p>Povrnite varnost in udobje va\u0161ega Lenovo ThinkPad X1 s to originalno plo\u0161\u010do bralnika prstnih odtisov. Ta visokokakovosten nadomestek, zasnovan za brezhibno integracijo, zagotavlja natan\u010dno prepoznavanje prstnih odtisov in enostaven dostop do va\u0161e naprave. Nadgradite svoj prenosnik \u0161e danes!<\/p>\n","protected":false},"excerpt":{"rendered":"<p>Izbolj\u0161ajte varnost in funkcionalnost va\u0161ega Lenovo ThinkPad X1 z originalnim bralnikom prstnih odtisov Lenovo ThinkPad X1 BD 55.4QE03.011 48.4QE18.011. Ta nadomestna plo\u0161\u010da bralnika prstnih odtisov, zasnovana za natan\u010dnost in zdru\u017eljivost, je izdelana za brezhibno integracijo z va\u0161o napravo ter zagotavlja zanesljivo in natan\u010dno prepoznavanje prstnih odtisov za ve\u010djo varnost.<\/p>\n<p>Ta plo\u0161\u010da bralnika prstnih odtisov, ki se pona\u0161a s pristno kakovostjo Lenovo, je popolna re\u0161itev za povrnitev funkcije skeniranja prstnih odtisov va\u0161ega prenosnika v prvotno stanje. Ne glede na to, ali zamenjujete pokvarjen bralnik ali nadgrajujete, da izkoristite napredne varnostne funkcije, je ta originalni nadomestni del zasnovan tako, da izpolnjuje najvi\u0161je standarde kakovosti in zmogljivosti.<\/p>\n<p>Namestitev je hitra in enostavna, kar vam omogo\u010da, da v hipu u\u017eivate v prednostih izbolj\u0161ane varnosti in udobja. S svojo vzdr\u017eljivo konstrukcijo in zanesljivim delovanjem lahko zaupate, da bo va\u0161 Lenovo ThinkPad X1 za\u0161\u010diten pred nepoobla\u0161\u010denim dostopom in pripravljen za uporabo, kadar koli ga potrebujete.<\/p>\n<p>Izkusite razliko, ki jo lahko naredijo originalni deli Lenovo, in zagotovite, da bo va\u0161 prenosnik \u0161e naprej zagotavljal zanesljivo varnost in zmogljivost z originalnim bralnikom prstnih odtisov Lenovo ThinkPad X1 BD 55.4QE03.011 48.4QE18.011. Naro\u010dite svojo \u0161e danes in u\u017eivajte v miru, saj veste, da je va\u0161a naprava za\u0161\u010ditena.<\/p>\n","protected":false},"featured_media":47838,"template":"","meta":[],"product_brand":[],"product_cat":[2062],"product_tag":[2061,1818],"class_list":{"0":"post-58274","1":"product","2":"type-product","3":"status-publish","4":"has-post-thumbnail","6":"product_cat-maticne-plosce-in-deli-plosc","7":"product_tag-lenovo","8":"product_tag-rezervni-deli","10":"first","11":"instock","12":"taxable","13":"shipping-taxable","14":"purchasable","15":"product-type-simple"},"_links":{"self":[{"href":"https:\/\/pracek.si\/racunalniskatrgovina\/wp-json\/wp\/v2\/product\/58274","targetHints":{"allow":["GET"]}}],"collection":[{"href":"https:\/\/pracek.si\/racunalniskatrgovina\/wp-json\/wp\/v2\/product"}],"about":[{"href":"https:\/\/pracek.si\/racunalniskatrgovina\/wp-json\/wp\/v2\/types\/product"}],"version-history":[{"count":0,"href":"https:\/\/pracek.si\/racunalniskatrgovina\/wp-json\/wp\/v2\/product\/58274\/revisions"}],"wp:featuredmedia":[{"embeddable":true,"href":"https:\/\/pracek.si\/racunalniskatrgovina\/wp-json\/wp\/v2\/media\/47838"}],"wp:attachment":[{"href":"https:\/\/pracek.si\/racunalniskatrgovina\/wp-json\/wp\/v2\/media?parent=58274"}],"wp:term":[{"taxonomy":"product_brand","embeddable":true,"href":"https:\/\/pracek.si\/racunalniskatrgovina\/wp-json\/wp\/v2\/product_brand?post=58274"},{"taxonomy":"product_cat","embeddable":true,"href":"https:\/\/pracek.si\/racunalniskatrgovina\/wp-json\/wp\/v2\/product_cat?post=58274"},{"taxonomy":"product_tag","embeddable":true,"href":"https:\/\/pracek.si\/racunalniskatrgovina\/wp-json\/wp\/v2\/product_tag?post=58274"}],"curies":[{"name":"wp","href":"https:\/\/api.w.org\/{rel}","templated":true}]}}