{"id":58304,"date":"2025-07-31T11:56:50","date_gmt":"2025-07-31T10:56:50","guid":{"rendered":"https:\/\/pracek.si\/racunalniskatrgovina\/?post_type=product&#038;p=58304"},"modified":"2026-01-30T08:30:49","modified_gmt":"2026-01-30T07:30:49","slug":"originalni-deli-za-prenosnik-lenovo-thinkpad-t430s-chassis-cover-door-60-4qz20-001","status":"publish","type":"product","link":"https:\/\/pracek.si\/racunalniskatrgovina\/izdelek\/originalni-deli-za-prenosnik-lenovo-thinkpad-t430s-chassis-cover-door-60-4qz20-001\/","title":{"rendered":"Originalni deli za prenosnik Lenovo ThinkPad T430s Chassis Cover Door 60.4QZ20.001"},"content":{"rendered":"<p>Obnovite eleganten videz va\u0161ega Lenovo ThinkPad T430s s temi pristnimi vratci pokrova ohi\u0161ja. Ta visokokakovosten nadomestni del, izdelan po natan\u010dnih specifikacijah, zagotavlja popolno prileganje in brezhibno integracijo, zaradi \u010desar je idealna re\u0161itev za potrebe po popravilu va\u0161ega prenosnika.<\/p>\n","protected":false},"excerpt":{"rendered":"<p>Dajte svojemu Lenovo ThinkPad T430s sve\u017e videz in ob\u010dutek z originalnimi pokrovi ohi\u0161ja Lenovo ThinkPad T430s 60.4QZ20.001. Ta nadomestek vrat pokrova ohi\u0161ja, ki je natan\u010dno zasnovan tako, da se ujema z izvirno zasnovo, ponuja brezhibno prileganje in postopek namestitve brez te\u017eav.<\/p>\n<p>Ta vrata pokrova ohi\u0161ja so narejena iz trpe\u017enih materialov in jih podpira sloves kakovosti dru\u017ebe Lenovo, zato so zgrajena tako, da prenesejo vsakodnevno obrabo in zagotavljajo dolgotrajno delovanje in zanesljivost. Ne glede na to, ali zamenjate po\u0161kodovan pokrov ali preprosto nadgradite videz svojega prenosnika, ta originalni del Lenovo zagotavlja izjemno vrednost in brezskrbnost.<\/p>\n<p>Povrnite svojemu prenosniku eleganten in profesionalen videz z lahkoto, zahvaljujo\u010d enostavnemu postopku namestitve teh pristnih vrat pokrova ohi\u0161ja. Zaradi natan\u010dnega prileganja in trpe\u017ene konstrukcije lahko zaupate, da bo va\u0161 Lenovo ThinkPad T430s \u0161e leta izgledal in deloval kar najbolje.<\/p>\n<p>Izkusite razliko, ki jo lahko ustvarijo originalni deli Lenovo in izbolj\u0161ajo splo\u0161no estetiko va\u0161ega prenosnika z originalnimi pokrovi ohi\u0161ja Lenovo ThinkPad T430s 60.4QZ20.001. Naro\u010dite svojega \u0161e danes in u\u017eivajte v brezhibnem popravilu.<\/p>\n","protected":false},"featured_media":47882,"template":"","meta":[],"product_brand":[],"product_cat":[2051],"product_tag":[2061,1818],"class_list":{"0":"post-58304","1":"product","2":"type-product","3":"status-publish","4":"has-post-thumbnail","6":"product_cat-ohisje-prenosnika","7":"product_tag-lenovo","8":"product_tag-rezervni-deli","10":"first","11":"instock","12":"taxable","13":"shipping-taxable","14":"purchasable","15":"product-type-simple"},"_links":{"self":[{"href":"https:\/\/pracek.si\/racunalniskatrgovina\/wp-json\/wp\/v2\/product\/58304","targetHints":{"allow":["GET"]}}],"collection":[{"href":"https:\/\/pracek.si\/racunalniskatrgovina\/wp-json\/wp\/v2\/product"}],"about":[{"href":"https:\/\/pracek.si\/racunalniskatrgovina\/wp-json\/wp\/v2\/types\/product"}],"version-history":[{"count":0,"href":"https:\/\/pracek.si\/racunalniskatrgovina\/wp-json\/wp\/v2\/product\/58304\/revisions"}],"wp:featuredmedia":[{"embeddable":true,"href":"https:\/\/pracek.si\/racunalniskatrgovina\/wp-json\/wp\/v2\/media\/47882"}],"wp:attachment":[{"href":"https:\/\/pracek.si\/racunalniskatrgovina\/wp-json\/wp\/v2\/media?parent=58304"}],"wp:term":[{"taxonomy":"product_brand","embeddable":true,"href":"https:\/\/pracek.si\/racunalniskatrgovina\/wp-json\/wp\/v2\/product_brand?post=58304"},{"taxonomy":"product_cat","embeddable":true,"href":"https:\/\/pracek.si\/racunalniskatrgovina\/wp-json\/wp\/v2\/product_cat?post=58304"},{"taxonomy":"product_tag","embeddable":true,"href":"https:\/\/pracek.si\/racunalniskatrgovina\/wp-json\/wp\/v2\/product_tag?post=58304"}],"curies":[{"name":"wp","href":"https:\/\/api.w.org\/{rel}","templated":true}]}}