{"id":58319,"date":"2025-07-31T11:57:53","date_gmt":"2025-07-31T10:57:53","guid":{"rendered":"https:\/\/pracek.si\/racunalniskatrgovina\/?post_type=product&#038;p=58319"},"modified":"2026-01-31T07:03:27","modified_gmt":"2026-01-31T06:03:27","slug":"originalni-hp-chromebook-11a-g8-ee-l98587-001-sps-nosilo-za-zascito-baterije-originalni-del","status":"publish","type":"product","link":"https:\/\/pracek.si\/racunalniskatrgovina\/izdelek\/originalni-hp-chromebook-11a-g8-ee-l98587-001-sps-nosilo-za-zascito-baterije-originalni-del\/","title":{"rendered":"Originalni HP Chromebook 11A G8 EE L98587-001 SPS-NOSILO ZA ZA\u0160\u010cITO BATERIJE Originalni del"},"content":{"rendered":"<p>Zagotovite varnost in dolgo \u017eivljenjsko dobo svojega HP Chromebooka 11A G8 EE s tem originalnim nosilcem za za\u0161\u010dito baterije. Izdelan po natan\u010dnih specifikacijah, ta originalni del zagotavlja bistveno za\u0161\u010dito za baterijo va\u0161e naprave, kar zagotavlja brezskrbnost in zanesljivost.<\/p>\n","protected":false},"excerpt":{"rendered":"<p>Za\u0161\u010ditite in podalj\u0161ajte \u017eivljenjsko dobo va\u0161ega HP Chromebook 11A G8 EE z originalnim HP Chromebook 11A G8 EE L98587-001 SPS-ZA\u0160\u010cITNIM NOSILCEM ZA BATERIJO. Ta originalni del, izdelan po standardih OEM, je zasnovan tako, da zagotavlja bistveno za\u0161\u010dito baterije va\u0161e naprave, jo \u0161\u010diti pred po\u0161kodbami in zagotavlja zanesljivo delovanje.<\/p>\n<p>Zasnovan za vzdr\u017eljivost in zdru\u017eljivost, je ta nosilec za za\u0161\u010dito baterije popolna re\u0161itev za ohranjanje celovitosti va\u0161ega HP Chromebooka 11A G8 EE. Ne glede na to, ali zamenjujete po\u0161kodovan nosilec ali preprosto nadgrajujete, da zagotovite optimalno za\u0161\u010dito, ta originalni del nudi brezskrbnost in zanesljivost.<\/p>\n<p>Ta za\u0161\u010ditni nosilec za baterijo, ki je enostaven za namestitev in izdelan za dolgotrajno uporabo, zagotavlja, da va\u0161 HP Chromebook 11A G8 EE ostane v odli\u010dnem stanju in je pripravljen za vse va\u0161e ra\u010dunalni\u0161ke potrebe. Zaupajte v kakovost in zanesljivost originalnih delov HP in za\u0161\u010ditite svojo nalo\u017ebo z originalnim HP Chromebook 11A G8 EE L98587-001 SPS-ZA\u0160\u010cITNI NOSILEC ZA BATERIJO.<\/p>\n","protected":false},"featured_media":47907,"template":"","meta":[],"product_brand":[],"product_cat":[2051],"product_tag":[2060,1818],"class_list":{"0":"post-58319","1":"product","2":"type-product","3":"status-publish","4":"has-post-thumbnail","6":"product_cat-ohisje-prenosnika","7":"product_tag-hp","8":"product_tag-rezervni-deli","10":"first","11":"instock","12":"taxable","13":"shipping-taxable","14":"purchasable","15":"product-type-simple"},"_links":{"self":[{"href":"https:\/\/pracek.si\/racunalniskatrgovina\/wp-json\/wp\/v2\/product\/58319","targetHints":{"allow":["GET"]}}],"collection":[{"href":"https:\/\/pracek.si\/racunalniskatrgovina\/wp-json\/wp\/v2\/product"}],"about":[{"href":"https:\/\/pracek.si\/racunalniskatrgovina\/wp-json\/wp\/v2\/types\/product"}],"version-history":[{"count":0,"href":"https:\/\/pracek.si\/racunalniskatrgovina\/wp-json\/wp\/v2\/product\/58319\/revisions"}],"wp:featuredmedia":[{"embeddable":true,"href":"https:\/\/pracek.si\/racunalniskatrgovina\/wp-json\/wp\/v2\/media\/47907"}],"wp:attachment":[{"href":"https:\/\/pracek.si\/racunalniskatrgovina\/wp-json\/wp\/v2\/media?parent=58319"}],"wp:term":[{"taxonomy":"product_brand","embeddable":true,"href":"https:\/\/pracek.si\/racunalniskatrgovina\/wp-json\/wp\/v2\/product_brand?post=58319"},{"taxonomy":"product_cat","embeddable":true,"href":"https:\/\/pracek.si\/racunalniskatrgovina\/wp-json\/wp\/v2\/product_cat?post=58319"},{"taxonomy":"product_tag","embeddable":true,"href":"https:\/\/pracek.si\/racunalniskatrgovina\/wp-json\/wp\/v2\/product_tag?post=58319"}],"curies":[{"name":"wp","href":"https:\/\/api.w.org\/{rel}","templated":true}]}}