{"id":58332,"date":"2025-07-31T11:58:54","date_gmt":"2025-07-31T10:58:54","guid":{"rendered":"https:\/\/pracek.si\/racunalniskatrgovina\/?post_type=product&#038;p=58332"},"modified":"2025-07-31T12:04:30","modified_gmt":"2025-07-31T11:04:30","slug":"originalni-nadomestni-deli-za-prenosni-racunalnik-hp-chromebook-11-g8-ee-usb-modul-plosce","status":"publish","type":"product","link":"https:\/\/pracek.si\/racunalniskatrgovina\/izdelek\/originalni-nadomestni-deli-za-prenosni-racunalnik-hp-chromebook-11-g8-ee-usb-modul-plosce\/","title":{"rendered":"Originalni nadomestni deli za prenosni ra\u010dunalnik HP Chromebook 11 G8 EE USB modul plo\u0161\u010de"},"content":{"rendered":"<p>Zamenjajte modul USB plo\u0161\u010de va\u0161ega HP Chromebook 11 G8 EE s tem originalnim nadomestnim delom. Ta visokokakovosten modul, zasnovan za brezhibno zdru\u017eljivost in enostavno namestitev, zagotavlja optimalno povezljivost in funkcionalnost va\u0161ega prenosnika.<\/p>\n","protected":false},"excerpt":{"rendered":"<p>Izbolj\u0161ajte povezljivost va\u0161ega HP Chromebooka 11 G8 EE z originalnim nadomestnim modulom plo\u0161\u010de USB za HP Chromebook 11 G8 EE. Ta nadomestni modul plo\u0161\u010de USB, izdelan po natan\u010dnih specifikacijah, zagotavlja brezhibno integracijo z va\u0161o napravo, kar zagotavlja zanesljivo delovanje in zdru\u017eljivost.<\/p>\n<p>Ta modul plo\u0161\u010de USB, ki se pona\u0161a s pristno kakovostjo HP, je popolna re\u0161itev za obnovitev ali nadgradnjo funkcionalnosti USB va\u0161ega prenosnika. Ne glede na to, ali imate te\u017eave s povezljivostjo ali preprosto \u017eelite izbolj\u0161ati svojo napravo, je ta originalni nadomestni del zasnovan tako, da izpolnjuje najvi\u0161je standarde kakovosti in zanesljivosti.<\/p>\n<p>Ta nadomestni modul plo\u0161\u010de USB, ki je enostaven za namestitev in izdelan tako, da traja, ponuja re\u0161itev brez te\u017eav za potrebe po popravilu va\u0161ega prenosnika. S svojo vzdr\u017eljivo konstrukcijo in zanesljivim delovanjem lahko zaupate, da bo va\u0161 HP Chromebook 11 G8 EE v hipu ponovno pripravljen za delovanje.<\/p>\n<p>Izkusite razliko, ki jo lahko naredijo originalni HP-jevi deli, in zagotovite, da bo va\u0161 prenosnik \u0161e naprej deloval po najbolj\u0161ih mo\u010deh z originalnim nadomestnim modulom plo\u0161\u010de USB za HP Chromebook 11 G8 EE. Naro\u010dite svojo \u0161e danes in samozavestno nadgradite svojo napravo.<\/p>\n","protected":false},"featured_media":47927,"template":"","meta":[],"product_brand":[],"product_cat":[2062],"product_tag":[2060,1818],"class_list":{"0":"post-58332","1":"product","2":"type-product","3":"status-publish","4":"has-post-thumbnail","6":"product_cat-maticne-plosce-in-deli-plosc","7":"product_tag-hp","8":"product_tag-rezervni-deli","10":"first","11":"instock","12":"taxable","13":"shipping-taxable","14":"purchasable","15":"product-type-simple"},"_links":{"self":[{"href":"https:\/\/pracek.si\/racunalniskatrgovina\/wp-json\/wp\/v2\/product\/58332","targetHints":{"allow":["GET"]}}],"collection":[{"href":"https:\/\/pracek.si\/racunalniskatrgovina\/wp-json\/wp\/v2\/product"}],"about":[{"href":"https:\/\/pracek.si\/racunalniskatrgovina\/wp-json\/wp\/v2\/types\/product"}],"version-history":[{"count":0,"href":"https:\/\/pracek.si\/racunalniskatrgovina\/wp-json\/wp\/v2\/product\/58332\/revisions"}],"wp:featuredmedia":[{"embeddable":true,"href":"https:\/\/pracek.si\/racunalniskatrgovina\/wp-json\/wp\/v2\/media\/47927"}],"wp:attachment":[{"href":"https:\/\/pracek.si\/racunalniskatrgovina\/wp-json\/wp\/v2\/media?parent=58332"}],"wp:term":[{"taxonomy":"product_brand","embeddable":true,"href":"https:\/\/pracek.si\/racunalniskatrgovina\/wp-json\/wp\/v2\/product_brand?post=58332"},{"taxonomy":"product_cat","embeddable":true,"href":"https:\/\/pracek.si\/racunalniskatrgovina\/wp-json\/wp\/v2\/product_cat?post=58332"},{"taxonomy":"product_tag","embeddable":true,"href":"https:\/\/pracek.si\/racunalniskatrgovina\/wp-json\/wp\/v2\/product_tag?post=58332"}],"curies":[{"name":"wp","href":"https:\/\/api.w.org\/{rel}","templated":true}]}}