{"id":58342,"date":"2025-07-31T11:59:55","date_gmt":"2025-07-31T10:59:55","guid":{"rendered":"https:\/\/pracek.si\/racunalniskatrgovina\/?post_type=product&#038;p=58342"},"modified":"2026-01-31T07:04:30","modified_gmt":"2026-01-31T06:04:30","slug":"originalni-nadomestni-deli-za-prenosni-racunalnik-hp-chromebook-11-g8-ee-wlan-brezzicni-modul","status":"publish","type":"product","link":"https:\/\/pracek.si\/racunalniskatrgovina\/izdelek\/originalni-nadomestni-deli-za-prenosni-racunalnik-hp-chromebook-11-g8-ee-wlan-brezzicni-modul\/","title":{"rendered":"Originalni nadomestni deli za prenosni ra\u010dunalnik HP Chromebook 11 G8 EE WLAN brez\u017ei\u010dni modul"},"content":{"rendered":"<p>Obnovite brez\u017ei\u010dno povezljivost s svojim HP Chromebookom 11 G8 EE s tem pristnim nadomestnim modulom WLAN. Ta visokokakovosten del, zasnovan za brezhibno integracijo in enostavno namestitev, zagotavlja zanesljivo delovanje, zaradi \u010desar je idealna re\u0161itev za potrebe po popravilu va\u0161ega prenosnika.<\/p>\n","protected":false},"excerpt":{"rendered":"<p>O\u017eivite svoj HP Chromebook 11 G8 EE z originalnim nadomestnim brez\u017ei\u010dnim modulom HP Chromebook 11 G8 EE WLAN. Ta brez\u017ei\u010dni modul WLAN, zasnovan za zdru\u017eljivost in zanesljivost, je zasnovan za brezhibno integracijo z va\u0161o napravo in povrnitev brez\u017ei\u010dne povezave v optimalno stanje.<\/p>\n<p>Ta nadomestni brez\u017ei\u010dni modul, izdelan s pristno HP-jevo kakovostjo, ponuja popolno re\u0161itev za re\u0161evanje te\u017eav s povezljivostjo ali nadgradnjo va\u0161e naprave. Ne glede na to, ali imate te\u017eave z Wi-Fi ali \u017eelite izbolj\u0161ati zmogljivost svojega prenosnika, ta originalni nadomestni del izpolnjuje najvi\u0161je standarde kakovosti in zdru\u017eljivosti.<\/p>\n<p>Namestitev je preprosta, kar vam omogo\u010da, da brez napora zamenjate obstoje\u010di brez\u017ei\u010dni modul in znova u\u017eivate v brezhibni brez\u017ei\u010dni povezavi. S svojo vzdr\u017eljivo konstrukcijo in zanesljivim delovanjem lahko zaupate, da bo va\u0161 HP Chromebook 11 G8 EE spet deloval brezhibno.<\/p>\n<p>Izkusite razliko, ki jo lahko naredijo originalni HP-jevi deli, in zagotovite, da bo va\u0161 prenosnik \u0161e naprej izpolnjeval va\u0161e potrebe z originalnim nadomestnim modulom za brez\u017ei\u010dni WLAN HP Chromebook 11 G8 EE. Naro\u010dite zdaj in z zaupanjem obnovite brez\u017ei\u010dno delovanje svoje naprave.<\/p>\n","protected":false},"featured_media":47935,"template":"","meta":[],"product_brand":[],"product_cat":[2062],"product_tag":[2060,1818],"class_list":{"0":"post-58342","1":"product","2":"type-product","3":"status-publish","4":"has-post-thumbnail","6":"product_cat-maticne-plosce-in-deli-plosc","7":"product_tag-hp","8":"product_tag-rezervni-deli","10":"first","11":"instock","12":"taxable","13":"shipping-taxable","14":"purchasable","15":"product-type-simple"},"_links":{"self":[{"href":"https:\/\/pracek.si\/racunalniskatrgovina\/wp-json\/wp\/v2\/product\/58342","targetHints":{"allow":["GET"]}}],"collection":[{"href":"https:\/\/pracek.si\/racunalniskatrgovina\/wp-json\/wp\/v2\/product"}],"about":[{"href":"https:\/\/pracek.si\/racunalniskatrgovina\/wp-json\/wp\/v2\/types\/product"}],"version-history":[{"count":0,"href":"https:\/\/pracek.si\/racunalniskatrgovina\/wp-json\/wp\/v2\/product\/58342\/revisions"}],"wp:featuredmedia":[{"embeddable":true,"href":"https:\/\/pracek.si\/racunalniskatrgovina\/wp-json\/wp\/v2\/media\/47935"}],"wp:attachment":[{"href":"https:\/\/pracek.si\/racunalniskatrgovina\/wp-json\/wp\/v2\/media?parent=58342"}],"wp:term":[{"taxonomy":"product_brand","embeddable":true,"href":"https:\/\/pracek.si\/racunalniskatrgovina\/wp-json\/wp\/v2\/product_brand?post=58342"},{"taxonomy":"product_cat","embeddable":true,"href":"https:\/\/pracek.si\/racunalniskatrgovina\/wp-json\/wp\/v2\/product_cat?post=58342"},{"taxonomy":"product_tag","embeddable":true,"href":"https:\/\/pracek.si\/racunalniskatrgovina\/wp-json\/wp\/v2\/product_tag?post=58342"}],"curies":[{"name":"wp","href":"https:\/\/api.w.org\/{rel}","templated":true}]}}