{"id":58357,"date":"2025-07-31T12:02:25","date_gmt":"2025-07-31T11:02:25","guid":{"rendered":"https:\/\/pracek.si\/racunalniskatrgovina\/?post_type=product&#038;p=58357"},"modified":"2025-07-31T12:07:09","modified_gmt":"2025-07-31T11:07:09","slug":"originalni-deli-prenosnika-fujitsu-lifebook-ah531-a531-cover-matrix-cp515924-01","status":"publish","type":"product","link":"https:\/\/pracek.si\/racunalniskatrgovina\/izdelek\/originalni-deli-prenosnika-fujitsu-lifebook-ah531-a531-cover-matrix-cp515924-01\/","title":{"rendered":"Originalni deli prenosnika Fujitsu Lifebook AH531 A531 Cover Matrix CP515924-01"},"content":{"rendered":"<p>Obnovite svoj Fujitsu Lifebook AH531 ali A531 s to pristno matrico ovitka CP515924-01. Ta visokokakovosten nadomestni del, zasnovan za popolno prileganje in brezhibno integracijo, zagotavlja vzdr\u017eljivost in zanesljivost va\u0161ega prenosnika.<\/p>\n","protected":false},"excerpt":{"rendered":"<p>Izbolj\u0161ajte delovanje in videz va\u0161ega Fujitsu Lifebook AH531 ali A531 z originalno matriko ovitka Fujitsu Lifebook AH531 A531 CP515924-01. Ta nadomestna pokrovna matrika, izdelana tako, da izpolnjuje najvi\u0161je standarde kakovosti in zdru\u017eljivosti, je zasnovana tako, da se popolnoma prilega va\u0161emu prenosniku, kar zagotavlja brezhibno integracijo in eleganten videz.<\/p>\n<p>Ne glede na to, ali je va\u0161 trenutni pokrov po\u0161kodovan ali ga \u017eelite nadgraditi, ta originalni del Fujitsu ponuja vzdr\u017eljivost in zanesljivost, ki ju potrebujete. Matrika ovitka CP515924-01 je narejena iz visokokakovostnih materialov in je zgrajena tako, da traja, va\u0161emu prenosniku pa zagotavlja dolgotrajno za\u0161\u010dito in ohranja njegovo prvotno stanje.<\/p>\n<p>Namestitev je enostavna, kar olaj\u0161a zamenjavo starega pokrova s tem originalnim delom. S svojo natan\u010dno zasnovo in robustno konstrukcijo lahko zaupate, da bo va\u0161 Fujitsu Lifebook AH531 ali A531 izgledal in deloval kot nov.<\/p>\n<p>Izkusite prednosti uporabe originalnih delov Fujitsu in ohranite svoj prenosnik v vrhunskem stanju s Fujitsu Lifebook AH531 A531 Cover Matrix CP515924-01. Naro\u010dite svojega \u0161e danes in svojemu prenosniku zagotovite kakovostno nadgradnjo, ki si jo zaslu\u017ei.<\/p>\n","protected":false},"featured_media":47970,"template":"","meta":[],"product_brand":[],"product_cat":[2051],"product_tag":[1818],"class_list":{"0":"post-58357","1":"product","2":"type-product","3":"status-publish","4":"has-post-thumbnail","6":"product_cat-ohisje-prenosnika","7":"product_tag-rezervni-deli","9":"first","10":"instock","11":"taxable","12":"shipping-taxable","13":"purchasable","14":"product-type-simple"},"_links":{"self":[{"href":"https:\/\/pracek.si\/racunalniskatrgovina\/wp-json\/wp\/v2\/product\/58357","targetHints":{"allow":["GET"]}}],"collection":[{"href":"https:\/\/pracek.si\/racunalniskatrgovina\/wp-json\/wp\/v2\/product"}],"about":[{"href":"https:\/\/pracek.si\/racunalniskatrgovina\/wp-json\/wp\/v2\/types\/product"}],"version-history":[{"count":0,"href":"https:\/\/pracek.si\/racunalniskatrgovina\/wp-json\/wp\/v2\/product\/58357\/revisions"}],"wp:featuredmedia":[{"embeddable":true,"href":"https:\/\/pracek.si\/racunalniskatrgovina\/wp-json\/wp\/v2\/media\/47970"}],"wp:attachment":[{"href":"https:\/\/pracek.si\/racunalniskatrgovina\/wp-json\/wp\/v2\/media?parent=58357"}],"wp:term":[{"taxonomy":"product_brand","embeddable":true,"href":"https:\/\/pracek.si\/racunalniskatrgovina\/wp-json\/wp\/v2\/product_brand?post=58357"},{"taxonomy":"product_cat","embeddable":true,"href":"https:\/\/pracek.si\/racunalniskatrgovina\/wp-json\/wp\/v2\/product_cat?post=58357"},{"taxonomy":"product_tag","embeddable":true,"href":"https:\/\/pracek.si\/racunalniskatrgovina\/wp-json\/wp\/v2\/product_tag?post=58357"}],"curies":[{"name":"wp","href":"https:\/\/api.w.org\/{rel}","templated":true}]}}