{"id":58665,"date":"2025-07-31T14:40:52","date_gmt":"2025-07-31T13:40:52","guid":{"rendered":"https:\/\/pracek.si\/racunalniskatrgovina\/?post_type=product&#038;p=58665"},"modified":"2026-01-06T22:53:21","modified_gmt":"2026-01-06T21:53:21","slug":"nadomestni-sprednji-okvir-lcd-za-lenovo-thinkpad-x220-x230-del-st-04w2186","status":"publish","type":"product","link":"https:\/\/pracek.si\/racunalniskatrgovina\/izdelek\/nadomestni-sprednji-okvir-lcd-za-lenovo-thinkpad-x220-x230-del-st-04w2186\/","title":{"rendered":"Nadomestni sprednji okvir LCD za Lenovo ThinkPad X220 X230 &#8211; del \u0161t. 04W2186"},"content":{"rendered":"<p>Izbolj\u0161ajte eleganten videz va\u0161ega Lenovo ThinkPad X220I\/X220\/X230\/X230I s tem vrhunskim pokrovom sprednjega okvirja LCD (\u0161tevilka dela: 04W2186). Izdelan do popolnosti ne \u0161\u010diti le va\u0161ega zaslona, temve\u010d va\u0161i napravi doda pridih elegance. Nadgradite stil in vzdr\u017eljivost svojega prenosnika \u0161e danes!<\/p>\n","protected":false},"excerpt":{"rendered":"<p>Preoblikujte svoj Lenovo ThinkPad X220I\/X220\/X230\/X230I s tem visokokakovostnim sprednjim okvirjem LCD. Ta nadomestni ovitek s \u0161tevilko dela 04W2186, zasnovan do popolnosti, zagotavlja brezhibno prileganje in va\u0161emu prenosniku povrne eleganten videz. Natan\u010dno izdelan pokrov s sprednjim okvirjem zagotavlja vzdr\u017eljivost in dolgo \u017eivljenjsko dobo ter vam daje mir, da je va\u0161a naprava za\u0161\u010ditena. Brez te\u017eav nadgradite estetiko svojega prenosnika s to bistveno komponento. Ohranite celovitost va\u0161e naprave s tem pristnim sprednjim okvirjem, popolnim za osebno uporabo ali profesionalna popravila. Poslovite se od prask, udrtin in obrabe \u2013 izbolj\u0161ajte svojo napravo s tem vrhunskim nadomestnim ovitkom. Zaupajte v kakovost in zdru\u017eljivost tega pokrova s sprednjim okvirjem LCD za izbolj\u0161anje splo\u0161ne zmogljivosti in estetike va\u0161ega Lenovo ThinkPad.<\/p>\n","protected":false},"featured_media":48463,"template":"","meta":[],"product_brand":[],"product_cat":[2051],"product_tag":[2061,1818],"class_list":{"0":"post-58665","1":"product","2":"type-product","3":"status-publish","4":"has-post-thumbnail","6":"product_cat-ohisje-prenosnika","7":"product_tag-lenovo","8":"product_tag-rezervni-deli","10":"first","11":"outofstock","12":"taxable","13":"shipping-taxable","14":"purchasable","15":"product-type-simple"},"_links":{"self":[{"href":"https:\/\/pracek.si\/racunalniskatrgovina\/wp-json\/wp\/v2\/product\/58665","targetHints":{"allow":["GET"]}}],"collection":[{"href":"https:\/\/pracek.si\/racunalniskatrgovina\/wp-json\/wp\/v2\/product"}],"about":[{"href":"https:\/\/pracek.si\/racunalniskatrgovina\/wp-json\/wp\/v2\/types\/product"}],"version-history":[{"count":0,"href":"https:\/\/pracek.si\/racunalniskatrgovina\/wp-json\/wp\/v2\/product\/58665\/revisions"}],"wp:featuredmedia":[{"embeddable":true,"href":"https:\/\/pracek.si\/racunalniskatrgovina\/wp-json\/wp\/v2\/media\/48463"}],"wp:attachment":[{"href":"https:\/\/pracek.si\/racunalniskatrgovina\/wp-json\/wp\/v2\/media?parent=58665"}],"wp:term":[{"taxonomy":"product_brand","embeddable":true,"href":"https:\/\/pracek.si\/racunalniskatrgovina\/wp-json\/wp\/v2\/product_brand?post=58665"},{"taxonomy":"product_cat","embeddable":true,"href":"https:\/\/pracek.si\/racunalniskatrgovina\/wp-json\/wp\/v2\/product_cat?post=58665"},{"taxonomy":"product_tag","embeddable":true,"href":"https:\/\/pracek.si\/racunalniskatrgovina\/wp-json\/wp\/v2\/product_tag?post=58665"}],"curies":[{"name":"wp","href":"https:\/\/api.w.org\/{rel}","templated":true}]}}