{"id":58673,"date":"2025-07-31T14:41:49","date_gmt":"2025-07-31T13:41:49","guid":{"rendered":"https:\/\/pracek.si\/racunalniskatrgovina\/?post_type=product&#038;p=58673"},"modified":"2026-02-03T15:58:52","modified_gmt":"2026-02-03T14:58:52","slug":"plosca-in-nosilec-za-citalnik-prstnih-odtisov-za-lenovo-thinkpad-x230-48-4qe17-011","status":"publish","type":"product","link":"https:\/\/pracek.si\/racunalniskatrgovina\/izdelek\/plosca-in-nosilec-za-citalnik-prstnih-odtisov-za-lenovo-thinkpad-x230-48-4qe17-011\/","title":{"rendered":"Plo\u0161\u010da in nosilec za \u010ditalnik prstnih odtisov za Lenovo ThinkPad X230 &#8211; 48.4QE17.011"},"content":{"rendered":"<p>Izbolj\u0161ajte svoj Lenovo ThinkPad X230 s to originalno plo\u0161\u010do za bralnik prstnih odtisov &amp; Nosilec (48.4QE17.011). U\u017eivajte v brezhibni varnosti in udobju s hitrim prepoznavanjem prstnih odtisov. Nadgradite svojo napravo brez truda \u0161e danes!<\/p>\n","protected":false},"excerpt":{"rendered":"<p>Odklenite polni potencial va\u0161ega Lenovo ThinkPad X230 s plo\u0161\u010do bralnika prstnih odtisov &amp; Nosilec 48.4QE17.011. Ta vrhunski pripomo\u010dek zagotavlja ve\u010djo varnost in udobje, saj vam omogo\u010da dostop do va\u0161e naprave s samo enim dotikom. Poslovite se od gesel in zapletenih postopkov prijave &#8211; s to plo\u0161\u010do in nosilcem za \u010ditalnik prstnih odtisov lahko u\u017eivate v brezhibnem preverjanju pristnosti v nekaj sekundah.<\/p>\n<p>Ta plo\u0161\u010da in nosilec bralnika prstnih odtisov, izdelana z natan\u010dnostjo in zasnovana za brezhibno integracijo v va\u0161 Lenovo ThinkPad X230, sta nujna nadgradnja za vsakega tehnolo\u0161kega navdu\u0161enca. Preprosto ga namestite v svojo napravo, registrirajte svoje prstne odtise in izkusite povsem novo raven varnosti in u\u010dinkovitosti.<\/p>\n<p>Ne glede na to, ali ste poslovni strokovnjak, ki obravnava ob\u010dutljive informacije, ali \u0161tudent s pomembnimi projekti, Fingerprint Reader Board &amp; Nosilec 48.4QE17.011 je popolna re\u0161itev za varovanje va\u0161ih podatkov in nemoten potek dela. Investirajte v ta inovativni pripomo\u010dek \u0161e danes in dvignite svojo digitalno izku\u0161njo na nove vi\u0161ine.<\/p>\n","protected":false},"featured_media":48483,"template":"","meta":[],"product_brand":[],"product_cat":[2062],"product_tag":[2061,1818],"class_list":{"0":"post-58673","1":"product","2":"type-product","3":"status-publish","4":"has-post-thumbnail","6":"product_cat-maticne-plosce-in-deli-plosc","7":"product_tag-lenovo","8":"product_tag-rezervni-deli","10":"first","11":"instock","12":"taxable","13":"shipping-taxable","14":"purchasable","15":"product-type-simple"},"_links":{"self":[{"href":"https:\/\/pracek.si\/racunalniskatrgovina\/wp-json\/wp\/v2\/product\/58673","targetHints":{"allow":["GET"]}}],"collection":[{"href":"https:\/\/pracek.si\/racunalniskatrgovina\/wp-json\/wp\/v2\/product"}],"about":[{"href":"https:\/\/pracek.si\/racunalniskatrgovina\/wp-json\/wp\/v2\/types\/product"}],"version-history":[{"count":0,"href":"https:\/\/pracek.si\/racunalniskatrgovina\/wp-json\/wp\/v2\/product\/58673\/revisions"}],"wp:featuredmedia":[{"embeddable":true,"href":"https:\/\/pracek.si\/racunalniskatrgovina\/wp-json\/wp\/v2\/media\/48483"}],"wp:attachment":[{"href":"https:\/\/pracek.si\/racunalniskatrgovina\/wp-json\/wp\/v2\/media?parent=58673"}],"wp:term":[{"taxonomy":"product_brand","embeddable":true,"href":"https:\/\/pracek.si\/racunalniskatrgovina\/wp-json\/wp\/v2\/product_brand?post=58673"},{"taxonomy":"product_cat","embeddable":true,"href":"https:\/\/pracek.si\/racunalniskatrgovina\/wp-json\/wp\/v2\/product_cat?post=58673"},{"taxonomy":"product_tag","embeddable":true,"href":"https:\/\/pracek.si\/racunalniskatrgovina\/wp-json\/wp\/v2\/product_tag?post=58673"}],"curies":[{"name":"wp","href":"https:\/\/api.w.org\/{rel}","templated":true}]}}