{"id":58675,"date":"2025-07-31T14:41:50","date_gmt":"2025-07-31T13:41:50","guid":{"rendered":"https:\/\/pracek.si\/racunalniskatrgovina\/?post_type=product&#038;p=58675"},"modified":"2026-02-03T15:59:09","modified_gmt":"2026-02-03T14:59:09","slug":"lenovo-thinkpad-x230-w530-t430-t430s-3g-kartica-60y3297-wwan-mobile-broadband","status":"publish","type":"product","link":"https:\/\/pracek.si\/racunalniskatrgovina\/izdelek\/lenovo-thinkpad-x230-w530-t430-t430s-3g-kartica-60y3297-wwan-mobile-broadband\/","title":{"rendered":"Lenovo Thinkpad X230 W530 T430 T430s 3G kartica 60Y3297 &#8211; WWAN Mobile Broadband"},"content":{"rendered":"<p>Izbolj\u0161ajte svojo povezljivost na poti z mobilno \u0161irokopasovno 3G kartico Lenovo Thinkpad X230 W530 T430 T430s WWAN 60Y3297. Ostanite povezani, kjer koli \u017ee ste, z zanesljivimi hitrostmi 3G, kot nala\u0161\u010d za profesionalce, ki med potovanjem potrebujejo nemoten dostop do interneta. Pove\u010dajte svojo produktivnost in ne zamudite ni\u010desar s to bistveno nadgradnjo za va\u0161o napravo.<\/p>\n","protected":false},"excerpt":{"rendered":"<p>Izbolj\u0161ajte svojo povezljivost na poti s kartico WWAN za mobilno \u0161irokopasovno povezavo 3G, zasnovano za prenosnike Lenovo Thinkpad X230, W530, T430 in T430s. Ostanite povezani kjer koli \u017ee ste z brezhibnim dostopom do omre\u017eja 3G, ki zagotavlja, da nikoli ne zamudite pomembne e-po\u0161te ali roka. Kartica 60Y3297 WWAN ponuja zanesljive in hitre internetne hitrosti, kot nala\u0161\u010d za profesionalce, ki potrebujejo stalen spletni dostop.<\/p>\n<p>Izkusite udobje neprekinjene internetne povezave med potovanjem ali delom na daljavo. Preprosto namestite kartico WWAN v svoj zdru\u017eljiv prenosnik Lenovo in u\u017eivajte v prednostih izbolj\u0161ane mobilnosti in produktivnosti. Ne glede na to, ali ste v kavarni, na letali\u0161\u010du ali na vlaku, ta kartica WWAN zagotavlja stabilno povezavo za vse va\u0161e potrebe po brskanju in komunikaciji. Ne dovolite, da vas motna povezava Wi-Fi upo\u010dasni \u2013 nadgradite na kartico WWAN Mobile Broadband 3G in ostanite povezani, kamor koli greste.<\/p>\n","protected":false},"featured_media":48488,"template":"","meta":[],"product_brand":[],"product_cat":[2062],"product_tag":[2061,1818],"class_list":{"0":"post-58675","1":"product","2":"type-product","3":"status-publish","4":"has-post-thumbnail","6":"product_cat-maticne-plosce-in-deli-plosc","7":"product_tag-lenovo","8":"product_tag-rezervni-deli","10":"first","11":"instock","12":"taxable","13":"shipping-taxable","14":"purchasable","15":"product-type-simple"},"_links":{"self":[{"href":"https:\/\/pracek.si\/racunalniskatrgovina\/wp-json\/wp\/v2\/product\/58675","targetHints":{"allow":["GET"]}}],"collection":[{"href":"https:\/\/pracek.si\/racunalniskatrgovina\/wp-json\/wp\/v2\/product"}],"about":[{"href":"https:\/\/pracek.si\/racunalniskatrgovina\/wp-json\/wp\/v2\/types\/product"}],"version-history":[{"count":0,"href":"https:\/\/pracek.si\/racunalniskatrgovina\/wp-json\/wp\/v2\/product\/58675\/revisions"}],"wp:featuredmedia":[{"embeddable":true,"href":"https:\/\/pracek.si\/racunalniskatrgovina\/wp-json\/wp\/v2\/media\/48488"}],"wp:attachment":[{"href":"https:\/\/pracek.si\/racunalniskatrgovina\/wp-json\/wp\/v2\/media?parent=58675"}],"wp:term":[{"taxonomy":"product_brand","embeddable":true,"href":"https:\/\/pracek.si\/racunalniskatrgovina\/wp-json\/wp\/v2\/product_brand?post=58675"},{"taxonomy":"product_cat","embeddable":true,"href":"https:\/\/pracek.si\/racunalniskatrgovina\/wp-json\/wp\/v2\/product_cat?post=58675"},{"taxonomy":"product_tag","embeddable":true,"href":"https:\/\/pracek.si\/racunalniskatrgovina\/wp-json\/wp\/v2\/product_tag?post=58675"}],"curies":[{"name":"wp","href":"https:\/\/api.w.org\/{rel}","templated":true}]}}