{"id":58682,"date":"2025-07-31T14:42:42","date_gmt":"2025-07-31T13:42:42","guid":{"rendered":"https:\/\/pracek.si\/racunalniskatrgovina\/?post_type=product&#038;p=58682"},"modified":"2026-02-04T08:49:10","modified_gmt":"2026-02-04T07:49:10","slug":"nadomestni-pomnilnik-ram-pokrov-vratca-z-vijakom-za-lenovo-thinkpad-x220-x220t-x220i-x220s-x230i","status":"publish","type":"product","link":"https:\/\/pracek.si\/racunalniskatrgovina\/izdelek\/nadomestni-pomnilnik-ram-pokrov-vratca-z-vijakom-za-lenovo-thinkpad-x220-x220t-x220i-x220s-x230i\/","title":{"rendered":"Nadomestni pomnilnik RAM pokrov vratca z vijakom za Lenovo Thinkpad X220 X220T X220i X220S X230i"},"content":{"rendered":"<p>Izbolj\u0161ajte zmogljivost va\u0161ega Lenovo Thinkpad X220\/X230 s temi vratci pokrova pomnilnika RAM. Ta pokrovna vrata so zasnovana za popolno prileganje in so opremljena z vijaki, s katerimi pritrdite RAM na svoje mesto. Poslovite se od ohlapnih pomnilni\u0161kih modulov in pozdravite brezhibno delovanje! Brez truda nadgradite svoj prenosnik s tem bistvenim dodatkom.<\/p>\n","protected":false},"excerpt":{"rendered":"<p>Nadgradite svoj Lenovo Thinkpad X220 ali X230i s tem visokokakovostnim kompletom vrat in vijakov pokrova pomnilnika RAM. Ta pokrivna vrata, izdelana posebej za te modele, zagotavljajo popolno prileganje in enostavno namestitev. Naj bo va\u0161 RAM varen in za\u0161\u010diten s temi vzdr\u017eljivimi pokrovnimi vratci, ki so opremljeni tudi s potrebnimi vijaki za dodatno udobje.<\/p>\n<p>Poslovite se od skrbi glede ohlapnih modulov RAM-a ali morebitne \u0161kode zaradi prahu in smeti. Vratca pokrova pomnilnika RAM zagotavljajo dodatno plast varnosti, kar vam zagotavlja brezskrbnost med uporabo va\u0161e naprave. Ne glede na to, ali ste tehnolo\u0161ki navdu\u0161enec, ki \u017eeli izbolj\u0161ati zmogljivost svojega prenosnika, ali profesionalec, ki potrebuje zanesljivo strojno opremo, je ta komplet vratc in vijakov pokrova obvezen dodatek za va\u0161 Lenovo Thinkpad.<\/p>\n<p>Vlagajte v dolgo \u017eivljenjsko dobo in u\u010dinkovitost svojega prenosnika tako, da \u0161e danes dodate ta pokrov pokrova pomnilnika RAM v svoj vozi\u010dek. Izkusite brezhibno namestitev, tesno prileganje in izbolj\u0161ano za\u0161\u010dito za module RAM. Samozavestno nadgradite in sprostite polni potencial va\u0161ega Lenovo Thinkpad X220 ali X230i.<\/p>\n","protected":false},"featured_media":48494,"template":"","meta":[],"product_brand":[],"product_cat":[2051],"product_tag":[2061,1818],"class_list":{"0":"post-58682","1":"product","2":"type-product","3":"status-publish","4":"has-post-thumbnail","6":"product_cat-ohisje-prenosnika","7":"product_tag-lenovo","8":"product_tag-rezervni-deli","10":"first","11":"instock","12":"taxable","13":"shipping-taxable","14":"purchasable","15":"product-type-simple"},"_links":{"self":[{"href":"https:\/\/pracek.si\/racunalniskatrgovina\/wp-json\/wp\/v2\/product\/58682","targetHints":{"allow":["GET"]}}],"collection":[{"href":"https:\/\/pracek.si\/racunalniskatrgovina\/wp-json\/wp\/v2\/product"}],"about":[{"href":"https:\/\/pracek.si\/racunalniskatrgovina\/wp-json\/wp\/v2\/types\/product"}],"version-history":[{"count":0,"href":"https:\/\/pracek.si\/racunalniskatrgovina\/wp-json\/wp\/v2\/product\/58682\/revisions"}],"wp:featuredmedia":[{"embeddable":true,"href":"https:\/\/pracek.si\/racunalniskatrgovina\/wp-json\/wp\/v2\/media\/48494"}],"wp:attachment":[{"href":"https:\/\/pracek.si\/racunalniskatrgovina\/wp-json\/wp\/v2\/media?parent=58682"}],"wp:term":[{"taxonomy":"product_brand","embeddable":true,"href":"https:\/\/pracek.si\/racunalniskatrgovina\/wp-json\/wp\/v2\/product_brand?post=58682"},{"taxonomy":"product_cat","embeddable":true,"href":"https:\/\/pracek.si\/racunalniskatrgovina\/wp-json\/wp\/v2\/product_cat?post=58682"},{"taxonomy":"product_tag","embeddable":true,"href":"https:\/\/pracek.si\/racunalniskatrgovina\/wp-json\/wp\/v2\/product_tag?post=58682"}],"curies":[{"name":"wp","href":"https:\/\/api.w.org\/{rel}","templated":true}]}}