{"id":58683,"date":"2025-07-31T14:42:43","date_gmt":"2025-07-31T13:42:43","guid":{"rendered":"https:\/\/pracek.si\/racunalniskatrgovina\/?post_type=product&#038;p=58683"},"modified":"2025-07-31T14:45:54","modified_gmt":"2025-07-31T13:45:54","slug":"fujitsu-lifebook-a531-ah512-ah531-zgornji-pokrov-lcd-pokrova-cp515924-01-zamenjava","status":"publish","type":"product","link":"https:\/\/pracek.si\/racunalniskatrgovina\/izdelek\/fujitsu-lifebook-a531-ah512-ah531-zgornji-pokrov-lcd-pokrova-cp515924-01-zamenjava\/","title":{"rendered":"Fujitsu Lifebook A531 AH512 AH531 zgornji pokrov LCD pokrova CP515924-01 zamenjava"},"content":{"rendered":"<p>Povzdignite svoj Fujitsu Lifebook A531 AH512 AH531 s tem pristnim pokrovom LCD z zgornjim pokrovom. S tem nadomestnim delom s \u0161tevilko dela CP515924-01 naj bo va\u0161 prenosnik videti eleganten in profesionalen. Nadgradite svojo napravo brez truda in ohranite njen prvotni \u010dar.<\/p>\n","protected":false},"excerpt":{"rendered":"<p>Nadgradite svoj Fujitsu Lifebook A531 AH512 AH531 s tem pristnim zgornjim pokrovom LCD Cover Back, \u0161tevilka dela CP515924-01. Ta prevleka, izdelana do popolnosti, zagotavlja brezhibno prileganje in enostavno namestitev. Poslovite se od prask, udrtin in drugih po\u0161kodb na pokrovu va\u0161ega prenosnika. Ta pokrov LCD z zgornjim pokrovom, izdelan iz visokokakovostnih materialov, zagotavlja vzdr\u017eljivost in dolgotrajno delovanje.<\/p>\n<p>Izbolj\u0161ajte celoten videz svojega prenosnika s tem elegantnim in elegantnim pokrovom za zgornji pokrov. S tem nadomestnim delom za\u0161\u010ditite svoj zaslon in dajte svoji napravi nov sve\u017e videz. Naj bo va\u0161 prenosnik videti popolnoma nov in profesionalen s tem pokrovom LCD z zgornjim pokrovom.<\/p>\n<p>Ne zadovoljite se s poceni imitacijami, ko gre za zamenjavo bistvenih delov va\u0161ega prenosnika. Za popolno prileganje in brezkompromisno kakovost zaupajte le pristnim delom Fujitsu. Investirajte v najbolj\u0161e za svojo napravo in u\u017eivajte v miru, saj veste, da uporabljate zanesljiv in pristen pokrov LCD z zgornjim pokrovom.<\/p>\n","protected":false},"featured_media":48497,"template":"","meta":[],"product_brand":[],"product_cat":[2051],"product_tag":[2063,1818],"class_list":{"0":"post-58683","1":"product","2":"type-product","3":"status-publish","4":"has-post-thumbnail","6":"product_cat-ohisje-prenosnika","7":"product_tag-fujitsu","8":"product_tag-rezervni-deli","10":"first","11":"instock","12":"taxable","13":"shipping-taxable","14":"purchasable","15":"product-type-simple"},"_links":{"self":[{"href":"https:\/\/pracek.si\/racunalniskatrgovina\/wp-json\/wp\/v2\/product\/58683","targetHints":{"allow":["GET"]}}],"collection":[{"href":"https:\/\/pracek.si\/racunalniskatrgovina\/wp-json\/wp\/v2\/product"}],"about":[{"href":"https:\/\/pracek.si\/racunalniskatrgovina\/wp-json\/wp\/v2\/types\/product"}],"version-history":[{"count":0,"href":"https:\/\/pracek.si\/racunalniskatrgovina\/wp-json\/wp\/v2\/product\/58683\/revisions"}],"wp:featuredmedia":[{"embeddable":true,"href":"https:\/\/pracek.si\/racunalniskatrgovina\/wp-json\/wp\/v2\/media\/48497"}],"wp:attachment":[{"href":"https:\/\/pracek.si\/racunalniskatrgovina\/wp-json\/wp\/v2\/media?parent=58683"}],"wp:term":[{"taxonomy":"product_brand","embeddable":true,"href":"https:\/\/pracek.si\/racunalniskatrgovina\/wp-json\/wp\/v2\/product_brand?post=58683"},{"taxonomy":"product_cat","embeddable":true,"href":"https:\/\/pracek.si\/racunalniskatrgovina\/wp-json\/wp\/v2\/product_cat?post=58683"},{"taxonomy":"product_tag","embeddable":true,"href":"https:\/\/pracek.si\/racunalniskatrgovina\/wp-json\/wp\/v2\/product_tag?post=58683"}],"curies":[{"name":"wp","href":"https:\/\/api.w.org\/{rel}","templated":true}]}}