{"id":58684,"date":"2025-07-31T14:42:43","date_gmt":"2025-07-31T13:42:43","guid":{"rendered":"https:\/\/pracek.si\/racunalniskatrgovina\/?post_type=product&#038;p=58684"},"modified":"2026-02-04T08:49:27","modified_gmt":"2026-02-04T07:49:27","slug":"fujitsu-lifebook-ah531-ah512-a531-del-vratne-plosce-osnovnega-pokrova-cp515947-01","status":"publish","type":"product","link":"https:\/\/pracek.si\/racunalniskatrgovina\/izdelek\/fujitsu-lifebook-ah531-ah512-a531-del-vratne-plosce-osnovnega-pokrova-cp515947-01\/","title":{"rendered":"Fujitsu LifeBook AH531 AH512 A531 del vratne plo\u0161\u010de osnovnega pokrova CP515947-01"},"content":{"rendered":"<p>Nadgradite svoj Fujitsu LifeBook AH531 AH512 A531 s to originalno plo\u0161\u010do vrat osnovnega pokrova. Ta plo\u0161\u010da s \u0161tevilko dela 3FFH5BDJT00 CP515947-01, izdelana z natan\u010dnostjo in zasnovana do popolnosti, zagotavlja brezhibno prileganje in dolgotrajno vzdr\u017eljivost. Izbolj\u0161ajte estetiko in funkcionalnost svojega prenosnika \u0161e danes!<\/p>\n","protected":false},"excerpt":{"rendered":"<p>Spremenite svoj Fujitsu LifeBook AH531 AH512 A531 v elegantno in elegantno zmogljivo napravo s to originalno plo\u0161\u010do vrat na osnovnem pokrovu. Ta nadomestni del 3FFH5BDJT00 CP515947-01, izdelan do popolnosti, je zasnovan tako, da se brezhibno prilega va\u0161emu prenosniku in zagotavlja brezhibno kon\u010dno obdelavo.<\/p>\n<p>Poslovite se od starih, dotrajanih plo\u0161\u010d in pozdravite osve\u017een videz, ki iz\u017eareva profesionalnost in prefinjenost. Ta vratna plo\u0161\u010da osnovnega pokrova, izdelana iz visokokakovostnih materialov, zagotavlja vzdr\u017eljivost in dolgo \u017eivljenjsko dobo ter vam daje zaupanje, da je va\u0161 prenosnik za\u0161\u010diten in varen.<\/p>\n<p>Nadgradite estetsko privla\u010dnost in funkcionalnost svojega prenosnika s to originalno plo\u0161\u010do vratnega pokrova osnovnega pokrova Fujitsu. Ne glede na to, ali ste profesionalec na poti ali tehni\u010dno podkovani posameznik, je ta nadomestni del obvezen za vsakogar, ki \u017eeli izbolj\u0161ati svojo napravo. Zagotovite si svojega \u0161e danes in ob\u010dutite razliko!<\/p>\n","protected":false},"featured_media":48506,"template":"","meta":[],"product_brand":[],"product_cat":[2051],"product_tag":[2063,1818],"class_list":{"0":"post-58684","1":"product","2":"type-product","3":"status-publish","4":"has-post-thumbnail","6":"product_cat-ohisje-prenosnika","7":"product_tag-fujitsu","8":"product_tag-rezervni-deli","10":"first","11":"instock","12":"taxable","13":"shipping-taxable","14":"purchasable","15":"product-type-simple"},"_links":{"self":[{"href":"https:\/\/pracek.si\/racunalniskatrgovina\/wp-json\/wp\/v2\/product\/58684","targetHints":{"allow":["GET"]}}],"collection":[{"href":"https:\/\/pracek.si\/racunalniskatrgovina\/wp-json\/wp\/v2\/product"}],"about":[{"href":"https:\/\/pracek.si\/racunalniskatrgovina\/wp-json\/wp\/v2\/types\/product"}],"version-history":[{"count":0,"href":"https:\/\/pracek.si\/racunalniskatrgovina\/wp-json\/wp\/v2\/product\/58684\/revisions"}],"wp:featuredmedia":[{"embeddable":true,"href":"https:\/\/pracek.si\/racunalniskatrgovina\/wp-json\/wp\/v2\/media\/48506"}],"wp:attachment":[{"href":"https:\/\/pracek.si\/racunalniskatrgovina\/wp-json\/wp\/v2\/media?parent=58684"}],"wp:term":[{"taxonomy":"product_brand","embeddable":true,"href":"https:\/\/pracek.si\/racunalniskatrgovina\/wp-json\/wp\/v2\/product_brand?post=58684"},{"taxonomy":"product_cat","embeddable":true,"href":"https:\/\/pracek.si\/racunalniskatrgovina\/wp-json\/wp\/v2\/product_cat?post=58684"},{"taxonomy":"product_tag","embeddable":true,"href":"https:\/\/pracek.si\/racunalniskatrgovina\/wp-json\/wp\/v2\/product_tag?post=58684"}],"curies":[{"name":"wp","href":"https:\/\/api.w.org\/{rel}","templated":true}]}}