{"id":58685,"date":"2025-07-31T14:42:43","date_gmt":"2025-07-31T13:42:43","guid":{"rendered":"https:\/\/pracek.si\/racunalniskatrgovina\/?post_type=product&#038;p=58685"},"modified":"2025-07-31T14:46:03","modified_gmt":"2025-07-31T13:46:03","slug":"osnovna-plosca-fujitsu-lifebook-ah531-cp515978-01-da0fh5mb6f0","status":"publish","type":"product","link":"https:\/\/pracek.si\/racunalniskatrgovina\/izdelek\/osnovna-plosca-fujitsu-lifebook-ah531-cp515978-01-da0fh5mb6f0\/","title":{"rendered":"Osnovna plo\u0161\u010da Fujitsu Lifebook AH531 CP515978-01 DA0FH5MB6F0"},"content":{"rendered":"<p>Sprostite polni potencial va\u0161ega Fujitsu Lifebook AH531 s to visokokakovostno zamenjavo mati\u010dne plo\u0161\u010de. Ta mati\u010dna plo\u0161\u010da CP515978-01 (\u0161tevilka dela: 31FH5MB0050 DA0FH5MB6F0 REV:F), izdelana do popolnosti, zagotavlja brezhibno delovanje in zanesljivost. Brez truda nadgradite svoj prenosni ra\u010dunalnik in se v trenutku vrnite k nemotenemu delovanju.<\/p>\n","protected":false},"excerpt":{"rendered":"<p>Sprostite polni potencial va\u0161ega Fujitsu Lifebook AH531 z vrhunsko zamenjavo mati\u010dne plo\u0161\u010de, CP515978-01 31FH5MB0050 DA0FH5MB6F0 REV:F. Ta mati\u010dna plo\u0161\u010da, zasnovana do popolnosti, zagotavlja brezhibno delovanje in izbolj\u0161ano funkcionalnost va\u0161e naprave. Natan\u010dno zasnovan zagotavlja optimalno zdru\u017eljivost in zanesljivost ter vam omogo\u010da brez te\u017eav ve\u010dopravilnost.<\/p>\n<p>Nadgradite svojo ra\u010dunalni\u0161ko izku\u0161njo s to visokokakovostno mati\u010dno plo\u0161\u010do, ki obljublja nemoteno delovanje in ve\u010djo hitrost obdelave. Poslovite se od zaostankov in zru\u0161itev sistema, ko se poglobite v neprekinjeno produktivnost in poglobljeno zabavo. Ne glede na to, ali ste profesionalec, ki se ukvarja s te\u017ekimi nalogami, ali navdu\u0161enec nad igrami, ki i\u0161\u010de vrhunsko grafiko, je ta mati\u010dna plo\u0161\u010da va\u0161 najbolj\u0161i spremljevalec.<\/p>\n<p>Vlagajte v prihodnost va\u0161e naprave z osnovno plo\u0161\u010do Fujitsu Lifebook AH531, ki spreminja igro v svetu tehnologije. Dvignite svojo uporabni\u0161ko izku\u0161njo na nove vi\u0161ine in u\u017eivajte v brezhibnem delovanju, ki si ga resni\u010dno zaslu\u017eite. Nadgradite zdaj in opazujte znatno pove\u010danje splo\u0161ne u\u010dinkovitosti in hitrosti va\u0161e naprave.<\/p>\n","protected":false},"featured_media":48509,"template":"","meta":[],"product_brand":[],"product_cat":[2062],"product_tag":[2063,1818],"class_list":{"0":"post-58685","1":"product","2":"type-product","3":"status-publish","4":"has-post-thumbnail","6":"product_cat-maticne-plosce-in-deli-plosc","7":"product_tag-fujitsu","8":"product_tag-rezervni-deli","10":"first","11":"instock","12":"taxable","13":"shipping-taxable","14":"purchasable","15":"product-type-simple"},"_links":{"self":[{"href":"https:\/\/pracek.si\/racunalniskatrgovina\/wp-json\/wp\/v2\/product\/58685","targetHints":{"allow":["GET"]}}],"collection":[{"href":"https:\/\/pracek.si\/racunalniskatrgovina\/wp-json\/wp\/v2\/product"}],"about":[{"href":"https:\/\/pracek.si\/racunalniskatrgovina\/wp-json\/wp\/v2\/types\/product"}],"version-history":[{"count":0,"href":"https:\/\/pracek.si\/racunalniskatrgovina\/wp-json\/wp\/v2\/product\/58685\/revisions"}],"wp:featuredmedia":[{"embeddable":true,"href":"https:\/\/pracek.si\/racunalniskatrgovina\/wp-json\/wp\/v2\/media\/48509"}],"wp:attachment":[{"href":"https:\/\/pracek.si\/racunalniskatrgovina\/wp-json\/wp\/v2\/media?parent=58685"}],"wp:term":[{"taxonomy":"product_brand","embeddable":true,"href":"https:\/\/pracek.si\/racunalniskatrgovina\/wp-json\/wp\/v2\/product_brand?post=58685"},{"taxonomy":"product_cat","embeddable":true,"href":"https:\/\/pracek.si\/racunalniskatrgovina\/wp-json\/wp\/v2\/product_cat?post=58685"},{"taxonomy":"product_tag","embeddable":true,"href":"https:\/\/pracek.si\/racunalniskatrgovina\/wp-json\/wp\/v2\/product_tag?post=58685"}],"curies":[{"name":"wp","href":"https:\/\/api.w.org\/{rel}","templated":true}]}}