{"id":58694,"date":"2025-07-31T14:43:41","date_gmt":"2025-07-31T13:43:41","guid":{"rendered":"https:\/\/pracek.si\/racunalniskatrgovina\/?post_type=product&#038;p=58694"},"modified":"2026-02-04T08:50:26","modified_gmt":"2026-02-04T07:50:26","slug":"pokrov-za-trdi-disk-fujitsu-lifebook-ah531-cp515946-01-originalen-del-za-prenosnik","status":"publish","type":"product","link":"https:\/\/pracek.si\/racunalniskatrgovina\/izdelek\/pokrov-za-trdi-disk-fujitsu-lifebook-ah531-cp515946-01-originalen-del-za-prenosnik\/","title":{"rendered":"Pokrov za trdi disk Fujitsu LifeBook AH531 CP515946-01 &#8211; originalen del za prenosnik"},"content":{"rendered":"<p>Izbolj\u0161ajte svoj Fujitsu LifeBook AH531 s tem pristnim ovitkom za trdi disk. Zagotovite popolno zdru\u017eljivost s \u0161tevilko dela CP515946-01. Za\u0161\u010ditite trdi disk va\u0161ega prenosnika in mu dodajte pridih stila. Nadgradite svojo napravo brez truda!<\/p>\n","protected":false},"excerpt":{"rendered":"<p>Preoblikujte in nadgradite svoj Fujitsu LifeBook AH531 s tem pristnim pokrovom trdega diska. Ta del CP515946-01, izdelan do popolnosti, je zasnovan tako, da se brezhibno prilega ter zagotavlja optimalno delovanje in dolgo \u017eivljenjsko dobo va\u0161ega prenosnika. Za\u0161\u010ditite svoj trdi disk v stilu in ga za\u0161\u010ditite pred prahom, umazanijo in naklju\u010dnimi po\u0161kodbami.<\/p>\n<p>Ta pokrov za trdi disk, izdelan iz visokokakovostnih materialov, zagotavlja popolno prileganje in enostavno namestitev. Izbolj\u0161ajte celoten videz va\u0161ega prenosnika, hkrati pa ohranite njegovo vzdr\u017eljivost in funkcionalnost. Poslovite se od skrbi glede morebitne po\u0161kodbe trdega diska in poskrbite za brezskrbnost s tem bistvenim dodatkom za prenosni ra\u010dunalnik.<\/p>\n<p>Vlagajte v najbolj\u0161e za va\u0161 Fujitsu LifeBook AH531 s tem pristnim pokrovom trdega diska. Nadgradite z zaupanjem, saj veste, da dobite zanesljiv in pristen del, ki bo izbolj\u0161al izku\u0161njo va\u0161ega prenosnika. Ne zadovoljite se z ni\u010d manj, ko gre za za\u0161\u010dito va\u0161ih dragocenih podatkov in zagotavljanje nemotenega delovanja va\u0161e naprave.<\/p>\n","protected":false},"featured_media":48520,"template":"","meta":[],"product_brand":[],"product_cat":[2051],"product_tag":[2063,1818],"class_list":{"0":"post-58694","1":"product","2":"type-product","3":"status-publish","4":"has-post-thumbnail","6":"product_cat-ohisje-prenosnika","7":"product_tag-fujitsu","8":"product_tag-rezervni-deli","10":"first","11":"instock","12":"taxable","13":"shipping-taxable","14":"purchasable","15":"product-type-simple"},"_links":{"self":[{"href":"https:\/\/pracek.si\/racunalniskatrgovina\/wp-json\/wp\/v2\/product\/58694","targetHints":{"allow":["GET"]}}],"collection":[{"href":"https:\/\/pracek.si\/racunalniskatrgovina\/wp-json\/wp\/v2\/product"}],"about":[{"href":"https:\/\/pracek.si\/racunalniskatrgovina\/wp-json\/wp\/v2\/types\/product"}],"version-history":[{"count":0,"href":"https:\/\/pracek.si\/racunalniskatrgovina\/wp-json\/wp\/v2\/product\/58694\/revisions"}],"wp:featuredmedia":[{"embeddable":true,"href":"https:\/\/pracek.si\/racunalniskatrgovina\/wp-json\/wp\/v2\/media\/48520"}],"wp:attachment":[{"href":"https:\/\/pracek.si\/racunalniskatrgovina\/wp-json\/wp\/v2\/media?parent=58694"}],"wp:term":[{"taxonomy":"product_brand","embeddable":true,"href":"https:\/\/pracek.si\/racunalniskatrgovina\/wp-json\/wp\/v2\/product_brand?post=58694"},{"taxonomy":"product_cat","embeddable":true,"href":"https:\/\/pracek.si\/racunalniskatrgovina\/wp-json\/wp\/v2\/product_cat?post=58694"},{"taxonomy":"product_tag","embeddable":true,"href":"https:\/\/pracek.si\/racunalniskatrgovina\/wp-json\/wp\/v2\/product_tag?post=58694"}],"curies":[{"name":"wp","href":"https:\/\/api.w.org\/{rel}","templated":true}]}}