{"id":58707,"date":"2025-07-31T14:44:45","date_gmt":"2025-07-31T13:44:45","guid":{"rendered":"https:\/\/pracek.si\/racunalniskatrgovina\/?post_type=product&#038;p=58707"},"modified":"2026-02-04T08:51:49","modified_gmt":"2026-02-04T07:51:49","slug":"intel-centrino-wireless-n-1030-11230bnhmw-wifi-kartica-za-fujitsu-lifebook-ah531","status":"publish","type":"product","link":"https:\/\/pracek.si\/racunalniskatrgovina\/izdelek\/intel-centrino-wireless-n-1030-11230bnhmw-wifi-kartica-za-fujitsu-lifebook-ah531\/","title":{"rendered":"Intel Centrino Wireless-N 1030 11230BNHMW WiFi kartica za Fujitsu Lifebook AH531"},"content":{"rendered":"<p>Izbolj\u0161ajte svojo povezljivost z WiFi kartico Intel Centrino Wireless-N 1030 11230BNHMW. Ta kartica 802.11n, zasnovana za Fujitsu Lifebook AH531, zagotavlja brezhibno in hitro brez\u017ei\u010dno delovanje. S to zanesljivo in visokokakovostno nadgradnjo WiFi ostanite povezani, kamorkoli greste.<\/p>\n","protected":false},"excerpt":{"rendered":"<p>Nadgradite svoj Fujitsu Lifebook AH531 z Intel Centrino Wireless-N 1030 11230BNHMW WiFi kartico za bliskovito hitro povezljivost. Izkusite brezhibno brskanje, pretakanje in nalaganje z mo\u010djo tehnologije 802.11n na dosegu roke. Poslovite se od zaostalih internetnih hitrosti in u\u017eivajte v bolj teko\u010di spletni izku\u0161nji s to visoko zmogljivo kartico WiFi.<\/p>\n<p>Z enostavno namestitvijo in zdru\u017eljivostjo z va\u0161im Fujitsu Lifebook AH531 je ta kartica WiFi obvezna oprema za vsakogar, ki \u017eeli pove\u010dati povezljivost svoje naprave. Pretakajte svoje najljub\u0161e filme v visoki lo\u010dljivosti, videoklepetajte s prijatelji in dru\u017eino brez prekinitev in u\u017eivajte v spletnih igrah z minimalno zakasnitvijo. Ostanite povezani na poti in nikoli ne zamudite nobenega utripa s kartico Intel Centrino Wireless-N 1030 11230BNHMW WiFi.<\/p>\n<p>Ne dovolite, da vas nizke internetne hitrosti zadr\u017eijo \u2014 nadgradite na Intel Centrino Wireless-N 1030 11230BNHMW WiFi kartico \u0161e danes in dvignite svojo spletno izku\u0161njo na nove vi\u0161ine.<\/p>\n","protected":false},"featured_media":48531,"template":"","meta":[],"product_brand":[],"product_cat":[2062],"product_tag":[2098,1818],"class_list":{"0":"post-58707","1":"product","2":"type-product","3":"status-publish","4":"has-post-thumbnail","6":"product_cat-maticne-plosce-in-deli-plosc","7":"product_tag-intel","8":"product_tag-rezervni-deli","10":"first","11":"instock","12":"taxable","13":"shipping-taxable","14":"purchasable","15":"product-type-simple"},"_links":{"self":[{"href":"https:\/\/pracek.si\/racunalniskatrgovina\/wp-json\/wp\/v2\/product\/58707","targetHints":{"allow":["GET"]}}],"collection":[{"href":"https:\/\/pracek.si\/racunalniskatrgovina\/wp-json\/wp\/v2\/product"}],"about":[{"href":"https:\/\/pracek.si\/racunalniskatrgovina\/wp-json\/wp\/v2\/types\/product"}],"version-history":[{"count":0,"href":"https:\/\/pracek.si\/racunalniskatrgovina\/wp-json\/wp\/v2\/product\/58707\/revisions"}],"wp:featuredmedia":[{"embeddable":true,"href":"https:\/\/pracek.si\/racunalniskatrgovina\/wp-json\/wp\/v2\/media\/48531"}],"wp:attachment":[{"href":"https:\/\/pracek.si\/racunalniskatrgovina\/wp-json\/wp\/v2\/media?parent=58707"}],"wp:term":[{"taxonomy":"product_brand","embeddable":true,"href":"https:\/\/pracek.si\/racunalniskatrgovina\/wp-json\/wp\/v2\/product_brand?post=58707"},{"taxonomy":"product_cat","embeddable":true,"href":"https:\/\/pracek.si\/racunalniskatrgovina\/wp-json\/wp\/v2\/product_cat?post=58707"},{"taxonomy":"product_tag","embeddable":true,"href":"https:\/\/pracek.si\/racunalniskatrgovina\/wp-json\/wp\/v2\/product_tag?post=58707"}],"curies":[{"name":"wp","href":"https:\/\/api.w.org\/{rel}","templated":true}]}}