{"id":58708,"date":"2025-07-31T14:44:46","date_gmt":"2025-07-31T13:44:46","guid":{"rendered":"https:\/\/pracek.si\/racunalniskatrgovina\/?post_type=product&#038;p=58708"},"modified":"2026-02-04T08:55:06","modified_gmt":"2026-02-04T07:55:06","slug":"fujitsu-lifebook-a512-ah512-a531-ah531-plosca-gumba-za-vklop-da0fh5pi6e0-s-kablom","status":"publish","type":"product","link":"https:\/\/pracek.si\/racunalniskatrgovina\/izdelek\/fujitsu-lifebook-a512-ah512-a531-ah531-plosca-gumba-za-vklop-da0fh5pi6e0-s-kablom\/","title":{"rendered":"Fujitsu LifeBook A512 AH512 A531 AH531 plo\u0161\u010da gumba za vklop DA0FH5PI6E0 s kablom"},"content":{"rendered":"<p>O\u017eivite svoj Fujitsu LifeBook A512 AH512 A531 AH531 s to plo\u0161\u010do gumba za vklop. Natan\u010dno zasnovana in opremljena s kablom, ta plo\u0161\u010da (\u0161tevilka dela: DA0FH5PI6E0) zagotavlja brezhibno delovanje gumba za vklop va\u0161e naprave. Poslovite se od te\u017eav z napajanjem in pozdravite neprekinjeno delovanje.<\/p>\n","protected":false},"excerpt":{"rendered":"<p>O\u017eivite svoj Fujitsu LifeBook A512 AH512 A531 AH531 s to vrhunsko plo\u0161\u010do gumba za vklop. Ta plo\u0161\u010da je zasnovana do popolnosti in je opremljena s kablom za enostavno namestitev, ki zagotavlja brezhibno delovanje. Zamenjajte svojo staro ali okvarjeno plo\u0161\u010do s \u0161tevilko dela DA0FH5PI6E0 in izkusite gladko delovanje gumba za vklop kot \u0161e nikoli doslej. Ta plo\u0161\u010da, izdelana iz visokokakovostnih materialov, zagotavlja vzdr\u017eljivost in dolgotrajno delovanje. Poslovite se od te\u017eav z gumbom za vklop in pozdravite uporabnost brez te\u017eav s to vrhunsko nadomestno plo\u0161\u010do. Brez truda nadgradite svoj prenosni ra\u010dunalnik in u\u017eivajte v priro\u010dnosti popolnoma delujo\u010dega gumba za vklop. Zaupajte tej plo\u0161\u010di gumba za vklop, da vam povrne nadzor nad napajanjem, ki ga potrebujete za izbolj\u0161anje va\u0161e ra\u010dunalni\u0161ke izku\u0161nje.<\/p>\n","protected":false},"featured_media":48540,"template":"","meta":[],"product_brand":[],"product_cat":[2062],"product_tag":[2063,1818],"class_list":{"0":"post-58708","1":"product","2":"type-product","3":"status-publish","4":"has-post-thumbnail","6":"product_cat-maticne-plosce-in-deli-plosc","7":"product_tag-fujitsu","8":"product_tag-rezervni-deli","10":"first","11":"instock","12":"taxable","13":"shipping-taxable","14":"purchasable","15":"product-type-simple"},"_links":{"self":[{"href":"https:\/\/pracek.si\/racunalniskatrgovina\/wp-json\/wp\/v2\/product\/58708","targetHints":{"allow":["GET"]}}],"collection":[{"href":"https:\/\/pracek.si\/racunalniskatrgovina\/wp-json\/wp\/v2\/product"}],"about":[{"href":"https:\/\/pracek.si\/racunalniskatrgovina\/wp-json\/wp\/v2\/types\/product"}],"version-history":[{"count":0,"href":"https:\/\/pracek.si\/racunalniskatrgovina\/wp-json\/wp\/v2\/product\/58708\/revisions"}],"wp:featuredmedia":[{"embeddable":true,"href":"https:\/\/pracek.si\/racunalniskatrgovina\/wp-json\/wp\/v2\/media\/48540"}],"wp:attachment":[{"href":"https:\/\/pracek.si\/racunalniskatrgovina\/wp-json\/wp\/v2\/media?parent=58708"}],"wp:term":[{"taxonomy":"product_brand","embeddable":true,"href":"https:\/\/pracek.si\/racunalniskatrgovina\/wp-json\/wp\/v2\/product_brand?post=58708"},{"taxonomy":"product_cat","embeddable":true,"href":"https:\/\/pracek.si\/racunalniskatrgovina\/wp-json\/wp\/v2\/product_cat?post=58708"},{"taxonomy":"product_tag","embeddable":true,"href":"https:\/\/pracek.si\/racunalniskatrgovina\/wp-json\/wp\/v2\/product_tag?post=58708"}],"curies":[{"name":"wp","href":"https:\/\/api.w.org\/{rel}","templated":true}]}}