{"id":58713,"date":"2025-07-31T14:44:46","date_gmt":"2025-07-31T13:44:46","guid":{"rendered":"https:\/\/pracek.si\/racunalniskatrgovina\/?post_type=product&#038;p=58713"},"modified":"2026-02-04T08:56:46","modified_gmt":"2026-02-04T07:56:46","slug":"fujitsu-lifebook-ah531-dvd-burner-drive-blu-ray-rom-cp557635-01","status":"publish","type":"product","link":"https:\/\/pracek.si\/racunalniskatrgovina\/izdelek\/fujitsu-lifebook-ah531-dvd-burner-drive-blu-ray-rom-cp557635-01\/","title":{"rendered":"Fujitsu Lifebook AH531 DVD Burner Drive BLU-RAY ROM &#8211; CP557635-01"},"content":{"rendered":"<p>Nadgradite svoj Fujitsu Lifebook AH531 s tem visoko zmogljivim DVD zapisovalnikom BLU-RAY ROM (\u0161t. dela: CP557635-01). Oglejte si prave fotografije za podrobnosti. Ste pripravljeni svoj prenosni ra\u010dunalnik popeljati na naslednjo raven? Za kakr\u0161no koli pomo\u010d mi po\u0161ljite sporo\u010dilo.<\/p>\n","protected":false},"excerpt":{"rendered":"<p>Nadgradite svoj Fujitsu Lifebook AH531 z visokokakovostnim DVD zapisovalnikom BLU-RAY ROM, \u0161tevilka dela: CP557635-01. Ta pristen izdelek zagotavlja optimalno delovanje in zdru\u017eljivost z va\u0161o napravo. Elegantna zasnova se brezhibno zlije z va\u0161im prenosnikom ter izbolj\u0161a tako funkcionalnost kot estetiko.<\/p>\n<p>Natan\u010dno izdelan pogon DVD zapisovalnika zagotavlja brezhibno izku\u0161njo za vse va\u0161e potrebe po zapisovanju in branju. Od gledanja va\u0161ih najljub\u0161ih filmov do shranjevanja pomembnih podatkov, ta pogon ponuja zanesljivost in u\u010dinkovitost. Poslovite se od po\u010dasnih hitrosti branja\/pisanja in pozdravite gladko in neprekinjeno uporabo.<\/p>\n<p>Z resni\u010dnimi fotografijami, ki prikazujejo izdelek, lahko verjamete, da boste dobili, kar vidite. Namestitev je preprosta za tiste, ki poznajo komponente prenosnika. \u010ceprav ni na voljo nobenih navodil, bodite prepri\u010dani, da je pomo\u010d oddaljena le eno sporo\u010dilo. Va\u0161e zadovoljstvo je na\u0161a glavna prednostna naloga in zavezani smo k temu, da vam zagotovimo pozitivno izku\u0161njo z na\u0161imi izdelki. Nadgradite svoj prenosni ra\u010dunalnik \u0161e danes s pogonom za zapisovanje DVD-jev BLU-RAY ROM za Fujitsu Lifebook AH531.<\/p>\n","protected":false},"featured_media":48551,"template":"","meta":[],"product_brand":[],"product_cat":[2062],"product_tag":[2063,1818],"class_list":{"0":"post-58713","1":"product","2":"type-product","3":"status-publish","4":"has-post-thumbnail","6":"product_cat-maticne-plosce-in-deli-plosc","7":"product_tag-fujitsu","8":"product_tag-rezervni-deli","10":"first","11":"instock","12":"taxable","13":"shipping-taxable","14":"purchasable","15":"product-type-simple"},"_links":{"self":[{"href":"https:\/\/pracek.si\/racunalniskatrgovina\/wp-json\/wp\/v2\/product\/58713","targetHints":{"allow":["GET"]}}],"collection":[{"href":"https:\/\/pracek.si\/racunalniskatrgovina\/wp-json\/wp\/v2\/product"}],"about":[{"href":"https:\/\/pracek.si\/racunalniskatrgovina\/wp-json\/wp\/v2\/types\/product"}],"version-history":[{"count":0,"href":"https:\/\/pracek.si\/racunalniskatrgovina\/wp-json\/wp\/v2\/product\/58713\/revisions"}],"wp:featuredmedia":[{"embeddable":true,"href":"https:\/\/pracek.si\/racunalniskatrgovina\/wp-json\/wp\/v2\/media\/48551"}],"wp:attachment":[{"href":"https:\/\/pracek.si\/racunalniskatrgovina\/wp-json\/wp\/v2\/media?parent=58713"}],"wp:term":[{"taxonomy":"product_brand","embeddable":true,"href":"https:\/\/pracek.si\/racunalniskatrgovina\/wp-json\/wp\/v2\/product_brand?post=58713"},{"taxonomy":"product_cat","embeddable":true,"href":"https:\/\/pracek.si\/racunalniskatrgovina\/wp-json\/wp\/v2\/product_cat?post=58713"},{"taxonomy":"product_tag","embeddable":true,"href":"https:\/\/pracek.si\/racunalniskatrgovina\/wp-json\/wp\/v2\/product_tag?post=58713"}],"curies":[{"name":"wp","href":"https:\/\/api.w.org\/{rel}","templated":true}]}}