{"id":58719,"date":"2025-07-31T14:45:40","date_gmt":"2025-07-31T13:45:40","guid":{"rendered":"https:\/\/pracek.si\/racunalniskatrgovina\/?post_type=product&#038;p=58719"},"modified":"2025-07-31T14:48:52","modified_gmt":"2025-07-31T13:48:52","slug":"original-fujitsu-lifebook-ah531-spodnje-ohisje-glavne-plosce-cp518109-01","status":"publish","type":"product","link":"https:\/\/pracek.si\/racunalniskatrgovina\/izdelek\/original-fujitsu-lifebook-ah531-spodnje-ohisje-glavne-plosce-cp518109-01\/","title":{"rendered":"Original Fujitsu LifeBook AH531 Spodnje ohi\u0161je glavne plo\u0161\u010de CP518109-01"},"content":{"rendered":"<p>Izbolj\u0161ajte vzdr\u017eljivost in estetiko va\u0161ega Fujitsu LifeBook AH531 s tem pristnim spodnjim ohi\u0161jem glavne plo\u0161\u010de. To ohi\u0161je, izdelano do popolnosti s \u0161tevilko dela CP518109-01, zagotavlja brezhibno prileganje in dolgotrajno delovanje. Oglejte si resni\u010dne fotografije za podrobnej\u0161i pogled. Potrebujete pomo\u010d? Za vsa vpra\u0161anja ali podporo mi po\u0161ljite sporo\u010dilo. Nadgradite svoj prenosnik brez truda!<\/p>\n","protected":false},"excerpt":{"rendered":"<p>Preoblikujte svojo glavno plo\u0161\u010do Fujitsu LifeBook AH531 s tem pristnim nadomestnim delom za spodnje ohi\u0161je. To spodnje ohi\u0161je (\u0161tevilka dela: CP518109-01), zasnovano posebej za va\u0161 prenosnik, zagotavlja brezhibno prileganje in vrhunsko delovanje. To ohi\u0161je, izdelano iz natan\u010dnih in kakovostnih materialov, zagotavlja vzdr\u017eljivost in dolgo \u017eivljenjsko dobo va\u0161e naprave.<\/p>\n<p>S pravimi fotografijami za pristnost lahko verjamete, da dobite to\u010dno to, kar vidite. Nadgradite svoj prenosni ra\u010dunalnik z lahkoto in samozavestjo, saj veste, da bo ta originalni del ohranil celovitost va\u0161e glavne plo\u0161\u010de Fujitsu LifeBook AH531.<\/p>\n<p>Upo\u0161tevajte, da ne nudim navodil za zamenjavo delov. \u010ce pa potrebujete dodatno pomo\u010d ali imate kakr\u0161na koli vpra\u0161anja o izdelku, se obrnite name. Dajte svojemu prenosnemu ra\u010dunalniku novo \u017eivljenje s tem pristnim nadomestkom spodnjega ohi\u0161ja \u2013 popolna re\u0161itev za povrnitev nekdanjega sijaja va\u0161i napravi.<\/p>\n","protected":false},"featured_media":48555,"template":"","meta":[],"product_brand":[],"product_cat":[2051],"product_tag":[2063,1818],"class_list":{"0":"post-58719","1":"product","2":"type-product","3":"status-publish","4":"has-post-thumbnail","6":"product_cat-ohisje-prenosnika","7":"product_tag-fujitsu","8":"product_tag-rezervni-deli","10":"first","11":"instock","12":"taxable","13":"shipping-taxable","14":"purchasable","15":"product-type-simple"},"_links":{"self":[{"href":"https:\/\/pracek.si\/racunalniskatrgovina\/wp-json\/wp\/v2\/product\/58719","targetHints":{"allow":["GET"]}}],"collection":[{"href":"https:\/\/pracek.si\/racunalniskatrgovina\/wp-json\/wp\/v2\/product"}],"about":[{"href":"https:\/\/pracek.si\/racunalniskatrgovina\/wp-json\/wp\/v2\/types\/product"}],"version-history":[{"count":0,"href":"https:\/\/pracek.si\/racunalniskatrgovina\/wp-json\/wp\/v2\/product\/58719\/revisions"}],"wp:featuredmedia":[{"embeddable":true,"href":"https:\/\/pracek.si\/racunalniskatrgovina\/wp-json\/wp\/v2\/media\/48555"}],"wp:attachment":[{"href":"https:\/\/pracek.si\/racunalniskatrgovina\/wp-json\/wp\/v2\/media?parent=58719"}],"wp:term":[{"taxonomy":"product_brand","embeddable":true,"href":"https:\/\/pracek.si\/racunalniskatrgovina\/wp-json\/wp\/v2\/product_brand?post=58719"},{"taxonomy":"product_cat","embeddable":true,"href":"https:\/\/pracek.si\/racunalniskatrgovina\/wp-json\/wp\/v2\/product_cat?post=58719"},{"taxonomy":"product_tag","embeddable":true,"href":"https:\/\/pracek.si\/racunalniskatrgovina\/wp-json\/wp\/v2\/product_tag?post=58719"}],"curies":[{"name":"wp","href":"https:\/\/api.w.org\/{rel}","templated":true}]}}