{"id":58721,"date":"2025-07-31T14:45:40","date_gmt":"2025-07-31T13:45:40","guid":{"rendered":"https:\/\/pracek.si\/racunalniskatrgovina\/?post_type=product&#038;p=58721"},"modified":"2026-02-04T08:57:16","modified_gmt":"2026-02-04T07:57:16","slug":"fujitsu-lifebook-ah531-ah512-a531-plosca-vrat-osnovnega-pokrova-cp515947-01","status":"publish","type":"product","link":"https:\/\/pracek.si\/racunalniskatrgovina\/izdelek\/fujitsu-lifebook-ah531-ah512-a531-plosca-vrat-osnovnega-pokrova-cp515947-01\/","title":{"rendered":"Fujitsu LifeBook AH531 AH512 A531 plo\u0161\u010da vrat osnovnega pokrova &#8211; CP515947-01"},"content":{"rendered":"<p>Izbolj\u0161ajte svoj Fujitsu LifeBook AH531 AH512 A531 s tem vrhunskim nadomestnim delom za plo\u0161\u010do vrat osnovnega pokrova (\u0161tevilka dela: CP515947-01). Pristne fotografije za brezhibno prileganje. Obrnite se na osebno pomo\u010d. Nadgradi zdaj!<\/p>\n","protected":false},"excerpt":{"rendered":"<p>Preoblikujte svoj Fujitsu LifeBook AH531 AH512 A531 s tem vrhunskim nadomestnim delom za plo\u0161\u010do vrat osnovnega pokrova (\u0161tevilka dela: CP515947-01). Ta plo\u0161\u010da, izdelana po natan\u010dnih specifikacijah, zagotavlja brezhibno prileganje in povrne va\u0161emu prenosniku prvotni sijaj. Resni\u010dne fotografije prikazujejo kakovost izdelka in zagotavljajo, da to, kar vidite, dobite.<\/p>\n<p>Upo\u0161tevajte, da izdelku niso prilo\u017eena navodila za namestitev. \u010ce pa potrebujete navodila ali imate kakr\u0161na koli vpra\u0161anja v zvezi z vratno plo\u0161\u010do osnovnega pokrova, nam po\u0161ljite sporo\u010dilo. Zavezani smo k temu, da vam bomo na kakr\u0161en koli na\u010din pomagali izbolj\u0161ati va\u0161o nakupovalno izku\u0161njo.<\/p>\n<p>Nadgradite svoj prenosni ra\u010dunalnik brez truda in mu dajte novo \u017eivljenje s tem visokokakovostnim nadomestkom za plo\u0161\u010do vrat osnovnega pokrova. Poslovite se od dotrajanih delov in pozdravite osve\u017eeno in elegantno napravo. Ne zamudite te prilo\u017enosti, da enostavno in natan\u010dno prenovite svoj Fujitsu LifeBook AH531 AH512 A531.<\/p>\n","protected":false},"featured_media":48570,"template":"","meta":[],"product_brand":[],"product_cat":[2051],"product_tag":[2063,1818],"class_list":{"0":"post-58721","1":"product","2":"type-product","3":"status-publish","4":"has-post-thumbnail","6":"product_cat-ohisje-prenosnika","7":"product_tag-fujitsu","8":"product_tag-rezervni-deli","10":"first","11":"instock","12":"taxable","13":"shipping-taxable","14":"purchasable","15":"product-type-simple"},"_links":{"self":[{"href":"https:\/\/pracek.si\/racunalniskatrgovina\/wp-json\/wp\/v2\/product\/58721","targetHints":{"allow":["GET"]}}],"collection":[{"href":"https:\/\/pracek.si\/racunalniskatrgovina\/wp-json\/wp\/v2\/product"}],"about":[{"href":"https:\/\/pracek.si\/racunalniskatrgovina\/wp-json\/wp\/v2\/types\/product"}],"version-history":[{"count":0,"href":"https:\/\/pracek.si\/racunalniskatrgovina\/wp-json\/wp\/v2\/product\/58721\/revisions"}],"wp:featuredmedia":[{"embeddable":true,"href":"https:\/\/pracek.si\/racunalniskatrgovina\/wp-json\/wp\/v2\/media\/48570"}],"wp:attachment":[{"href":"https:\/\/pracek.si\/racunalniskatrgovina\/wp-json\/wp\/v2\/media?parent=58721"}],"wp:term":[{"taxonomy":"product_brand","embeddable":true,"href":"https:\/\/pracek.si\/racunalniskatrgovina\/wp-json\/wp\/v2\/product_brand?post=58721"},{"taxonomy":"product_cat","embeddable":true,"href":"https:\/\/pracek.si\/racunalniskatrgovina\/wp-json\/wp\/v2\/product_cat?post=58721"},{"taxonomy":"product_tag","embeddable":true,"href":"https:\/\/pracek.si\/racunalniskatrgovina\/wp-json\/wp\/v2\/product_tag?post=58721"}],"curies":[{"name":"wp","href":"https:\/\/api.w.org\/{rel}","templated":true}]}}