{"id":58730,"date":"2025-07-31T14:46:38","date_gmt":"2025-07-31T13:46:38","guid":{"rendered":"https:\/\/pracek.si\/racunalniskatrgovina\/?post_type=product&#038;p=58730"},"modified":"2025-07-31T14:49:56","modified_gmt":"2025-07-31T13:49:56","slug":"zamenjava-lcd-pokrova-z-zgornjim-pokrovom-za-fujitsu-lifebook-a531-ah512-ah531-cp515924-01","status":"publish","type":"product","link":"https:\/\/pracek.si\/racunalniskatrgovina\/izdelek\/zamenjava-lcd-pokrova-z-zgornjim-pokrovom-za-fujitsu-lifebook-a531-ah512-ah531-cp515924-01\/","title":{"rendered":"Zamenjava LCD pokrova z zgornjim pokrovom za Fujitsu Lifebook A531 AH512 AH531 CP515924-01"},"content":{"rendered":"<p>Nadgradite svoj Fujitsu Lifebook A531 AH512 AH531 s tem nadomestnim pokrovom za zgornji pokrov LCD. Ta prevleka, izdelana z natan\u010dnostjo, \u0161tevilka dela CP515924-01, zagotavlja brezhibno prileganje. Resni\u010dne fotografije zagotavljajo, da to, kar vidite, dobite. Potrebujete pomo\u010d? Za strokovno vodstvo mi po\u0161ljite sporo\u010dilo. Izbolj\u0161ajte estetiko svojega prenosnika zdaj!<\/p>\n","protected":false},"excerpt":{"rendered":"<p>Preoblikujte svoj Fujitsu Lifebook A531 AH512 AH531 s tem visokokakovostnim nadomestnim pokrovom LCD z zgornjim pokrovom. Ta prevleka (\u0161tevilka dela: CP515924-01), izdelana do popolnosti, zagotavlja brezhibno prileganje in vrhunsko vzdr\u017eljivost. Prave fotografije veliko povedo o njegovem elegantnem dizajnu in natan\u010dni konstrukciji.<\/p>\n<p>Izkusite namestitev brez te\u017eav, \u010deprav navodila niso prilo\u017eena. \u010ce potrebujete dodatna navodila ali imate kakr\u0161na koli vpra\u0161anja, se obrnite na nas. Izbolj\u0161ajte estetiko svoje naprave in hkrati za\u0161\u010ditite LCD s tem pokrovom zgornjega pokrova.<\/p>\n<p>Narejen za tiste, ki cenijo stil in funkcionalnost, je ta nadomestni ovitek obvezen za vsakogar, ki \u017eeli prenoviti svoj Fujitsu Lifebook. Izbolj\u0161ajte videz svoje naprave in zagotovite njeno dolgo \u017eivljenjsko dobo s tem nadomestnim pokrovom za zgornji pokrov LCD. Brez te\u017eav nadgradite svoj prenosnik in u\u017eivajte v osve\u017eenem videzu s tem ovitkom vrhunske kakovosti.<\/p>\n","protected":false},"featured_media":48580,"template":"","meta":[],"product_brand":[],"product_cat":[2051],"product_tag":[2063,1818],"class_list":{"0":"post-58730","1":"product","2":"type-product","3":"status-publish","4":"has-post-thumbnail","6":"product_cat-ohisje-prenosnika","7":"product_tag-fujitsu","8":"product_tag-rezervni-deli","10":"first","11":"instock","12":"taxable","13":"shipping-taxable","14":"purchasable","15":"product-type-simple"},"_links":{"self":[{"href":"https:\/\/pracek.si\/racunalniskatrgovina\/wp-json\/wp\/v2\/product\/58730","targetHints":{"allow":["GET"]}}],"collection":[{"href":"https:\/\/pracek.si\/racunalniskatrgovina\/wp-json\/wp\/v2\/product"}],"about":[{"href":"https:\/\/pracek.si\/racunalniskatrgovina\/wp-json\/wp\/v2\/types\/product"}],"version-history":[{"count":0,"href":"https:\/\/pracek.si\/racunalniskatrgovina\/wp-json\/wp\/v2\/product\/58730\/revisions"}],"wp:featuredmedia":[{"embeddable":true,"href":"https:\/\/pracek.si\/racunalniskatrgovina\/wp-json\/wp\/v2\/media\/48580"}],"wp:attachment":[{"href":"https:\/\/pracek.si\/racunalniskatrgovina\/wp-json\/wp\/v2\/media?parent=58730"}],"wp:term":[{"taxonomy":"product_brand","embeddable":true,"href":"https:\/\/pracek.si\/racunalniskatrgovina\/wp-json\/wp\/v2\/product_brand?post=58730"},{"taxonomy":"product_cat","embeddable":true,"href":"https:\/\/pracek.si\/racunalniskatrgovina\/wp-json\/wp\/v2\/product_cat?post=58730"},{"taxonomy":"product_tag","embeddable":true,"href":"https:\/\/pracek.si\/racunalniskatrgovina\/wp-json\/wp\/v2\/product_tag?post=58730"}],"curies":[{"name":"wp","href":"https:\/\/api.w.org\/{rel}","templated":true}]}}