{"id":58732,"date":"2025-07-31T14:46:39","date_gmt":"2025-07-31T13:46:39","guid":{"rendered":"https:\/\/pracek.si\/racunalniskatrgovina\/?post_type=product&#038;p=58732"},"modified":"2026-02-27T08:31:32","modified_gmt":"2026-02-27T07:31:32","slug":"fujitsu-lifebook-a531-ah512-a531-gumb-za-vklop-tecaji-pokrova-okvir-cp515527-01","status":"publish","type":"product","link":"https:\/\/pracek.si\/racunalniskatrgovina\/izdelek\/fujitsu-lifebook-a531-ah512-a531-gumb-za-vklop-tecaji-pokrova-okvir-cp515527-01\/","title":{"rendered":"Fujitsu Lifebook A531 AH512 A531 Gumb za vklop Te\u010daji pokrova Okvir CP515527-01"},"content":{"rendered":"<p>Izbolj\u0161ajte svoj Fujitsu Lifebook A531 AH512 A531 s tem pristnim pokrovom te\u010daja gumba za vklop. S priro\u010dnim gumbom za vklop in okvirjem ta del (\u0161tevilka dela: CP515527-01) brezhibno zdru\u017euje stil in funkcionalnost. Oglejte si resni\u010dne fotografije za podrobnej\u0161i pogled. Potrebujete pomo\u010d pri namestitvi? Za strokovno podporo mi po\u0161ljite sporo\u010dilo.<\/p>\n","protected":false},"excerpt":{"rendered":"<p>Izbolj\u0161ajte funkcionalnost in estetiko va\u0161ega Fujitsu Lifebook A531 AH512 A531 s tem visokokakovostnim pokrovom te\u010daja gumba za vklop. Ta trim Bezel, oblikovan do popolnosti, je opremljen s priro\u010dnim gumbom za vklop, ki zagotavlja enostaven dostop in upravljanje. \u0160tevilka dela CP515527-01 zagotavlja zdru\u017eljivost in brezhibno integracijo z va\u0161o napravo.<\/p>\n<p>Natan\u010dno izdelan pokrov te\u010daja ni le nadomestni del, temve\u010d bistvena komponenta za ohranjanje va\u0161ega prenosnika v odli\u010dnem stanju. Ponujene resni\u010dne fotografije vam dajejo jasno sliko o tem, kaj lahko pri\u010dakujete, in zagotavljajo izku\u0161njo nakupa brez te\u017eav.<\/p>\n<p>Upo\u0161tevajte, da niso na voljo nobena navodila za zamenjavo delov. \u010ce pa potrebujete dodatno pomo\u010d ali imate kakr\u0161na koli vpra\u0161anja o izdelku, se obrnite na nas. Nadgradite svoj prenosnik s tem pokrovom te\u010dajev gumba za vklop in u\u017eivajte v izbolj\u0161ani funkcionalnosti in slogu v enem elegantnem paketu.<\/p>\n","protected":false},"featured_media":48592,"template":"","meta":[],"product_brand":[],"product_cat":[2051],"product_tag":[2063,1818],"class_list":{"0":"post-58732","1":"product","2":"type-product","3":"status-publish","4":"has-post-thumbnail","6":"product_cat-ohisje-prenosnika","7":"product_tag-fujitsu","8":"product_tag-rezervni-deli","10":"first","11":"outofstock","12":"taxable","13":"shipping-taxable","14":"purchasable","15":"product-type-simple"},"_links":{"self":[{"href":"https:\/\/pracek.si\/racunalniskatrgovina\/wp-json\/wp\/v2\/product\/58732","targetHints":{"allow":["GET"]}}],"collection":[{"href":"https:\/\/pracek.si\/racunalniskatrgovina\/wp-json\/wp\/v2\/product"}],"about":[{"href":"https:\/\/pracek.si\/racunalniskatrgovina\/wp-json\/wp\/v2\/types\/product"}],"version-history":[{"count":0,"href":"https:\/\/pracek.si\/racunalniskatrgovina\/wp-json\/wp\/v2\/product\/58732\/revisions"}],"wp:featuredmedia":[{"embeddable":true,"href":"https:\/\/pracek.si\/racunalniskatrgovina\/wp-json\/wp\/v2\/media\/48592"}],"wp:attachment":[{"href":"https:\/\/pracek.si\/racunalniskatrgovina\/wp-json\/wp\/v2\/media?parent=58732"}],"wp:term":[{"taxonomy":"product_brand","embeddable":true,"href":"https:\/\/pracek.si\/racunalniskatrgovina\/wp-json\/wp\/v2\/product_brand?post=58732"},{"taxonomy":"product_cat","embeddable":true,"href":"https:\/\/pracek.si\/racunalniskatrgovina\/wp-json\/wp\/v2\/product_cat?post=58732"},{"taxonomy":"product_tag","embeddable":true,"href":"https:\/\/pracek.si\/racunalniskatrgovina\/wp-json\/wp\/v2\/product_tag?post=58732"}],"curies":[{"name":"wp","href":"https:\/\/api.w.org\/{rel}","templated":true}]}}