{"id":59197,"date":"2025-07-31T15:39:33","date_gmt":"2025-07-31T14:39:33","guid":{"rendered":"https:\/\/pracek.si\/racunalniskatrgovina\/?post_type=product&#038;p=59197"},"modified":"2026-02-06T14:27:02","modified_gmt":"2026-02-06T13:27:02","slug":"zamenjava-wifi-kartice-dell-latitude-e5530n-za-prenosnik-86rr6-086rr6-cn-086rr6","status":"publish","type":"product","link":"https:\/\/pracek.si\/racunalniskatrgovina\/izdelek\/zamenjava-wifi-kartice-dell-latitude-e5530n-za-prenosnik-86rr6-086rr6-cn-086rr6\/","title":{"rendered":"Zamenjava WiFi kartice Dell Latitude E5530N za prenosnik 86RR6 086RR6 CN-086RR6"},"content":{"rendered":"<p>WiFi kartica za Dell Latitude E5530 (86RR6 086RR6 CN-086RR6). Ta pristna nadomestna kartica obnovi brez\u017ei\u010dno povezljivost va\u0161ega prenosnika Dell ter nudi zanesljivo in stabilno delovanje.<\/p>\n","protected":false},"excerpt":{"rendered":"<p>WiFi kartica za Dell Latitude E5530 (86RR6 086RR6 CN-086RR6)<\/p>\n<p>Zagotovite, da bo va\u0161 Dell Latitude E5530 ostal povezan s to pristno kartico WiFi. Ne glede na to, ali zamenjate pokvarjeno kartico ali nadgrajujete, ta komponenta zagotavlja stabilno in zanesljivo brez\u017ei\u010dno povezljivost.<\/p>\n<p>Lastnosti izdelka:<\/p>\n<p>&#8211; **Zdru\u017eljivost:** Posebej zasnovano za model prenosnika Dell Latitude E5530.<\/p>\n<p>&#8211; **\u0160tevilke delov:** 86RR6, 086RR6, CN-086RR6.<\/p>\n<p>&#8211; **Funkcionalnost:** Zamenja nedelujo\u010do kartico WiFi za obnovitev zmogljivosti brez\u017ei\u010dnega omre\u017eja.<\/p>\n<p>&#8211; **Fotografije:** Slike na tem seznamu so dejanske kartice WiFi, ki jo boste prejeli, tako da lahko preverite njeno stanje.<\/p>\n<p>Zakaj izbrati to WiFi kartico?<\/p>\n<p>&#8211; **Obnovi povezljivost:** Popolna re\u0161itev za odpravljanje te\u017eav z WiFi v va\u0161em Dell Latitude E5530.<\/p>\n<p>&#8211; **Neposredna zamenjava:** Enostavna namestitev, dodatne spremembe niso potrebne.<\/p>\n<p>&#8211; **Globalno po\u0161iljanje:** Ponujamo po\u0161iljanje po vsem svetu s poudarkom na Evropi.<\/p>\n<p>Upo\u0161tevajte, da navodila za namestitev niso prilo\u017eena. \u010ce potrebujete pomo\u010d pri namestitvi, se obrnite na nas za podporo.<\/p>\n<p>**Pomembno:** Fotografije v tem seznamu prikazujejo to\u010dno tisto kartico WiFi, ki jo boste prejeli, kar zagotavlja preglednost stanja izdelka.<\/p>\n","protected":false},"featured_media":49361,"template":"","meta":[],"product_brand":[],"product_cat":[2062],"product_tag":[2052,1818],"class_list":{"0":"post-59197","1":"product","2":"type-product","3":"status-publish","4":"has-post-thumbnail","6":"product_cat-maticne-plosce-in-deli-plosc","7":"product_tag-dell","8":"product_tag-rezervni-deli","10":"first","11":"instock","12":"taxable","13":"shipping-taxable","14":"purchasable","15":"product-type-simple"},"_links":{"self":[{"href":"https:\/\/pracek.si\/racunalniskatrgovina\/wp-json\/wp\/v2\/product\/59197","targetHints":{"allow":["GET"]}}],"collection":[{"href":"https:\/\/pracek.si\/racunalniskatrgovina\/wp-json\/wp\/v2\/product"}],"about":[{"href":"https:\/\/pracek.si\/racunalniskatrgovina\/wp-json\/wp\/v2\/types\/product"}],"version-history":[{"count":0,"href":"https:\/\/pracek.si\/racunalniskatrgovina\/wp-json\/wp\/v2\/product\/59197\/revisions"}],"wp:featuredmedia":[{"embeddable":true,"href":"https:\/\/pracek.si\/racunalniskatrgovina\/wp-json\/wp\/v2\/media\/49361"}],"wp:attachment":[{"href":"https:\/\/pracek.si\/racunalniskatrgovina\/wp-json\/wp\/v2\/media?parent=59197"}],"wp:term":[{"taxonomy":"product_brand","embeddable":true,"href":"https:\/\/pracek.si\/racunalniskatrgovina\/wp-json\/wp\/v2\/product_brand?post=59197"},{"taxonomy":"product_cat","embeddable":true,"href":"https:\/\/pracek.si\/racunalniskatrgovina\/wp-json\/wp\/v2\/product_cat?post=59197"},{"taxonomy":"product_tag","embeddable":true,"href":"https:\/\/pracek.si\/racunalniskatrgovina\/wp-json\/wp\/v2\/product_tag?post=59197"}],"curies":[{"name":"wp","href":"https:\/\/api.w.org\/{rel}","templated":true}]}}